{"id":12315,"date":"2026-03-17T17:03:29","date_gmt":"2026-03-17T20:03:29","guid":{"rendered":"https:\/\/devtestemangue.com.br\/valber\/ana-rique\/?post_type=product&#038;p=12315"},"modified":"2026-03-19T15:02:40","modified_gmt":"2026-03-19T18:02:40","slug":"fisioterapia-pulmonar-exercitador-respiracao-shaker-new","status":"publish","type":"product","link":"https:\/\/anarique.net\/en\/product\/fisioterapia-pulmonar-exercitador-respiracao-shaker-new\/","title":{"rendered":"Fisioterapia Pulmonar Exercitador Respira\u00e7\u00e3o Shaker New"},"content":{"rendered":"<p class=\"QN2lPu\">Shaker New -Fisioterapia Pulmonar Exercitador Respira\u00e7\u00e3o<\/p>\n<p class=\"QN2lPu\">&#8211; PRODUTO ORIGINAL COM ANVISA<\/p>\n<p class=\"QN2lPu\">&#8211; COM NOTA FISCAL<\/p>\n<p>&nbsp;<\/p>\n<p class=\"QN2lPu\">Principais benef\u00edcios do SHAKER NEW:<\/p>\n<p class=\"QN2lPu\">&#8211; Produz vibra\u00e7\u00f5es na caixa tor\u00e1cica;<\/p>\n<p class=\"QN2lPu\">&#8211; Mobiliza as secre\u00e7\u00f5es;<\/p>\n<p class=\"QN2lPu\">&#8211; Facilita a expectora\u00e7\u00e3o.<\/p>\n<p class=\"QN2lPu\">&#8211; Produz vibra\u00e7\u00f5es na caixa tor\u00e1cica;<\/p>\n<p class=\"QN2lPu\">&#8211; Mobiliza as secre\u00e7\u00f5es;<\/p>\n<p class=\"QN2lPu\">&#8211; Facilita a expectora\u00e7\u00e3o;<\/p>\n<p class=\"QN2lPu\">&#8211; Reduz a dispneia (falta de ar);<\/p>\n<p class=\"QN2lPu\">&#8211; Auxilia na preven\u00e7\u00e3o de doen\u00e7as bronco-pulmonares;<\/p>\n<p class=\"QN2lPu\">&#8211; Restabelece as fun\u00e7\u00f5es pulmonares;&#8221;Drug free&#8221;;<\/p>\n<p class=\"QN2lPu\">&#8211; Resultados imediatos;<\/p>\n<p class=\"QN2lPu\">&#8211; Tamb\u00e9m indicado para quadros de hipersecre\u00e7\u00e3o associados a infec\u00e7\u00f5es pulmonares, asma, bronquites, enfisema e bronquiectasias.<\/p>\n<p class=\"QN2lPu\">\n<p class=\"QN2lPu\">O Shaker New \u00e9 um exercitador respirat\u00f3rio e incentivador da higiene br\u00f4nquica de oscila\u00e7\u00e3o oral de alta frequ\u00eancia, desenvolvido para mobilizar as secre\u00e7\u00f5es pulmonares, facilitando e estimulando a expectora\u00e7\u00e3o sem o uso de medicamentos!<\/p>\n<p class=\"QN2lPu\">Exercitador respirat\u00f3rio amplamente utilizado na fonoaudiologia, trazendo benef\u00edcios como:<\/p>\n<p class=\"QN2lPu\">&#8211; Aquecimento e desaquecimento vocal;<\/p>\n<p class=\"QN2lPu\">&#8211; Melhora da disfagia (dificuldade para engolir);<\/p>\n<p class=\"QN2lPu\">&#8211; Melhora no encurtamento muscular;<\/p>\n<p class=\"QN2lPu\">&#8211; Utilizado em escolas de m\u00fasicas e corais.<\/p>\n<p class=\"QN2lPu\">&#8211; Benef\u00edcios adicionais:<\/p>\n<p class=\"QN2lPu\">&#8211; Reduz a dispneia (falta de ar);<\/p>\n<p class=\"QN2lPu\">&#8211; reduz a fadiga;<\/p>\n<p class=\"QN2lPu\">&#8211; aumenta a efici\u00eancia respirat\u00f3ria;<\/p>\n<p class=\"QN2lPu\">&#8211; f\u00e1cil de usar; &#8216;<\/p>\n<p class=\"QN2lPu\">&#8211; drug free&#8217;.<\/p>","protected":false},"excerpt":{"rendered":"<p>O Shaker New \u00e9 um exercitador respirat\u00f3rio e incentivador da higiene br\u00f4nquica de oscila\u00e7\u00e3o oral de alta frequ\u00eancia, desenvolvido para mobilizar as secre\u00e7\u00f5es pulmonares, facilitando e estimulando a expectora\u00e7\u00e3o sem o uso de medicamentos!<\/p>","protected":false},"featured_media":12316,"comment_status":"open","ping_status":"closed","template":"","meta":[],"product_brand":[477],"product_cat":[479,493,478],"product_tag":[481,483,482,339,268,484],"class_list":{"0":"post-12315","1":"product","2":"type-product","3":"status-publish","4":"has-post-thumbnail","6":"product_brand-ncs-do-brasil","7":"product_cat-cuidados-pessoais","8":"product_cat-recomendados","9":"product_cat-saude","10":"product_tag-cuidados-pessoais","11":"product_tag-exercitador","12":"product_tag-fisioterapia-pulmonar","13":"product_tag-respiracao","14":"product_tag-saude","15":"product_tag-shaker-new","17":"first","18":"instock","19":"shipping-taxable","20":"product-type-external"},"yoast_head":"<!-- This site is optimized with the Yoast SEO plugin v27.5 - https:\/\/yoast.com\/product\/yoast-seo-wordpress\/ -->\n<title>Fisioterapia Pulmonar Exercitador Respira\u00e7\u00e3o Shaker New - Ana Rique<\/title>\n<meta name=\"robots\" content=\"index, follow, max-snippet:-1, max-image-preview:large, max-video-preview:-1\" \/>\n<link rel=\"canonical\" href=\"https:\/\/anarique.net\/en\/product\/fisioterapia-pulmonar-exercitador-respiracao-shaker-new\/\" \/>\n<meta property=\"og:locale\" content=\"en_US\" \/>\n<meta property=\"og:type\" content=\"article\" \/>\n<meta property=\"og:title\" content=\"Fisioterapia Pulmonar Exercitador Respira\u00e7\u00e3o Shaker New - Ana Rique\" \/>\n<meta property=\"og:description\" content=\"O Shaker New \u00e9 um exercitador respirat\u00f3rio e incentivador da higiene br\u00f4nquica de oscila\u00e7\u00e3o oral de alta frequ\u00eancia, desenvolvido para mobilizar as secre\u00e7\u00f5es pulmonares, facilitando e estimulando a expectora\u00e7\u00e3o sem o uso de medicamentos!\" \/>\n<meta property=\"og:url\" content=\"https:\/\/anarique.net\/en\/product\/fisioterapia-pulmonar-exercitador-respiracao-shaker-new\/\" \/>\n<meta property=\"og:site_name\" content=\"Ana Rique\" \/>\n<meta property=\"article:publisher\" content=\"https:\/\/www.facebook.com\/ana.rique.1\" \/>\n<meta property=\"article:modified_time\" content=\"2026-03-19T18:02:40+00:00\" \/>\n<meta property=\"og:image\" content=\"https:\/\/anarique.net\/wp-content\/uploads\/2026\/03\/sg-11134201-7rblq-loip7uiaamm4a5@resize_w450_nl.webp\" \/>\n\t<meta property=\"og:image:width\" content=\"450\" \/>\n\t<meta property=\"og:image:height\" content=\"450\" \/>\n\t<meta property=\"og:image:type\" content=\"image\/webp\" \/>\n<meta name=\"twitter:card\" content=\"summary_large_image\" \/>\n<meta name=\"twitter:label1\" content=\"Est. reading time\" \/>\n\t<meta name=\"twitter:data1\" content=\"2 minutes\" \/>\n<script type=\"application\/ld+json\" class=\"yoast-schema-graph\">{\"@context\":\"https:\\\/\\\/schema.org\",\"@graph\":[{\"@type\":\"WebPage\",\"@id\":\"https:\\\/\\\/anarique.net\\\/product\\\/fisioterapia-pulmonar-exercitador-respiracao-shaker-new\\\/\",\"url\":\"https:\\\/\\\/anarique.net\\\/product\\\/fisioterapia-pulmonar-exercitador-respiracao-shaker-new\\\/\",\"name\":\"Fisioterapia Pulmonar Exercitador Respira\u00e7\u00e3o Shaker New - Ana Rique\",\"isPartOf\":{\"@id\":\"https:\\\/\\\/anarique.net\\\/#website\"},\"primaryImageOfPage\":{\"@id\":\"https:\\\/\\\/anarique.net\\\/product\\\/fisioterapia-pulmonar-exercitador-respiracao-shaker-new\\\/#primaryimage\"},\"image\":{\"@id\":\"https:\\\/\\\/anarique.net\\\/product\\\/fisioterapia-pulmonar-exercitador-respiracao-shaker-new\\\/#primaryimage\"},\"thumbnailUrl\":\"https:\\\/\\\/anarique.net\\\/wp-content\\\/uploads\\\/2026\\\/03\\\/sg-11134201-7rblq-loip7uiaamm4a5@resize_w450_nl.webp\",\"datePublished\":\"2026-03-17T20:03:29+00:00\",\"dateModified\":\"2026-03-19T18:02:40+00:00\",\"breadcrumb\":{\"@id\":\"https:\\\/\\\/anarique.net\\\/product\\\/fisioterapia-pulmonar-exercitador-respiracao-shaker-new\\\/#breadcrumb\"},\"inLanguage\":\"en-US\",\"potentialAction\":[{\"@type\":\"ReadAction\",\"target\":[\"https:\\\/\\\/anarique.net\\\/product\\\/fisioterapia-pulmonar-exercitador-respiracao-shaker-new\\\/\"]}]},{\"@type\":\"ImageObject\",\"inLanguage\":\"en-US\",\"@id\":\"https:\\\/\\\/anarique.net\\\/product\\\/fisioterapia-pulmonar-exercitador-respiracao-shaker-new\\\/#primaryimage\",\"url\":\"https:\\\/\\\/anarique.net\\\/wp-content\\\/uploads\\\/2026\\\/03\\\/sg-11134201-7rblq-loip7uiaamm4a5@resize_w450_nl.webp\",\"contentUrl\":\"https:\\\/\\\/anarique.net\\\/wp-content\\\/uploads\\\/2026\\\/03\\\/sg-11134201-7rblq-loip7uiaamm4a5@resize_w450_nl.webp\",\"width\":450,\"height\":450},{\"@type\":\"BreadcrumbList\",\"@id\":\"https:\\\/\\\/anarique.net\\\/product\\\/fisioterapia-pulmonar-exercitador-respiracao-shaker-new\\\/#breadcrumb\",\"itemListElement\":[{\"@type\":\"ListItem\",\"position\":1,\"name\":\"In\u00edcio\",\"item\":\"https:\\\/\\\/anarique.net\\\/\"},{\"@type\":\"ListItem\",\"position\":2,\"name\":\"Nossos Produtos\",\"item\":\"https:\\\/\\\/anarique.net\\\/shop\\\/\"},{\"@type\":\"ListItem\",\"position\":3,\"name\":\"Fisioterapia Pulmonar Exercitador Respira\u00e7\u00e3o Shaker New\"}]},{\"@type\":\"WebSite\",\"@id\":\"https:\\\/\\\/anarique.net\\\/#website\",\"url\":\"https:\\\/\\\/anarique.net\\\/\",\"name\":\"Ana Rique\",\"description\":\"Psicoterapeuta, Neuropsic\u00f3loga e Fonoaudi\u00f3loga\",\"publisher\":{\"@id\":\"https:\\\/\\\/anarique.net\\\/#organization\"},\"potentialAction\":[{\"@type\":\"SearchAction\",\"target\":{\"@type\":\"EntryPoint\",\"urlTemplate\":\"https:\\\/\\\/anarique.net\\\/?s={search_term_string}\"},\"query-input\":{\"@type\":\"PropertyValueSpecification\",\"valueRequired\":true,\"valueName\":\"search_term_string\"}}],\"inLanguage\":\"en-US\"},{\"@type\":\"Organization\",\"@id\":\"https:\\\/\\\/anarique.net\\\/#organization\",\"name\":\"Ana Rique\",\"url\":\"https:\\\/\\\/anarique.net\\\/\",\"logo\":{\"@type\":\"ImageObject\",\"inLanguage\":\"en-US\",\"@id\":\"https:\\\/\\\/anarique.net\\\/#\\\/schema\\\/logo\\\/image\\\/\",\"url\":\"https:\\\/\\\/anarique.net\\\/wp-content\\\/uploads\\\/2022\\\/12\\\/nova-logo-ana-rique-com-texto-2.png\",\"contentUrl\":\"https:\\\/\\\/anarique.net\\\/wp-content\\\/uploads\\\/2022\\\/12\\\/nova-logo-ana-rique-com-texto-2.png\",\"width\":1085,\"height\":1402,\"caption\":\"Ana Rique\"},\"image\":{\"@id\":\"https:\\\/\\\/anarique.net\\\/#\\\/schema\\\/logo\\\/image\\\/\"},\"sameAs\":[\"https:\\\/\\\/www.facebook.com\\\/ana.rique.1\",\"https:\\\/\\\/www.instagram.com\\\/saberesdocaminhar\\\/\",\"https:\\\/\\\/www.youtube.com\\\/channel\\\/UCkkYqxoNO73Gop54ONtytWA\"]}]}<\/script>\n<!-- \/ Yoast SEO plugin. -->","yoast_head_json":{"title":"Fisioterapia Pulmonar Exercitador Respira\u00e7\u00e3o Shaker New - Ana Rique","robots":{"index":"index","follow":"follow","max-snippet":"max-snippet:-1","max-image-preview":"max-image-preview:large","max-video-preview":"max-video-preview:-1"},"canonical":"https:\/\/anarique.net\/en\/product\/fisioterapia-pulmonar-exercitador-respiracao-shaker-new\/","og_locale":"en_US","og_type":"article","og_title":"Fisioterapia Pulmonar Exercitador Respira\u00e7\u00e3o Shaker New - Ana Rique","og_description":"O Shaker New \u00e9 um exercitador respirat\u00f3rio e incentivador da higiene br\u00f4nquica de oscila\u00e7\u00e3o oral de alta frequ\u00eancia, desenvolvido para mobilizar as secre\u00e7\u00f5es pulmonares, facilitando e estimulando a expectora\u00e7\u00e3o sem o uso de medicamentos!","og_url":"https:\/\/anarique.net\/en\/product\/fisioterapia-pulmonar-exercitador-respiracao-shaker-new\/","og_site_name":"Ana Rique","article_publisher":"https:\/\/www.facebook.com\/ana.rique.1","article_modified_time":"2026-03-19T18:02:40+00:00","og_image":[{"width":450,"height":450,"url":"https:\/\/anarique.net\/wp-content\/uploads\/2026\/03\/sg-11134201-7rblq-loip7uiaamm4a5@resize_w450_nl.webp","type":"image\/webp"}],"twitter_card":"summary_large_image","twitter_misc":{"Est. reading time":"2 minutes"},"schema":{"@context":"https:\/\/schema.org","@graph":[{"@type":"WebPage","@id":"https:\/\/anarique.net\/product\/fisioterapia-pulmonar-exercitador-respiracao-shaker-new\/","url":"https:\/\/anarique.net\/product\/fisioterapia-pulmonar-exercitador-respiracao-shaker-new\/","name":"Fisioterapia Pulmonar Exercitador Respira\u00e7\u00e3o Shaker New - Ana Rique","isPartOf":{"@id":"https:\/\/anarique.net\/#website"},"primaryImageOfPage":{"@id":"https:\/\/anarique.net\/product\/fisioterapia-pulmonar-exercitador-respiracao-shaker-new\/#primaryimage"},"image":{"@id":"https:\/\/anarique.net\/product\/fisioterapia-pulmonar-exercitador-respiracao-shaker-new\/#primaryimage"},"thumbnailUrl":"https:\/\/anarique.net\/wp-content\/uploads\/2026\/03\/sg-11134201-7rblq-loip7uiaamm4a5@resize_w450_nl.webp","datePublished":"2026-03-17T20:03:29+00:00","dateModified":"2026-03-19T18:02:40+00:00","breadcrumb":{"@id":"https:\/\/anarique.net\/product\/fisioterapia-pulmonar-exercitador-respiracao-shaker-new\/#breadcrumb"},"inLanguage":"en-US","potentialAction":[{"@type":"ReadAction","target":["https:\/\/anarique.net\/product\/fisioterapia-pulmonar-exercitador-respiracao-shaker-new\/"]}]},{"@type":"ImageObject","inLanguage":"en-US","@id":"https:\/\/anarique.net\/product\/fisioterapia-pulmonar-exercitador-respiracao-shaker-new\/#primaryimage","url":"https:\/\/anarique.net\/wp-content\/uploads\/2026\/03\/sg-11134201-7rblq-loip7uiaamm4a5@resize_w450_nl.webp","contentUrl":"https:\/\/anarique.net\/wp-content\/uploads\/2026\/03\/sg-11134201-7rblq-loip7uiaamm4a5@resize_w450_nl.webp","width":450,"height":450},{"@type":"BreadcrumbList","@id":"https:\/\/anarique.net\/product\/fisioterapia-pulmonar-exercitador-respiracao-shaker-new\/#breadcrumb","itemListElement":[{"@type":"ListItem","position":1,"name":"In\u00edcio","item":"https:\/\/anarique.net\/"},{"@type":"ListItem","position":2,"name":"Nossos Produtos","item":"https:\/\/anarique.net\/shop\/"},{"@type":"ListItem","position":3,"name":"Fisioterapia Pulmonar Exercitador Respira\u00e7\u00e3o Shaker New"}]},{"@type":"WebSite","@id":"https:\/\/anarique.net\/#website","url":"https:\/\/anarique.net\/","name":"Ana Rique","description":"Psicoterapeuta, Neuropsic\u00f3loga e Fonoaudi\u00f3loga","publisher":{"@id":"https:\/\/anarique.net\/#organization"},"potentialAction":[{"@type":"SearchAction","target":{"@type":"EntryPoint","urlTemplate":"https:\/\/anarique.net\/?s={search_term_string}"},"query-input":{"@type":"PropertyValueSpecification","valueRequired":true,"valueName":"search_term_string"}}],"inLanguage":"en-US"},{"@type":"Organization","@id":"https:\/\/anarique.net\/#organization","name":"Ana Rique","url":"https:\/\/anarique.net\/","logo":{"@type":"ImageObject","inLanguage":"en-US","@id":"https:\/\/anarique.net\/#\/schema\/logo\/image\/","url":"https:\/\/anarique.net\/wp-content\/uploads\/2022\/12\/nova-logo-ana-rique-com-texto-2.png","contentUrl":"https:\/\/anarique.net\/wp-content\/uploads\/2022\/12\/nova-logo-ana-rique-com-texto-2.png","width":1085,"height":1402,"caption":"Ana Rique"},"image":{"@id":"https:\/\/anarique.net\/#\/schema\/logo\/image\/"},"sameAs":["https:\/\/www.facebook.com\/ana.rique.1","https:\/\/www.instagram.com\/saberesdocaminhar\/","https:\/\/www.youtube.com\/channel\/UCkkYqxoNO73Gop54ONtytWA"]}]}},"_links":{"self":[{"href":"https:\/\/anarique.net\/en\/wp-json\/wp\/v2\/product\/12315","targetHints":{"allow":["GET"]}}],"collection":[{"href":"https:\/\/anarique.net\/en\/wp-json\/wp\/v2\/product"}],"about":[{"href":"https:\/\/anarique.net\/en\/wp-json\/wp\/v2\/types\/product"}],"replies":[{"embeddable":true,"href":"https:\/\/anarique.net\/en\/wp-json\/wp\/v2\/comments?post=12315"}],"version-history":[{"count":1,"href":"https:\/\/anarique.net\/en\/wp-json\/wp\/v2\/product\/12315\/revisions"}],"predecessor-version":[{"id":12321,"href":"https:\/\/anarique.net\/en\/wp-json\/wp\/v2\/product\/12315\/revisions\/12321"}],"wp:featuredmedia":[{"embeddable":true,"href":"https:\/\/anarique.net\/en\/wp-json\/wp\/v2\/media\/12316"}],"wp:attachment":[{"href":"https:\/\/anarique.net\/en\/wp-json\/wp\/v2\/media?parent=12315"}],"wp:term":[{"taxonomy":"product_brand","embeddable":true,"href":"https:\/\/anarique.net\/en\/wp-json\/wp\/v2\/product_brand?post=12315"},{"taxonomy":"product_cat","embeddable":true,"href":"https:\/\/anarique.net\/en\/wp-json\/wp\/v2\/product_cat?post=12315"},{"taxonomy":"product_tag","embeddable":true,"href":"https:\/\/anarique.net\/en\/wp-json\/wp\/v2\/product_tag?post=12315"}],"curies":[{"name":"wp","href":"https:\/\/api.w.org\/{rel}","templated":true}]}}