{"id":12364,"date":"2026-03-18T11:22:36","date_gmt":"2026-03-18T14:22:36","guid":{"rendered":"https:\/\/devtestemangue.com.br\/valber\/ana-rique\/?post_type=product&#038;p=12364"},"modified":"2026-03-20T12:36:49","modified_gmt":"2026-03-20T15:36:49","slug":"rolo-de-jade-para-o-rosto-rolo-facial-de-quartzo-rosa-para-cuidados-com-a-pele-rolo-facial-de-pedra-massageador-fac","status":"publish","type":"product","link":"https:\/\/anarique.net\/en\/product\/rolo-de-jade-para-o-rosto-rolo-facial-de-quartzo-rosa-para-cuidados-com-a-pele-rolo-facial-de-pedra-massageador-fac\/","title":{"rendered":"Rolo de Jade para o Rosto"},"content":{"rendered":"<p class=\"QN2lPu\">Por favor, limpe a pele do rosto primeiro e siga a rotina normal de limpeza. Aplique produtos de cuidado da pele, como \u00f3leos essenciais, na pele. Role-o lenta e suavemente sobre a pele, come\u00e7ando pelo peito, pesco\u00e7o ou linha da mand\u00edbula e continuando at\u00e9 o rosto. Repita esses movimentos ascendentes ou descendentes de 8 a 10 vezes, ou quantas vezes forem necess\u00e1rias. Recomenda-se rolar a pedra de jade duas vezes por dia, de manh\u00e3 e \u00e0 noite. Ap\u00f3s o uso, voc\u00ea pode usar um pano limpo para limpar e secar o rolo de jade.<\/p>\n<p class=\"QN2lPu\">Ajuda os produtos de cuidado da pele a serem melhor absorvidos. Design silencioso, sem ru\u00eddos ou chiados.<\/p>\n<p class=\"QN2lPu\">Para obter uma pele mais lisa, macia e com apar\u00eancia mais jovem, voc\u00ea precisa de cuidados adicionais para fornecer \u00e0 sua pele o suporte necess\u00e1rio.<\/p>\n<p class=\"QN2lPu\">Massagem Facial Anti-Envelhecimento para Firmar a Pele e Reduzir o Incha\u00e7o nos Olhos<\/p>\n<p class=\"QN2lPu\">O rolo facial de cristal de mica pode reduzir rugas e incha\u00e7o, e pode clarear olheiras sob os olhos. Eles tamb\u00e9m estimulam o sistema linf\u00e1tico e promovem a circula\u00e7\u00e3o sangu\u00ednea. O uso regular e a longo prazo de rolos de quartzo rosa ou ferramentas de gua sha pode fechar os poros e reduzir linhas finas.<\/p>\n<p class=\"QN2lPu\">O rolo facial de jade foi projetado para ajudar a melhorar a pele e a circula\u00e7\u00e3o sangu\u00ednea, permitindo que voc\u00ea recupere a pele lisa e jovem que perdeu ao longo dos anos. Os rolos de jade ajudam a melhorar a elasticidade da pele, eliminar rugas, linhas finas e outros sinais de envelhecimento, ao mesmo tempo que promovem uma tez jovem e radiante. O rolo de massagem de jade \u00e9 fresco ao toque e tem um efeito calmante e relaxante na pele. Voc\u00ea pode refrigerar o rolo de jade para os olhos ou a placa gua sha durante a noite para obter um efeito refrescante e relaxante. Alivia a press\u00e3o nos seios nasais e atenua as dores de cabe\u00e7a tensionais.<\/p>","protected":false},"excerpt":{"rendered":"<p>O rolo facial de cristal de mica pode reduzir rugas e incha\u00e7o, e pode clarear olheiras sob os olhos. Eles tamb\u00e9m estimulam o sistema linf\u00e1tico e promovem a circula\u00e7\u00e3o sangu\u00ednea. O uso regular e a longo prazo de rolos de quartzo rosa ou ferramentas de gua sha pode fechar os poros e reduzir linhas finas.<\/p>","protected":false},"featured_media":12369,"comment_status":"open","ping_status":"closed","template":"","meta":[],"product_brand":[],"product_cat":[487,493],"product_tag":[],"class_list":{"0":"post-12364","1":"product","2":"type-product","3":"status-publish","4":"has-post-thumbnail","6":"product_cat-beleza","7":"product_cat-recomendados","9":"first","10":"instock","11":"shipping-taxable","12":"product-type-external"},"yoast_head":"<!-- This site is optimized with the Yoast SEO plugin v27.5 - https:\/\/yoast.com\/product\/yoast-seo-wordpress\/ -->\n<title>Rolo de Jade para o Rosto - Ana Rique<\/title>\n<meta name=\"robots\" content=\"index, follow, max-snippet:-1, max-image-preview:large, max-video-preview:-1\" \/>\n<link rel=\"canonical\" href=\"https:\/\/anarique.net\/en\/product\/rolo-de-jade-para-o-rosto-rolo-facial-de-quartzo-rosa-para-cuidados-com-a-pele-rolo-facial-de-pedra-massageador-fac\/\" \/>\n<meta property=\"og:locale\" content=\"en_US\" \/>\n<meta property=\"og:type\" content=\"article\" \/>\n<meta property=\"og:title\" content=\"Rolo de Jade para o Rosto - Ana Rique\" \/>\n<meta property=\"og:description\" content=\"O rolo facial de cristal de mica pode reduzir rugas e incha\u00e7o, e pode clarear olheiras sob os olhos. Eles tamb\u00e9m estimulam o sistema linf\u00e1tico e promovem a circula\u00e7\u00e3o sangu\u00ednea. O uso regular e a longo prazo de rolos de quartzo rosa ou ferramentas de gua sha pode fechar os poros e reduzir linhas finas.\" \/>\n<meta property=\"og:url\" content=\"https:\/\/anarique.net\/en\/product\/rolo-de-jade-para-o-rosto-rolo-facial-de-quartzo-rosa-para-cuidados-com-a-pele-rolo-facial-de-pedra-massageador-fac\/\" \/>\n<meta property=\"og:site_name\" content=\"Ana Rique\" \/>\n<meta property=\"article:publisher\" content=\"https:\/\/www.facebook.com\/ana.rique.1\" \/>\n<meta property=\"article:modified_time\" content=\"2026-03-20T15:36:49+00:00\" \/>\n<meta property=\"og:image\" content=\"https:\/\/anarique.net\/wp-content\/uploads\/2026\/03\/Rolo-de-Jade-para-o-Rosto5.webp\" \/>\n\t<meta property=\"og:image:width\" content=\"1024\" \/>\n\t<meta property=\"og:image:height\" content=\"1024\" \/>\n\t<meta property=\"og:image:type\" content=\"image\/webp\" \/>\n<meta name=\"twitter:card\" content=\"summary_large_image\" \/>\n<meta name=\"twitter:label1\" content=\"Est. reading time\" \/>\n\t<meta name=\"twitter:data1\" content=\"2 minutes\" \/>\n<script type=\"application\/ld+json\" class=\"yoast-schema-graph\">{\"@context\":\"https:\\\/\\\/schema.org\",\"@graph\":[{\"@type\":\"WebPage\",\"@id\":\"https:\\\/\\\/anarique.net\\\/product\\\/rolo-de-jade-para-o-rosto-rolo-facial-de-quartzo-rosa-para-cuidados-com-a-pele-rolo-facial-de-pedra-massageador-fac\\\/\",\"url\":\"https:\\\/\\\/anarique.net\\\/product\\\/rolo-de-jade-para-o-rosto-rolo-facial-de-quartzo-rosa-para-cuidados-com-a-pele-rolo-facial-de-pedra-massageador-fac\\\/\",\"name\":\"Rolo de Jade para o Rosto - Ana Rique\",\"isPartOf\":{\"@id\":\"https:\\\/\\\/anarique.net\\\/#website\"},\"primaryImageOfPage\":{\"@id\":\"https:\\\/\\\/anarique.net\\\/product\\\/rolo-de-jade-para-o-rosto-rolo-facial-de-quartzo-rosa-para-cuidados-com-a-pele-rolo-facial-de-pedra-massageador-fac\\\/#primaryimage\"},\"image\":{\"@id\":\"https:\\\/\\\/anarique.net\\\/product\\\/rolo-de-jade-para-o-rosto-rolo-facial-de-quartzo-rosa-para-cuidados-com-a-pele-rolo-facial-de-pedra-massageador-fac\\\/#primaryimage\"},\"thumbnailUrl\":\"https:\\\/\\\/anarique.net\\\/wp-content\\\/uploads\\\/2026\\\/03\\\/Rolo-de-Jade-para-o-Rosto5.webp\",\"datePublished\":\"2026-03-18T14:22:36+00:00\",\"dateModified\":\"2026-03-20T15:36:49+00:00\",\"breadcrumb\":{\"@id\":\"https:\\\/\\\/anarique.net\\\/product\\\/rolo-de-jade-para-o-rosto-rolo-facial-de-quartzo-rosa-para-cuidados-com-a-pele-rolo-facial-de-pedra-massageador-fac\\\/#breadcrumb\"},\"inLanguage\":\"en-US\",\"potentialAction\":[{\"@type\":\"ReadAction\",\"target\":[\"https:\\\/\\\/anarique.net\\\/product\\\/rolo-de-jade-para-o-rosto-rolo-facial-de-quartzo-rosa-para-cuidados-com-a-pele-rolo-facial-de-pedra-massageador-fac\\\/\"]}]},{\"@type\":\"ImageObject\",\"inLanguage\":\"en-US\",\"@id\":\"https:\\\/\\\/anarique.net\\\/product\\\/rolo-de-jade-para-o-rosto-rolo-facial-de-quartzo-rosa-para-cuidados-com-a-pele-rolo-facial-de-pedra-massageador-fac\\\/#primaryimage\",\"url\":\"https:\\\/\\\/anarique.net\\\/wp-content\\\/uploads\\\/2026\\\/03\\\/Rolo-de-Jade-para-o-Rosto5.webp\",\"contentUrl\":\"https:\\\/\\\/anarique.net\\\/wp-content\\\/uploads\\\/2026\\\/03\\\/Rolo-de-Jade-para-o-Rosto5.webp\",\"width\":1024,\"height\":1024},{\"@type\":\"BreadcrumbList\",\"@id\":\"https:\\\/\\\/anarique.net\\\/product\\\/rolo-de-jade-para-o-rosto-rolo-facial-de-quartzo-rosa-para-cuidados-com-a-pele-rolo-facial-de-pedra-massageador-fac\\\/#breadcrumb\",\"itemListElement\":[{\"@type\":\"ListItem\",\"position\":1,\"name\":\"In\u00edcio\",\"item\":\"https:\\\/\\\/anarique.net\\\/\"},{\"@type\":\"ListItem\",\"position\":2,\"name\":\"Nossos Produtos\",\"item\":\"https:\\\/\\\/anarique.net\\\/shop\\\/\"},{\"@type\":\"ListItem\",\"position\":3,\"name\":\"Rolo de Jade para o Rosto\"}]},{\"@type\":\"WebSite\",\"@id\":\"https:\\\/\\\/anarique.net\\\/#website\",\"url\":\"https:\\\/\\\/anarique.net\\\/\",\"name\":\"Ana Rique\",\"description\":\"Psicoterapeuta, Neuropsic\u00f3loga e Fonoaudi\u00f3loga\",\"publisher\":{\"@id\":\"https:\\\/\\\/anarique.net\\\/#organization\"},\"potentialAction\":[{\"@type\":\"SearchAction\",\"target\":{\"@type\":\"EntryPoint\",\"urlTemplate\":\"https:\\\/\\\/anarique.net\\\/?s={search_term_string}\"},\"query-input\":{\"@type\":\"PropertyValueSpecification\",\"valueRequired\":true,\"valueName\":\"search_term_string\"}}],\"inLanguage\":\"en-US\"},{\"@type\":\"Organization\",\"@id\":\"https:\\\/\\\/anarique.net\\\/#organization\",\"name\":\"Ana Rique\",\"url\":\"https:\\\/\\\/anarique.net\\\/\",\"logo\":{\"@type\":\"ImageObject\",\"inLanguage\":\"en-US\",\"@id\":\"https:\\\/\\\/anarique.net\\\/#\\\/schema\\\/logo\\\/image\\\/\",\"url\":\"https:\\\/\\\/anarique.net\\\/wp-content\\\/uploads\\\/2022\\\/12\\\/nova-logo-ana-rique-com-texto-2.png\",\"contentUrl\":\"https:\\\/\\\/anarique.net\\\/wp-content\\\/uploads\\\/2022\\\/12\\\/nova-logo-ana-rique-com-texto-2.png\",\"width\":1085,\"height\":1402,\"caption\":\"Ana Rique\"},\"image\":{\"@id\":\"https:\\\/\\\/anarique.net\\\/#\\\/schema\\\/logo\\\/image\\\/\"},\"sameAs\":[\"https:\\\/\\\/www.facebook.com\\\/ana.rique.1\",\"https:\\\/\\\/www.instagram.com\\\/saberesdocaminhar\\\/\",\"https:\\\/\\\/www.youtube.com\\\/channel\\\/UCkkYqxoNO73Gop54ONtytWA\"]}]}<\/script>\n<!-- \/ Yoast SEO plugin. -->","yoast_head_json":{"title":"Rolo de Jade para o Rosto - Ana Rique","robots":{"index":"index","follow":"follow","max-snippet":"max-snippet:-1","max-image-preview":"max-image-preview:large","max-video-preview":"max-video-preview:-1"},"canonical":"https:\/\/anarique.net\/en\/product\/rolo-de-jade-para-o-rosto-rolo-facial-de-quartzo-rosa-para-cuidados-com-a-pele-rolo-facial-de-pedra-massageador-fac\/","og_locale":"en_US","og_type":"article","og_title":"Rolo de Jade para o Rosto - Ana Rique","og_description":"O rolo facial de cristal de mica pode reduzir rugas e incha\u00e7o, e pode clarear olheiras sob os olhos. Eles tamb\u00e9m estimulam o sistema linf\u00e1tico e promovem a circula\u00e7\u00e3o sangu\u00ednea. O uso regular e a longo prazo de rolos de quartzo rosa ou ferramentas de gua sha pode fechar os poros e reduzir linhas finas.","og_url":"https:\/\/anarique.net\/en\/product\/rolo-de-jade-para-o-rosto-rolo-facial-de-quartzo-rosa-para-cuidados-com-a-pele-rolo-facial-de-pedra-massageador-fac\/","og_site_name":"Ana Rique","article_publisher":"https:\/\/www.facebook.com\/ana.rique.1","article_modified_time":"2026-03-20T15:36:49+00:00","og_image":[{"width":1024,"height":1024,"url":"https:\/\/anarique.net\/wp-content\/uploads\/2026\/03\/Rolo-de-Jade-para-o-Rosto5.webp","type":"image\/webp"}],"twitter_card":"summary_large_image","twitter_misc":{"Est. reading time":"2 minutes"},"schema":{"@context":"https:\/\/schema.org","@graph":[{"@type":"WebPage","@id":"https:\/\/anarique.net\/product\/rolo-de-jade-para-o-rosto-rolo-facial-de-quartzo-rosa-para-cuidados-com-a-pele-rolo-facial-de-pedra-massageador-fac\/","url":"https:\/\/anarique.net\/product\/rolo-de-jade-para-o-rosto-rolo-facial-de-quartzo-rosa-para-cuidados-com-a-pele-rolo-facial-de-pedra-massageador-fac\/","name":"Rolo de Jade para o Rosto - Ana Rique","isPartOf":{"@id":"https:\/\/anarique.net\/#website"},"primaryImageOfPage":{"@id":"https:\/\/anarique.net\/product\/rolo-de-jade-para-o-rosto-rolo-facial-de-quartzo-rosa-para-cuidados-com-a-pele-rolo-facial-de-pedra-massageador-fac\/#primaryimage"},"image":{"@id":"https:\/\/anarique.net\/product\/rolo-de-jade-para-o-rosto-rolo-facial-de-quartzo-rosa-para-cuidados-com-a-pele-rolo-facial-de-pedra-massageador-fac\/#primaryimage"},"thumbnailUrl":"https:\/\/anarique.net\/wp-content\/uploads\/2026\/03\/Rolo-de-Jade-para-o-Rosto5.webp","datePublished":"2026-03-18T14:22:36+00:00","dateModified":"2026-03-20T15:36:49+00:00","breadcrumb":{"@id":"https:\/\/anarique.net\/product\/rolo-de-jade-para-o-rosto-rolo-facial-de-quartzo-rosa-para-cuidados-com-a-pele-rolo-facial-de-pedra-massageador-fac\/#breadcrumb"},"inLanguage":"en-US","potentialAction":[{"@type":"ReadAction","target":["https:\/\/anarique.net\/product\/rolo-de-jade-para-o-rosto-rolo-facial-de-quartzo-rosa-para-cuidados-com-a-pele-rolo-facial-de-pedra-massageador-fac\/"]}]},{"@type":"ImageObject","inLanguage":"en-US","@id":"https:\/\/anarique.net\/product\/rolo-de-jade-para-o-rosto-rolo-facial-de-quartzo-rosa-para-cuidados-com-a-pele-rolo-facial-de-pedra-massageador-fac\/#primaryimage","url":"https:\/\/anarique.net\/wp-content\/uploads\/2026\/03\/Rolo-de-Jade-para-o-Rosto5.webp","contentUrl":"https:\/\/anarique.net\/wp-content\/uploads\/2026\/03\/Rolo-de-Jade-para-o-Rosto5.webp","width":1024,"height":1024},{"@type":"BreadcrumbList","@id":"https:\/\/anarique.net\/product\/rolo-de-jade-para-o-rosto-rolo-facial-de-quartzo-rosa-para-cuidados-com-a-pele-rolo-facial-de-pedra-massageador-fac\/#breadcrumb","itemListElement":[{"@type":"ListItem","position":1,"name":"In\u00edcio","item":"https:\/\/anarique.net\/"},{"@type":"ListItem","position":2,"name":"Nossos Produtos","item":"https:\/\/anarique.net\/shop\/"},{"@type":"ListItem","position":3,"name":"Rolo de Jade para o Rosto"}]},{"@type":"WebSite","@id":"https:\/\/anarique.net\/#website","url":"https:\/\/anarique.net\/","name":"Ana Rique","description":"Psicoterapeuta, Neuropsic\u00f3loga e Fonoaudi\u00f3loga","publisher":{"@id":"https:\/\/anarique.net\/#organization"},"potentialAction":[{"@type":"SearchAction","target":{"@type":"EntryPoint","urlTemplate":"https:\/\/anarique.net\/?s={search_term_string}"},"query-input":{"@type":"PropertyValueSpecification","valueRequired":true,"valueName":"search_term_string"}}],"inLanguage":"en-US"},{"@type":"Organization","@id":"https:\/\/anarique.net\/#organization","name":"Ana Rique","url":"https:\/\/anarique.net\/","logo":{"@type":"ImageObject","inLanguage":"en-US","@id":"https:\/\/anarique.net\/#\/schema\/logo\/image\/","url":"https:\/\/anarique.net\/wp-content\/uploads\/2022\/12\/nova-logo-ana-rique-com-texto-2.png","contentUrl":"https:\/\/anarique.net\/wp-content\/uploads\/2022\/12\/nova-logo-ana-rique-com-texto-2.png","width":1085,"height":1402,"caption":"Ana Rique"},"image":{"@id":"https:\/\/anarique.net\/#\/schema\/logo\/image\/"},"sameAs":["https:\/\/www.facebook.com\/ana.rique.1","https:\/\/www.instagram.com\/saberesdocaminhar\/","https:\/\/www.youtube.com\/channel\/UCkkYqxoNO73Gop54ONtytWA"]}]}},"_links":{"self":[{"href":"https:\/\/anarique.net\/en\/wp-json\/wp\/v2\/product\/12364","targetHints":{"allow":["GET"]}}],"collection":[{"href":"https:\/\/anarique.net\/en\/wp-json\/wp\/v2\/product"}],"about":[{"href":"https:\/\/anarique.net\/en\/wp-json\/wp\/v2\/types\/product"}],"replies":[{"embeddable":true,"href":"https:\/\/anarique.net\/en\/wp-json\/wp\/v2\/comments?post=12364"}],"version-history":[{"count":3,"href":"https:\/\/anarique.net\/en\/wp-json\/wp\/v2\/product\/12364\/revisions"}],"predecessor-version":[{"id":12379,"href":"https:\/\/anarique.net\/en\/wp-json\/wp\/v2\/product\/12364\/revisions\/12379"}],"wp:featuredmedia":[{"embeddable":true,"href":"https:\/\/anarique.net\/en\/wp-json\/wp\/v2\/media\/12369"}],"wp:attachment":[{"href":"https:\/\/anarique.net\/en\/wp-json\/wp\/v2\/media?parent=12364"}],"wp:term":[{"taxonomy":"product_brand","embeddable":true,"href":"https:\/\/anarique.net\/en\/wp-json\/wp\/v2\/product_brand?post=12364"},{"taxonomy":"product_cat","embeddable":true,"href":"https:\/\/anarique.net\/en\/wp-json\/wp\/v2\/product_cat?post=12364"},{"taxonomy":"product_tag","embeddable":true,"href":"https:\/\/anarique.net\/en\/wp-json\/wp\/v2\/product_tag?post=12364"}],"curies":[{"name":"wp","href":"https:\/\/api.w.org\/{rel}","templated":true}]}}