{"id":12479,"date":"2026-03-19T09:16:56","date_gmt":"2026-03-19T12:16:56","guid":{"rendered":"https:\/\/devtestemangue.com.br\/valber\/ana-rique\/?post_type=product&#038;p=12479"},"modified":"2026-03-20T12:25:29","modified_gmt":"2026-03-20T15:25:29","slug":"mini-massageador-de-olhos-vibracao-eletrica","status":"publish","type":"product","link":"https:\/\/anarique.net\/en\/product\/mini-massageador-de-olhos-vibracao-eletrica\/","title":{"rendered":"Mini Massageador De Olhos Vibra\u00e7\u00e3o El\u00e9trica"},"content":{"rendered":"<p class=\"QN2lPu\">Caracter\u00edsticas do Caracter\u00edsticas:<\/p>\n<p class=\"QN2lPu\">Massageador de olhos de vibra\u00e7\u00e3o, alivia a fadiga ocular, elimina o incha\u00e7o dos olhos e proporciona massagem calmante.<\/p>\n<p class=\"QN2lPu\">A massagem de micro choque de alta frequ\u00eancia pode promover a absor\u00e7\u00e3o de ess\u00eancia.<\/p>\n<p class=\"QN2lPu\">Equipado com 4 tipos de cabe\u00e7as de massagem e 4 fun\u00e7\u00f5es de massagem diferentes, adequadas para pe\u00e7as diferentes.<\/p>\n<p class=\"QN2lPu\">Formato compacto, f\u00e1cil de transportar.<\/p>\n<p class=\"QN2lPu\">Estimula o movimento muscular dos olhos, levanta a pele ao redor dos olhos, restaura a elasticidade muscular, reduz as linhas dos olhos e torna os olhos mais firmes e jovens.<\/p>\n<p class=\"QN2lPu\">Especifica\u00e7\u00e3o de especifica\u00e7\u00e3o:<\/p>\n<p class=\"QN2lPu\">Materiais: ABS<\/p>\n<p class=\"QN2lPu\">Tamanho: 12,5*3cm\/4.92*1,18inch<\/p>\n<p class=\"QN2lPu\">Cor de rosa, branco, ciano, azul, preto<\/p>\n<p class=\"QN2lPu\">Fonte de alimenta\u00e7\u00e3o de alimenta\u00e7\u00e3o: 1 x bateria AA (n\u00e3o inclu\u00edda)<\/p>","protected":false},"excerpt":{"rendered":"<p>Produto internacional objeto de declara\u00e7\u00e3o de importa\u00e7\u00e3o e sujeito a impostos estaduais e federais<\/p>\n<p>Mini Massageador De Olhos Vibra\u00e7\u00e3o El\u00e9trica De Linha Fina Port\u00e1til Rejuvenescimento Dom\u00e9stico Dispositivo De Beleza Q8Y7<\/p>","protected":false},"featured_media":12480,"comment_status":"open","ping_status":"closed","template":"","meta":[],"product_brand":[],"product_cat":[493],"product_tag":[],"class_list":{"0":"post-12479","1":"product","2":"type-product","3":"status-publish","4":"has-post-thumbnail","6":"product_cat-recomendados","8":"first","9":"instock","10":"shipping-taxable","11":"product-type-external"},"yoast_head":"<!-- This site is optimized with the Yoast SEO plugin v27.5 - https:\/\/yoast.com\/product\/yoast-seo-wordpress\/ -->\n<title>Mini Massageador De Olhos Vibra\u00e7\u00e3o El\u00e9trica - Ana Rique<\/title>\n<meta name=\"robots\" content=\"index, follow, max-snippet:-1, max-image-preview:large, max-video-preview:-1\" \/>\n<link rel=\"canonical\" href=\"https:\/\/anarique.net\/en\/product\/mini-massageador-de-olhos-vibracao-eletrica\/\" \/>\n<meta property=\"og:locale\" content=\"en_US\" \/>\n<meta property=\"og:type\" content=\"article\" \/>\n<meta property=\"og:title\" content=\"Mini Massageador De Olhos Vibra\u00e7\u00e3o El\u00e9trica - Ana Rique\" \/>\n<meta property=\"og:description\" content=\"Produto internacional objeto de declara\u00e7\u00e3o de importa\u00e7\u00e3o e sujeito a impostos estaduais e federais  Mini Massageador De Olhos Vibra\u00e7\u00e3o El\u00e9trica De Linha Fina Port\u00e1til Rejuvenescimento Dom\u00e9stico Dispositivo De Beleza Q8Y7\" \/>\n<meta property=\"og:url\" content=\"https:\/\/anarique.net\/en\/product\/mini-massageador-de-olhos-vibracao-eletrica\/\" \/>\n<meta property=\"og:site_name\" content=\"Ana Rique\" \/>\n<meta property=\"article:publisher\" content=\"https:\/\/www.facebook.com\/ana.rique.1\" \/>\n<meta property=\"article:modified_time\" content=\"2026-03-20T15:25:29+00:00\" \/>\n<meta property=\"og:image\" content=\"https:\/\/anarique.net\/wp-content\/uploads\/2026\/03\/Mini-Massageador-De-Olhos-Vibracao-Eletrica2.webp\" \/>\n\t<meta property=\"og:image:width\" content=\"1000\" \/>\n\t<meta property=\"og:image:height\" content=\"1000\" \/>\n\t<meta property=\"og:image:type\" content=\"image\/webp\" \/>\n<meta name=\"twitter:card\" content=\"summary_large_image\" \/>\n<meta name=\"twitter:label1\" content=\"Est. reading time\" \/>\n\t<meta name=\"twitter:data1\" content=\"1 minute\" \/>\n<script type=\"application\/ld+json\" class=\"yoast-schema-graph\">{\"@context\":\"https:\\\/\\\/schema.org\",\"@graph\":[{\"@type\":\"WebPage\",\"@id\":\"https:\\\/\\\/anarique.net\\\/product\\\/mini-massageador-de-olhos-vibracao-eletrica\\\/\",\"url\":\"https:\\\/\\\/anarique.net\\\/product\\\/mini-massageador-de-olhos-vibracao-eletrica\\\/\",\"name\":\"Mini Massageador De Olhos Vibra\u00e7\u00e3o El\u00e9trica - Ana Rique\",\"isPartOf\":{\"@id\":\"https:\\\/\\\/anarique.net\\\/#website\"},\"primaryImageOfPage\":{\"@id\":\"https:\\\/\\\/anarique.net\\\/product\\\/mini-massageador-de-olhos-vibracao-eletrica\\\/#primaryimage\"},\"image\":{\"@id\":\"https:\\\/\\\/anarique.net\\\/product\\\/mini-massageador-de-olhos-vibracao-eletrica\\\/#primaryimage\"},\"thumbnailUrl\":\"https:\\\/\\\/anarique.net\\\/wp-content\\\/uploads\\\/2026\\\/03\\\/Mini-Massageador-De-Olhos-Vibracao-Eletrica2.webp\",\"datePublished\":\"2026-03-19T12:16:56+00:00\",\"dateModified\":\"2026-03-20T15:25:29+00:00\",\"breadcrumb\":{\"@id\":\"https:\\\/\\\/anarique.net\\\/product\\\/mini-massageador-de-olhos-vibracao-eletrica\\\/#breadcrumb\"},\"inLanguage\":\"en-US\",\"potentialAction\":[{\"@type\":\"ReadAction\",\"target\":[\"https:\\\/\\\/anarique.net\\\/product\\\/mini-massageador-de-olhos-vibracao-eletrica\\\/\"]}]},{\"@type\":\"ImageObject\",\"inLanguage\":\"en-US\",\"@id\":\"https:\\\/\\\/anarique.net\\\/product\\\/mini-massageador-de-olhos-vibracao-eletrica\\\/#primaryimage\",\"url\":\"https:\\\/\\\/anarique.net\\\/wp-content\\\/uploads\\\/2026\\\/03\\\/Mini-Massageador-De-Olhos-Vibracao-Eletrica2.webp\",\"contentUrl\":\"https:\\\/\\\/anarique.net\\\/wp-content\\\/uploads\\\/2026\\\/03\\\/Mini-Massageador-De-Olhos-Vibracao-Eletrica2.webp\",\"width\":1000,\"height\":1000},{\"@type\":\"BreadcrumbList\",\"@id\":\"https:\\\/\\\/anarique.net\\\/product\\\/mini-massageador-de-olhos-vibracao-eletrica\\\/#breadcrumb\",\"itemListElement\":[{\"@type\":\"ListItem\",\"position\":1,\"name\":\"In\u00edcio\",\"item\":\"https:\\\/\\\/anarique.net\\\/\"},{\"@type\":\"ListItem\",\"position\":2,\"name\":\"Nossos Produtos\",\"item\":\"https:\\\/\\\/anarique.net\\\/shop\\\/\"},{\"@type\":\"ListItem\",\"position\":3,\"name\":\"Mini Massageador De Olhos Vibra\u00e7\u00e3o El\u00e9trica\"}]},{\"@type\":\"WebSite\",\"@id\":\"https:\\\/\\\/anarique.net\\\/#website\",\"url\":\"https:\\\/\\\/anarique.net\\\/\",\"name\":\"Ana Rique\",\"description\":\"Psicoterapeuta, Neuropsic\u00f3loga e Fonoaudi\u00f3loga\",\"publisher\":{\"@id\":\"https:\\\/\\\/anarique.net\\\/#organization\"},\"potentialAction\":[{\"@type\":\"SearchAction\",\"target\":{\"@type\":\"EntryPoint\",\"urlTemplate\":\"https:\\\/\\\/anarique.net\\\/?s={search_term_string}\"},\"query-input\":{\"@type\":\"PropertyValueSpecification\",\"valueRequired\":true,\"valueName\":\"search_term_string\"}}],\"inLanguage\":\"en-US\"},{\"@type\":\"Organization\",\"@id\":\"https:\\\/\\\/anarique.net\\\/#organization\",\"name\":\"Ana Rique\",\"url\":\"https:\\\/\\\/anarique.net\\\/\",\"logo\":{\"@type\":\"ImageObject\",\"inLanguage\":\"en-US\",\"@id\":\"https:\\\/\\\/anarique.net\\\/#\\\/schema\\\/logo\\\/image\\\/\",\"url\":\"https:\\\/\\\/anarique.net\\\/wp-content\\\/uploads\\\/2022\\\/12\\\/nova-logo-ana-rique-com-texto-2.png\",\"contentUrl\":\"https:\\\/\\\/anarique.net\\\/wp-content\\\/uploads\\\/2022\\\/12\\\/nova-logo-ana-rique-com-texto-2.png\",\"width\":1085,\"height\":1402,\"caption\":\"Ana Rique\"},\"image\":{\"@id\":\"https:\\\/\\\/anarique.net\\\/#\\\/schema\\\/logo\\\/image\\\/\"},\"sameAs\":[\"https:\\\/\\\/www.facebook.com\\\/ana.rique.1\",\"https:\\\/\\\/www.instagram.com\\\/saberesdocaminhar\\\/\",\"https:\\\/\\\/www.youtube.com\\\/channel\\\/UCkkYqxoNO73Gop54ONtytWA\"]}]}<\/script>\n<!-- \/ Yoast SEO plugin. -->","yoast_head_json":{"title":"Mini Massageador De Olhos Vibra\u00e7\u00e3o El\u00e9trica - Ana Rique","robots":{"index":"index","follow":"follow","max-snippet":"max-snippet:-1","max-image-preview":"max-image-preview:large","max-video-preview":"max-video-preview:-1"},"canonical":"https:\/\/anarique.net\/en\/product\/mini-massageador-de-olhos-vibracao-eletrica\/","og_locale":"en_US","og_type":"article","og_title":"Mini Massageador De Olhos Vibra\u00e7\u00e3o El\u00e9trica - Ana Rique","og_description":"Produto internacional objeto de declara\u00e7\u00e3o de importa\u00e7\u00e3o e sujeito a impostos estaduais e federais  Mini Massageador De Olhos Vibra\u00e7\u00e3o El\u00e9trica De Linha Fina Port\u00e1til Rejuvenescimento Dom\u00e9stico Dispositivo De Beleza Q8Y7","og_url":"https:\/\/anarique.net\/en\/product\/mini-massageador-de-olhos-vibracao-eletrica\/","og_site_name":"Ana Rique","article_publisher":"https:\/\/www.facebook.com\/ana.rique.1","article_modified_time":"2026-03-20T15:25:29+00:00","og_image":[{"width":1000,"height":1000,"url":"https:\/\/anarique.net\/wp-content\/uploads\/2026\/03\/Mini-Massageador-De-Olhos-Vibracao-Eletrica2.webp","type":"image\/webp"}],"twitter_card":"summary_large_image","twitter_misc":{"Est. reading time":"1 minute"},"schema":{"@context":"https:\/\/schema.org","@graph":[{"@type":"WebPage","@id":"https:\/\/anarique.net\/product\/mini-massageador-de-olhos-vibracao-eletrica\/","url":"https:\/\/anarique.net\/product\/mini-massageador-de-olhos-vibracao-eletrica\/","name":"Mini Massageador De Olhos Vibra\u00e7\u00e3o El\u00e9trica - Ana Rique","isPartOf":{"@id":"https:\/\/anarique.net\/#website"},"primaryImageOfPage":{"@id":"https:\/\/anarique.net\/product\/mini-massageador-de-olhos-vibracao-eletrica\/#primaryimage"},"image":{"@id":"https:\/\/anarique.net\/product\/mini-massageador-de-olhos-vibracao-eletrica\/#primaryimage"},"thumbnailUrl":"https:\/\/anarique.net\/wp-content\/uploads\/2026\/03\/Mini-Massageador-De-Olhos-Vibracao-Eletrica2.webp","datePublished":"2026-03-19T12:16:56+00:00","dateModified":"2026-03-20T15:25:29+00:00","breadcrumb":{"@id":"https:\/\/anarique.net\/product\/mini-massageador-de-olhos-vibracao-eletrica\/#breadcrumb"},"inLanguage":"en-US","potentialAction":[{"@type":"ReadAction","target":["https:\/\/anarique.net\/product\/mini-massageador-de-olhos-vibracao-eletrica\/"]}]},{"@type":"ImageObject","inLanguage":"en-US","@id":"https:\/\/anarique.net\/product\/mini-massageador-de-olhos-vibracao-eletrica\/#primaryimage","url":"https:\/\/anarique.net\/wp-content\/uploads\/2026\/03\/Mini-Massageador-De-Olhos-Vibracao-Eletrica2.webp","contentUrl":"https:\/\/anarique.net\/wp-content\/uploads\/2026\/03\/Mini-Massageador-De-Olhos-Vibracao-Eletrica2.webp","width":1000,"height":1000},{"@type":"BreadcrumbList","@id":"https:\/\/anarique.net\/product\/mini-massageador-de-olhos-vibracao-eletrica\/#breadcrumb","itemListElement":[{"@type":"ListItem","position":1,"name":"In\u00edcio","item":"https:\/\/anarique.net\/"},{"@type":"ListItem","position":2,"name":"Nossos Produtos","item":"https:\/\/anarique.net\/shop\/"},{"@type":"ListItem","position":3,"name":"Mini Massageador De Olhos Vibra\u00e7\u00e3o El\u00e9trica"}]},{"@type":"WebSite","@id":"https:\/\/anarique.net\/#website","url":"https:\/\/anarique.net\/","name":"Ana Rique","description":"Psicoterapeuta, Neuropsic\u00f3loga e Fonoaudi\u00f3loga","publisher":{"@id":"https:\/\/anarique.net\/#organization"},"potentialAction":[{"@type":"SearchAction","target":{"@type":"EntryPoint","urlTemplate":"https:\/\/anarique.net\/?s={search_term_string}"},"query-input":{"@type":"PropertyValueSpecification","valueRequired":true,"valueName":"search_term_string"}}],"inLanguage":"en-US"},{"@type":"Organization","@id":"https:\/\/anarique.net\/#organization","name":"Ana Rique","url":"https:\/\/anarique.net\/","logo":{"@type":"ImageObject","inLanguage":"en-US","@id":"https:\/\/anarique.net\/#\/schema\/logo\/image\/","url":"https:\/\/anarique.net\/wp-content\/uploads\/2022\/12\/nova-logo-ana-rique-com-texto-2.png","contentUrl":"https:\/\/anarique.net\/wp-content\/uploads\/2022\/12\/nova-logo-ana-rique-com-texto-2.png","width":1085,"height":1402,"caption":"Ana Rique"},"image":{"@id":"https:\/\/anarique.net\/#\/schema\/logo\/image\/"},"sameAs":["https:\/\/www.facebook.com\/ana.rique.1","https:\/\/www.instagram.com\/saberesdocaminhar\/","https:\/\/www.youtube.com\/channel\/UCkkYqxoNO73Gop54ONtytWA"]}]}},"_links":{"self":[{"href":"https:\/\/anarique.net\/en\/wp-json\/wp\/v2\/product\/12479","targetHints":{"allow":["GET"]}}],"collection":[{"href":"https:\/\/anarique.net\/en\/wp-json\/wp\/v2\/product"}],"about":[{"href":"https:\/\/anarique.net\/en\/wp-json\/wp\/v2\/types\/product"}],"replies":[{"embeddable":true,"href":"https:\/\/anarique.net\/en\/wp-json\/wp\/v2\/comments?post=12479"}],"version-history":[{"count":2,"href":"https:\/\/anarique.net\/en\/wp-json\/wp\/v2\/product\/12479\/revisions"}],"predecessor-version":[{"id":12482,"href":"https:\/\/anarique.net\/en\/wp-json\/wp\/v2\/product\/12479\/revisions\/12482"}],"wp:featuredmedia":[{"embeddable":true,"href":"https:\/\/anarique.net\/en\/wp-json\/wp\/v2\/media\/12480"}],"wp:attachment":[{"href":"https:\/\/anarique.net\/en\/wp-json\/wp\/v2\/media?parent=12479"}],"wp:term":[{"taxonomy":"product_brand","embeddable":true,"href":"https:\/\/anarique.net\/en\/wp-json\/wp\/v2\/product_brand?post=12479"},{"taxonomy":"product_cat","embeddable":true,"href":"https:\/\/anarique.net\/en\/wp-json\/wp\/v2\/product_cat?post=12479"},{"taxonomy":"product_tag","embeddable":true,"href":"https:\/\/anarique.net\/en\/wp-json\/wp\/v2\/product_tag?post=12479"}],"curies":[{"name":"wp","href":"https:\/\/api.w.org\/{rel}","templated":true}]}}