{"id":12508,"date":"2026-03-19T10:18:53","date_gmt":"2026-03-19T13:18:53","guid":{"rendered":"https:\/\/devtestemangue.com.br\/valber\/ana-rique\/?post_type=product&#038;p=12508"},"modified":"2026-03-20T12:21:12","modified_gmt":"2026-03-20T15:21:12","slug":"kit-tubo-de-ressonancia-lax-vox-garrafa-exercicio-vocal-presilha-lavox-tube","status":"publish","type":"product","link":"https:\/\/anarique.net\/en\/product\/kit-tubo-de-ressonancia-lax-vox-garrafa-exercicio-vocal-presilha-lavox-tube\/","title":{"rendered":"KIT TUBO DE RESSON\u00c2NCIA Lax Vox + Garrafa Exerc\u00edcio Vocal + Presilha \/ LAVOX-TUBE"},"content":{"rendered":"<p class=\"QN2lPu\">O Lavox-Tube, tamb\u00e9m conhecido como tubo de resson\u00e2ncia, para ETVSO \u00e9 um produto at\u00f3xico de silicone, com dimens\u00f5es de 13,00 X 09,00 X 350,00 mm. \u00c9 um produto nacional e possui as mesmas dimens\u00f5es do\u00a0 Lax Vox Europeu.Esse produto ajuda na ativa\u00e7\u00e3o da musculatura da voz e \u00e9 muito utilizada na\u00a0 terapia e treinamento por fonoaudi\u00f3logos, vocal coaching, cantores, dentre outros.Na terapia Fonoaudiol\u00f3gica s\u00e3o realizados exerc\u00edcios\u00a0 ETVSO (exerc\u00edcios de trato vocal semi-oclu\u00eddos), e o Lavox-Tube pode ser utilizado como um ETVSO, pois auxilia na m\u00e1xima economia de energia, tornando, o Lavox-Tube um produto utilizado para tratar a voz e tamb\u00e9m e para aquecer a voz de cantores.<\/p>\n<p class=\"QN2lPu\">Garrafa de Exerc\u00edcio Vocal<\/p>\n<p class=\"QN2lPu\">&#8211; Descri\u00e7\u00e3o do Produto<\/p>\n<p class=\"QN2lPu\">A Garrafa Aqua Bio 480 ml \u00e9 um recipiente at\u00f3xico, reutiliz\u00e1vel e sustent\u00e1vel, desenvolvida<\/p>\n<p class=\"QN2lPu\">para armazenamento de l\u00edquidos de forma segura. Seu design funcional permite o uso<\/p>\n<p class=\"QN2lPu\">associado a exerc\u00edcios vocais com tubos de resist\u00eancia de silicone, auxiliando na pr\u00e1tica do<\/p>\n<p class=\"QN2lPu\">treino vocal por meio da intera\u00e7\u00e3o com a \u00e1gua para uso educativo, preventivo e funcional no<\/p>\n<p class=\"QN2lPu\">contexto de treino vocal<\/p>","protected":false},"excerpt":{"rendered":"<p class=\"QN2lPu\">Este KIT cont\u00e9m:<\/p>\n<p class=\"QN2lPu\">1 Tubo de Resson\u00e2ncia da Marca Lavox-Tube\u00ae<\/p>\n<p class=\"QN2lPu\">1 Garrafa de Exerc\u00edcio Vocal da Marca Lavox-Tube\u00ae<\/p>\n<p class=\"QN2lPu\">1 Presilha da Marca\u00a0 Lavox-Tube\u00ae<\/p>","protected":false},"featured_media":12509,"comment_status":"open","ping_status":"closed","template":"","meta":[],"product_brand":[],"product_cat":[492,493],"product_tag":[],"class_list":{"0":"post-12508","1":"product","2":"type-product","3":"status-publish","4":"has-post-thumbnail","6":"product_cat-kit-de-ressonancia","7":"product_cat-recomendados","9":"first","10":"instock","11":"shipping-taxable","12":"product-type-external"},"yoast_head":"<!-- This site is optimized with the Yoast SEO plugin v27.5 - https:\/\/yoast.com\/product\/yoast-seo-wordpress\/ -->\n<title>KIT TUBO DE RESSON\u00c2NCIA Lax Vox + Garrafa Exerc\u00edcio Vocal + Presilha \/ LAVOX-TUBE - Ana Rique<\/title>\n<meta name=\"robots\" content=\"index, follow, max-snippet:-1, max-image-preview:large, max-video-preview:-1\" \/>\n<link rel=\"canonical\" href=\"https:\/\/anarique.net\/en\/product\/kit-tubo-de-ressonancia-lax-vox-garrafa-exercicio-vocal-presilha-lavox-tube\/\" \/>\n<meta property=\"og:locale\" content=\"en_US\" \/>\n<meta property=\"og:type\" content=\"article\" \/>\n<meta property=\"og:title\" content=\"KIT TUBO DE RESSON\u00c2NCIA Lax Vox + Garrafa Exerc\u00edcio Vocal + Presilha \/ LAVOX-TUBE - Ana Rique\" \/>\n<meta property=\"og:description\" content=\"Este KIT cont\u00e9m: 1 Tubo de Resson\u00e2ncia da Marca Lavox-Tube\u00ae 1 Garrafa de Exerc\u00edcio Vocal da Marca Lavox-Tube\u00ae 1 Presilha da Marca\u00a0 Lavox-Tube\u00ae\" \/>\n<meta property=\"og:url\" content=\"https:\/\/anarique.net\/en\/product\/kit-tubo-de-ressonancia-lax-vox-garrafa-exercicio-vocal-presilha-lavox-tube\/\" \/>\n<meta property=\"og:site_name\" content=\"Ana Rique\" \/>\n<meta property=\"article:publisher\" content=\"https:\/\/www.facebook.com\/ana.rique.1\" \/>\n<meta property=\"article:modified_time\" content=\"2026-03-20T15:21:12+00:00\" \/>\n<meta property=\"og:image\" content=\"https:\/\/anarique.net\/wp-content\/uploads\/2026\/03\/KIT-TUBO-DE-RESSONANCIA-1.webp\" \/>\n\t<meta property=\"og:image:width\" content=\"1012\" \/>\n\t<meta property=\"og:image:height\" content=\"1350\" \/>\n\t<meta property=\"og:image:type\" content=\"image\/webp\" \/>\n<meta name=\"twitter:card\" content=\"summary_large_image\" \/>\n<meta name=\"twitter:label1\" content=\"Est. reading time\" \/>\n\t<meta name=\"twitter:data1\" content=\"2 minutes\" \/>\n<script type=\"application\/ld+json\" class=\"yoast-schema-graph\">{\"@context\":\"https:\\\/\\\/schema.org\",\"@graph\":[{\"@type\":\"WebPage\",\"@id\":\"https:\\\/\\\/anarique.net\\\/product\\\/kit-tubo-de-ressonancia-lax-vox-garrafa-exercicio-vocal-presilha-lavox-tube\\\/\",\"url\":\"https:\\\/\\\/anarique.net\\\/product\\\/kit-tubo-de-ressonancia-lax-vox-garrafa-exercicio-vocal-presilha-lavox-tube\\\/\",\"name\":\"KIT TUBO DE RESSON\u00c2NCIA Lax Vox + Garrafa Exerc\u00edcio Vocal + Presilha \\\/ LAVOX-TUBE - Ana Rique\",\"isPartOf\":{\"@id\":\"https:\\\/\\\/anarique.net\\\/#website\"},\"primaryImageOfPage\":{\"@id\":\"https:\\\/\\\/anarique.net\\\/product\\\/kit-tubo-de-ressonancia-lax-vox-garrafa-exercicio-vocal-presilha-lavox-tube\\\/#primaryimage\"},\"image\":{\"@id\":\"https:\\\/\\\/anarique.net\\\/product\\\/kit-tubo-de-ressonancia-lax-vox-garrafa-exercicio-vocal-presilha-lavox-tube\\\/#primaryimage\"},\"thumbnailUrl\":\"https:\\\/\\\/anarique.net\\\/wp-content\\\/uploads\\\/2026\\\/03\\\/KIT-TUBO-DE-RESSONANCIA-1.webp\",\"datePublished\":\"2026-03-19T13:18:53+00:00\",\"dateModified\":\"2026-03-20T15:21:12+00:00\",\"breadcrumb\":{\"@id\":\"https:\\\/\\\/anarique.net\\\/product\\\/kit-tubo-de-ressonancia-lax-vox-garrafa-exercicio-vocal-presilha-lavox-tube\\\/#breadcrumb\"},\"inLanguage\":\"en-US\",\"potentialAction\":[{\"@type\":\"ReadAction\",\"target\":[\"https:\\\/\\\/anarique.net\\\/product\\\/kit-tubo-de-ressonancia-lax-vox-garrafa-exercicio-vocal-presilha-lavox-tube\\\/\"]}]},{\"@type\":\"ImageObject\",\"inLanguage\":\"en-US\",\"@id\":\"https:\\\/\\\/anarique.net\\\/product\\\/kit-tubo-de-ressonancia-lax-vox-garrafa-exercicio-vocal-presilha-lavox-tube\\\/#primaryimage\",\"url\":\"https:\\\/\\\/anarique.net\\\/wp-content\\\/uploads\\\/2026\\\/03\\\/KIT-TUBO-DE-RESSONANCIA-1.webp\",\"contentUrl\":\"https:\\\/\\\/anarique.net\\\/wp-content\\\/uploads\\\/2026\\\/03\\\/KIT-TUBO-DE-RESSONANCIA-1.webp\",\"width\":1012,\"height\":1350},{\"@type\":\"BreadcrumbList\",\"@id\":\"https:\\\/\\\/anarique.net\\\/product\\\/kit-tubo-de-ressonancia-lax-vox-garrafa-exercicio-vocal-presilha-lavox-tube\\\/#breadcrumb\",\"itemListElement\":[{\"@type\":\"ListItem\",\"position\":1,\"name\":\"In\u00edcio\",\"item\":\"https:\\\/\\\/anarique.net\\\/\"},{\"@type\":\"ListItem\",\"position\":2,\"name\":\"Nossos Produtos\",\"item\":\"https:\\\/\\\/anarique.net\\\/shop\\\/\"},{\"@type\":\"ListItem\",\"position\":3,\"name\":\"KIT TUBO DE RESSON\u00c2NCIA Lax Vox + Garrafa Exerc\u00edcio Vocal + Presilha \\\/ LAVOX-TUBE\"}]},{\"@type\":\"WebSite\",\"@id\":\"https:\\\/\\\/anarique.net\\\/#website\",\"url\":\"https:\\\/\\\/anarique.net\\\/\",\"name\":\"Ana Rique\",\"description\":\"Psicoterapeuta, Neuropsic\u00f3loga e Fonoaudi\u00f3loga\",\"publisher\":{\"@id\":\"https:\\\/\\\/anarique.net\\\/#organization\"},\"potentialAction\":[{\"@type\":\"SearchAction\",\"target\":{\"@type\":\"EntryPoint\",\"urlTemplate\":\"https:\\\/\\\/anarique.net\\\/?s={search_term_string}\"},\"query-input\":{\"@type\":\"PropertyValueSpecification\",\"valueRequired\":true,\"valueName\":\"search_term_string\"}}],\"inLanguage\":\"en-US\"},{\"@type\":\"Organization\",\"@id\":\"https:\\\/\\\/anarique.net\\\/#organization\",\"name\":\"Ana Rique\",\"url\":\"https:\\\/\\\/anarique.net\\\/\",\"logo\":{\"@type\":\"ImageObject\",\"inLanguage\":\"en-US\",\"@id\":\"https:\\\/\\\/anarique.net\\\/#\\\/schema\\\/logo\\\/image\\\/\",\"url\":\"https:\\\/\\\/anarique.net\\\/wp-content\\\/uploads\\\/2022\\\/12\\\/nova-logo-ana-rique-com-texto-2.png\",\"contentUrl\":\"https:\\\/\\\/anarique.net\\\/wp-content\\\/uploads\\\/2022\\\/12\\\/nova-logo-ana-rique-com-texto-2.png\",\"width\":1085,\"height\":1402,\"caption\":\"Ana Rique\"},\"image\":{\"@id\":\"https:\\\/\\\/anarique.net\\\/#\\\/schema\\\/logo\\\/image\\\/\"},\"sameAs\":[\"https:\\\/\\\/www.facebook.com\\\/ana.rique.1\",\"https:\\\/\\\/www.instagram.com\\\/saberesdocaminhar\\\/\",\"https:\\\/\\\/www.youtube.com\\\/channel\\\/UCkkYqxoNO73Gop54ONtytWA\"]}]}<\/script>\n<!-- \/ Yoast SEO plugin. -->","yoast_head_json":{"title":"KIT TUBO DE RESSON\u00c2NCIA Lax Vox + Garrafa Exerc\u00edcio Vocal + Presilha \/ LAVOX-TUBE - Ana Rique","robots":{"index":"index","follow":"follow","max-snippet":"max-snippet:-1","max-image-preview":"max-image-preview:large","max-video-preview":"max-video-preview:-1"},"canonical":"https:\/\/anarique.net\/en\/product\/kit-tubo-de-ressonancia-lax-vox-garrafa-exercicio-vocal-presilha-lavox-tube\/","og_locale":"en_US","og_type":"article","og_title":"KIT TUBO DE RESSON\u00c2NCIA Lax Vox + Garrafa Exerc\u00edcio Vocal + Presilha \/ LAVOX-TUBE - Ana Rique","og_description":"Este KIT cont\u00e9m: 1 Tubo de Resson\u00e2ncia da Marca Lavox-Tube\u00ae 1 Garrafa de Exerc\u00edcio Vocal da Marca Lavox-Tube\u00ae 1 Presilha da Marca\u00a0 Lavox-Tube\u00ae","og_url":"https:\/\/anarique.net\/en\/product\/kit-tubo-de-ressonancia-lax-vox-garrafa-exercicio-vocal-presilha-lavox-tube\/","og_site_name":"Ana Rique","article_publisher":"https:\/\/www.facebook.com\/ana.rique.1","article_modified_time":"2026-03-20T15:21:12+00:00","og_image":[{"width":1012,"height":1350,"url":"https:\/\/anarique.net\/wp-content\/uploads\/2026\/03\/KIT-TUBO-DE-RESSONANCIA-1.webp","type":"image\/webp"}],"twitter_card":"summary_large_image","twitter_misc":{"Est. reading time":"2 minutes"},"schema":{"@context":"https:\/\/schema.org","@graph":[{"@type":"WebPage","@id":"https:\/\/anarique.net\/product\/kit-tubo-de-ressonancia-lax-vox-garrafa-exercicio-vocal-presilha-lavox-tube\/","url":"https:\/\/anarique.net\/product\/kit-tubo-de-ressonancia-lax-vox-garrafa-exercicio-vocal-presilha-lavox-tube\/","name":"KIT TUBO DE RESSON\u00c2NCIA Lax Vox + Garrafa Exerc\u00edcio Vocal + Presilha \/ LAVOX-TUBE - Ana Rique","isPartOf":{"@id":"https:\/\/anarique.net\/#website"},"primaryImageOfPage":{"@id":"https:\/\/anarique.net\/product\/kit-tubo-de-ressonancia-lax-vox-garrafa-exercicio-vocal-presilha-lavox-tube\/#primaryimage"},"image":{"@id":"https:\/\/anarique.net\/product\/kit-tubo-de-ressonancia-lax-vox-garrafa-exercicio-vocal-presilha-lavox-tube\/#primaryimage"},"thumbnailUrl":"https:\/\/anarique.net\/wp-content\/uploads\/2026\/03\/KIT-TUBO-DE-RESSONANCIA-1.webp","datePublished":"2026-03-19T13:18:53+00:00","dateModified":"2026-03-20T15:21:12+00:00","breadcrumb":{"@id":"https:\/\/anarique.net\/product\/kit-tubo-de-ressonancia-lax-vox-garrafa-exercicio-vocal-presilha-lavox-tube\/#breadcrumb"},"inLanguage":"en-US","potentialAction":[{"@type":"ReadAction","target":["https:\/\/anarique.net\/product\/kit-tubo-de-ressonancia-lax-vox-garrafa-exercicio-vocal-presilha-lavox-tube\/"]}]},{"@type":"ImageObject","inLanguage":"en-US","@id":"https:\/\/anarique.net\/product\/kit-tubo-de-ressonancia-lax-vox-garrafa-exercicio-vocal-presilha-lavox-tube\/#primaryimage","url":"https:\/\/anarique.net\/wp-content\/uploads\/2026\/03\/KIT-TUBO-DE-RESSONANCIA-1.webp","contentUrl":"https:\/\/anarique.net\/wp-content\/uploads\/2026\/03\/KIT-TUBO-DE-RESSONANCIA-1.webp","width":1012,"height":1350},{"@type":"BreadcrumbList","@id":"https:\/\/anarique.net\/product\/kit-tubo-de-ressonancia-lax-vox-garrafa-exercicio-vocal-presilha-lavox-tube\/#breadcrumb","itemListElement":[{"@type":"ListItem","position":1,"name":"In\u00edcio","item":"https:\/\/anarique.net\/"},{"@type":"ListItem","position":2,"name":"Nossos Produtos","item":"https:\/\/anarique.net\/shop\/"},{"@type":"ListItem","position":3,"name":"KIT TUBO DE RESSON\u00c2NCIA Lax Vox + Garrafa Exerc\u00edcio Vocal + Presilha \/ LAVOX-TUBE"}]},{"@type":"WebSite","@id":"https:\/\/anarique.net\/#website","url":"https:\/\/anarique.net\/","name":"Ana Rique","description":"Psicoterapeuta, Neuropsic\u00f3loga e Fonoaudi\u00f3loga","publisher":{"@id":"https:\/\/anarique.net\/#organization"},"potentialAction":[{"@type":"SearchAction","target":{"@type":"EntryPoint","urlTemplate":"https:\/\/anarique.net\/?s={search_term_string}"},"query-input":{"@type":"PropertyValueSpecification","valueRequired":true,"valueName":"search_term_string"}}],"inLanguage":"en-US"},{"@type":"Organization","@id":"https:\/\/anarique.net\/#organization","name":"Ana Rique","url":"https:\/\/anarique.net\/","logo":{"@type":"ImageObject","inLanguage":"en-US","@id":"https:\/\/anarique.net\/#\/schema\/logo\/image\/","url":"https:\/\/anarique.net\/wp-content\/uploads\/2022\/12\/nova-logo-ana-rique-com-texto-2.png","contentUrl":"https:\/\/anarique.net\/wp-content\/uploads\/2022\/12\/nova-logo-ana-rique-com-texto-2.png","width":1085,"height":1402,"caption":"Ana Rique"},"image":{"@id":"https:\/\/anarique.net\/#\/schema\/logo\/image\/"},"sameAs":["https:\/\/www.facebook.com\/ana.rique.1","https:\/\/www.instagram.com\/saberesdocaminhar\/","https:\/\/www.youtube.com\/channel\/UCkkYqxoNO73Gop54ONtytWA"]}]}},"_links":{"self":[{"href":"https:\/\/anarique.net\/en\/wp-json\/wp\/v2\/product\/12508","targetHints":{"allow":["GET"]}}],"collection":[{"href":"https:\/\/anarique.net\/en\/wp-json\/wp\/v2\/product"}],"about":[{"href":"https:\/\/anarique.net\/en\/wp-json\/wp\/v2\/types\/product"}],"replies":[{"embeddable":true,"href":"https:\/\/anarique.net\/en\/wp-json\/wp\/v2\/comments?post=12508"}],"version-history":[{"count":2,"href":"https:\/\/anarique.net\/en\/wp-json\/wp\/v2\/product\/12508\/revisions"}],"predecessor-version":[{"id":12512,"href":"https:\/\/anarique.net\/en\/wp-json\/wp\/v2\/product\/12508\/revisions\/12512"}],"wp:featuredmedia":[{"embeddable":true,"href":"https:\/\/anarique.net\/en\/wp-json\/wp\/v2\/media\/12509"}],"wp:attachment":[{"href":"https:\/\/anarique.net\/en\/wp-json\/wp\/v2\/media?parent=12508"}],"wp:term":[{"taxonomy":"product_brand","embeddable":true,"href":"https:\/\/anarique.net\/en\/wp-json\/wp\/v2\/product_brand?post=12508"},{"taxonomy":"product_cat","embeddable":true,"href":"https:\/\/anarique.net\/en\/wp-json\/wp\/v2\/product_cat?post=12508"},{"taxonomy":"product_tag","embeddable":true,"href":"https:\/\/anarique.net\/en\/wp-json\/wp\/v2\/product_tag?post=12508"}],"curies":[{"name":"wp","href":"https:\/\/api.w.org\/{rel}","templated":true}]}}