{"id":12731,"date":"2026-03-23T10:42:49","date_gmt":"2026-03-23T13:42:49","guid":{"rendered":"https:\/\/anarique.net\/?post_type=product&#038;p=12731"},"modified":"2026-03-23T10:42:49","modified_gmt":"2026-03-23T13:42:49","slug":"sentindo-na-pele-2","status":"publish","type":"product","link":"https:\/\/anarique.net\/en\/product\/sentindo-na-pele-2\/","title":{"rendered":"Sentindo na pele"},"content":{"rendered":"<p>Quando voc\u00ea me toca, eu sinto uma energia intensa percorrer todo meu corpo, assim atrav\u00e9s do seu caminhar em mim, posso em voc\u00ea caminhar suave e sutil, tranquila e serena.<\/p>\n<p>Cada vez mais voc\u00ea me faz por voc\u00ea me apaixonar, amar e transbordar em emo\u00e7\u00f5es e sensa\u00e7\u00f5es. Um encontro \u00fanico e sem igual, onde o sexo \u00e9 muito mais que carnal. Essa hist\u00f3ria \u00e9 minha e sua, onde me coloco totalmente de corpo e alma nua.<\/p>\n<p>Sem cobran\u00e7as e sem limites, iremos juntos onde tudo se permite. Assim \u00e9 o nosso jeito de amar, continuamente um ao outro buscando cada vez mais conquistar, superando obst\u00e1culos e desafiando o infinito, pois meu amor por voc\u00ea vai al\u00e9m da libido.<\/p>\n<p>Almas que se encontram, almas que se desejam, vim nesse mundo em sua busca aqui estou desejando muito mais que um beijo. E, SENTINDO NA PELE voc\u00ea, me fortale\u00e7o em cada amanhecer.<\/p>","protected":false},"excerpt":{"rendered":"<p>Quando voc\u00ea me toca, eu sinto uma energia intensa percorrer todo meu corpo, assim atrav\u00e9s do seu caminhar em mim, posso em voc\u00ea caminhar suave e sutil, tranquila e serena.<\/p>","protected":false},"featured_media":12733,"comment_status":"open","ping_status":"closed","template":"","meta":[],"product_brand":[497],"product_cat":[109],"product_tag":[77],"class_list":{"0":"post-12731","1":"product","2":"type-product","3":"status-publish","4":"has-post-thumbnail","6":"product_brand-editora-viseu","7":"product_cat-livros","8":"product_tag-ebook","10":"first","11":"instock","12":"shipping-taxable","13":"product-type-external"},"yoast_head":"<!-- This site is optimized with the Yoast SEO plugin v27.4 - https:\/\/yoast.com\/product\/yoast-seo-wordpress\/ -->\n<title>Sentindo na pele - Ana Rique<\/title>\n<meta name=\"robots\" content=\"index, follow, max-snippet:-1, max-image-preview:large, max-video-preview:-1\" \/>\n<link rel=\"canonical\" href=\"https:\/\/anarique.net\/en\/product\/sentindo-na-pele-2\/\" \/>\n<meta property=\"og:locale\" content=\"en_US\" \/>\n<meta property=\"og:type\" content=\"article\" \/>\n<meta property=\"og:title\" content=\"Sentindo na pele - Ana Rique\" \/>\n<meta property=\"og:description\" content=\"Quando voc\u00ea me toca, eu sinto uma energia intensa percorrer todo meu corpo, assim atrav\u00e9s do seu caminhar em mim, posso em voc\u00ea caminhar suave e sutil, tranquila e serena.\" \/>\n<meta property=\"og:url\" content=\"https:\/\/anarique.net\/en\/product\/sentindo-na-pele-2\/\" \/>\n<meta property=\"og:site_name\" content=\"Ana Rique\" \/>\n<meta property=\"article:publisher\" content=\"https:\/\/www.facebook.com\/ana.rique.1\" \/>\n<meta property=\"og:image\" content=\"https:\/\/anarique.net\/wp-content\/uploads\/2026\/03\/NRT-2829-000_detail1.jpg\" \/>\n\t<meta property=\"og:image:width\" content=\"530\" \/>\n\t<meta property=\"og:image:height\" content=\"799\" \/>\n\t<meta property=\"og:image:type\" content=\"image\/jpeg\" \/>\n<meta name=\"twitter:card\" content=\"summary_large_image\" \/>\n<meta name=\"twitter:label1\" content=\"Est. reading time\" \/>\n\t<meta name=\"twitter:data1\" content=\"2 minutes\" \/>\n<script type=\"application\/ld+json\" class=\"yoast-schema-graph\">{\"@context\":\"https:\\\/\\\/schema.org\",\"@graph\":[{\"@type\":\"WebPage\",\"@id\":\"https:\\\/\\\/anarique.net\\\/product\\\/sentindo-na-pele-2\\\/\",\"url\":\"https:\\\/\\\/anarique.net\\\/product\\\/sentindo-na-pele-2\\\/\",\"name\":\"Sentindo na pele - Ana Rique\",\"isPartOf\":{\"@id\":\"https:\\\/\\\/anarique.net\\\/#website\"},\"primaryImageOfPage\":{\"@id\":\"https:\\\/\\\/anarique.net\\\/product\\\/sentindo-na-pele-2\\\/#primaryimage\"},\"image\":{\"@id\":\"https:\\\/\\\/anarique.net\\\/product\\\/sentindo-na-pele-2\\\/#primaryimage\"},\"thumbnailUrl\":\"https:\\\/\\\/anarique.net\\\/wp-content\\\/uploads\\\/2026\\\/03\\\/NRT-2829-000_detail1.jpg\",\"datePublished\":\"2026-03-23T13:42:49+00:00\",\"breadcrumb\":{\"@id\":\"https:\\\/\\\/anarique.net\\\/product\\\/sentindo-na-pele-2\\\/#breadcrumb\"},\"inLanguage\":\"en-US\",\"potentialAction\":[{\"@type\":\"ReadAction\",\"target\":[\"https:\\\/\\\/anarique.net\\\/product\\\/sentindo-na-pele-2\\\/\"]}]},{\"@type\":\"ImageObject\",\"inLanguage\":\"en-US\",\"@id\":\"https:\\\/\\\/anarique.net\\\/product\\\/sentindo-na-pele-2\\\/#primaryimage\",\"url\":\"https:\\\/\\\/anarique.net\\\/wp-content\\\/uploads\\\/2026\\\/03\\\/NRT-2829-000_detail1.jpg\",\"contentUrl\":\"https:\\\/\\\/anarique.net\\\/wp-content\\\/uploads\\\/2026\\\/03\\\/NRT-2829-000_detail1.jpg\",\"width\":530,\"height\":799},{\"@type\":\"BreadcrumbList\",\"@id\":\"https:\\\/\\\/anarique.net\\\/product\\\/sentindo-na-pele-2\\\/#breadcrumb\",\"itemListElement\":[{\"@type\":\"ListItem\",\"position\":1,\"name\":\"In\u00edcio\",\"item\":\"https:\\\/\\\/anarique.net\\\/\"},{\"@type\":\"ListItem\",\"position\":2,\"name\":\"Nossos Produtos\",\"item\":\"https:\\\/\\\/anarique.net\\\/shop\\\/\"},{\"@type\":\"ListItem\",\"position\":3,\"name\":\"Sentindo na pele\"}]},{\"@type\":\"WebSite\",\"@id\":\"https:\\\/\\\/anarique.net\\\/#website\",\"url\":\"https:\\\/\\\/anarique.net\\\/\",\"name\":\"Ana Rique\",\"description\":\"Psicoterapeuta, Neuropsic\u00f3loga e Fonoaudi\u00f3loga\",\"publisher\":{\"@id\":\"https:\\\/\\\/anarique.net\\\/#organization\"},\"potentialAction\":[{\"@type\":\"SearchAction\",\"target\":{\"@type\":\"EntryPoint\",\"urlTemplate\":\"https:\\\/\\\/anarique.net\\\/?s={search_term_string}\"},\"query-input\":{\"@type\":\"PropertyValueSpecification\",\"valueRequired\":true,\"valueName\":\"search_term_string\"}}],\"inLanguage\":\"en-US\"},{\"@type\":\"Organization\",\"@id\":\"https:\\\/\\\/anarique.net\\\/#organization\",\"name\":\"Ana Rique\",\"url\":\"https:\\\/\\\/anarique.net\\\/\",\"logo\":{\"@type\":\"ImageObject\",\"inLanguage\":\"en-US\",\"@id\":\"https:\\\/\\\/anarique.net\\\/#\\\/schema\\\/logo\\\/image\\\/\",\"url\":\"https:\\\/\\\/anarique.net\\\/wp-content\\\/uploads\\\/2022\\\/12\\\/nova-logo-ana-rique-com-texto-2.png\",\"contentUrl\":\"https:\\\/\\\/anarique.net\\\/wp-content\\\/uploads\\\/2022\\\/12\\\/nova-logo-ana-rique-com-texto-2.png\",\"width\":1085,\"height\":1402,\"caption\":\"Ana Rique\"},\"image\":{\"@id\":\"https:\\\/\\\/anarique.net\\\/#\\\/schema\\\/logo\\\/image\\\/\"},\"sameAs\":[\"https:\\\/\\\/www.facebook.com\\\/ana.rique.1\",\"https:\\\/\\\/www.instagram.com\\\/saberesdocaminhar\\\/\",\"https:\\\/\\\/www.youtube.com\\\/channel\\\/UCkkYqxoNO73Gop54ONtytWA\"]}]}<\/script>\n<!-- \/ Yoast SEO plugin. -->","yoast_head_json":{"title":"Sentindo na pele - Ana Rique","robots":{"index":"index","follow":"follow","max-snippet":"max-snippet:-1","max-image-preview":"max-image-preview:large","max-video-preview":"max-video-preview:-1"},"canonical":"https:\/\/anarique.net\/en\/product\/sentindo-na-pele-2\/","og_locale":"en_US","og_type":"article","og_title":"Sentindo na pele - Ana Rique","og_description":"Quando voc\u00ea me toca, eu sinto uma energia intensa percorrer todo meu corpo, assim atrav\u00e9s do seu caminhar em mim, posso em voc\u00ea caminhar suave e sutil, tranquila e serena.","og_url":"https:\/\/anarique.net\/en\/product\/sentindo-na-pele-2\/","og_site_name":"Ana Rique","article_publisher":"https:\/\/www.facebook.com\/ana.rique.1","og_image":[{"width":530,"height":799,"url":"https:\/\/anarique.net\/wp-content\/uploads\/2026\/03\/NRT-2829-000_detail1.jpg","type":"image\/jpeg"}],"twitter_card":"summary_large_image","twitter_misc":{"Est. reading time":"2 minutes"},"schema":{"@context":"https:\/\/schema.org","@graph":[{"@type":"WebPage","@id":"https:\/\/anarique.net\/product\/sentindo-na-pele-2\/","url":"https:\/\/anarique.net\/product\/sentindo-na-pele-2\/","name":"Sentindo na pele - Ana Rique","isPartOf":{"@id":"https:\/\/anarique.net\/#website"},"primaryImageOfPage":{"@id":"https:\/\/anarique.net\/product\/sentindo-na-pele-2\/#primaryimage"},"image":{"@id":"https:\/\/anarique.net\/product\/sentindo-na-pele-2\/#primaryimage"},"thumbnailUrl":"https:\/\/anarique.net\/wp-content\/uploads\/2026\/03\/NRT-2829-000_detail1.jpg","datePublished":"2026-03-23T13:42:49+00:00","breadcrumb":{"@id":"https:\/\/anarique.net\/product\/sentindo-na-pele-2\/#breadcrumb"},"inLanguage":"en-US","potentialAction":[{"@type":"ReadAction","target":["https:\/\/anarique.net\/product\/sentindo-na-pele-2\/"]}]},{"@type":"ImageObject","inLanguage":"en-US","@id":"https:\/\/anarique.net\/product\/sentindo-na-pele-2\/#primaryimage","url":"https:\/\/anarique.net\/wp-content\/uploads\/2026\/03\/NRT-2829-000_detail1.jpg","contentUrl":"https:\/\/anarique.net\/wp-content\/uploads\/2026\/03\/NRT-2829-000_detail1.jpg","width":530,"height":799},{"@type":"BreadcrumbList","@id":"https:\/\/anarique.net\/product\/sentindo-na-pele-2\/#breadcrumb","itemListElement":[{"@type":"ListItem","position":1,"name":"In\u00edcio","item":"https:\/\/anarique.net\/"},{"@type":"ListItem","position":2,"name":"Nossos Produtos","item":"https:\/\/anarique.net\/shop\/"},{"@type":"ListItem","position":3,"name":"Sentindo na pele"}]},{"@type":"WebSite","@id":"https:\/\/anarique.net\/#website","url":"https:\/\/anarique.net\/","name":"Ana Rique","description":"Psicoterapeuta, Neuropsic\u00f3loga e Fonoaudi\u00f3loga","publisher":{"@id":"https:\/\/anarique.net\/#organization"},"potentialAction":[{"@type":"SearchAction","target":{"@type":"EntryPoint","urlTemplate":"https:\/\/anarique.net\/?s={search_term_string}"},"query-input":{"@type":"PropertyValueSpecification","valueRequired":true,"valueName":"search_term_string"}}],"inLanguage":"en-US"},{"@type":"Organization","@id":"https:\/\/anarique.net\/#organization","name":"Ana Rique","url":"https:\/\/anarique.net\/","logo":{"@type":"ImageObject","inLanguage":"en-US","@id":"https:\/\/anarique.net\/#\/schema\/logo\/image\/","url":"https:\/\/anarique.net\/wp-content\/uploads\/2022\/12\/nova-logo-ana-rique-com-texto-2.png","contentUrl":"https:\/\/anarique.net\/wp-content\/uploads\/2022\/12\/nova-logo-ana-rique-com-texto-2.png","width":1085,"height":1402,"caption":"Ana Rique"},"image":{"@id":"https:\/\/anarique.net\/#\/schema\/logo\/image\/"},"sameAs":["https:\/\/www.facebook.com\/ana.rique.1","https:\/\/www.instagram.com\/saberesdocaminhar\/","https:\/\/www.youtube.com\/channel\/UCkkYqxoNO73Gop54ONtytWA"]}]}},"_links":{"self":[{"href":"https:\/\/anarique.net\/en\/wp-json\/wp\/v2\/product\/12731","targetHints":{"allow":["GET"]}}],"collection":[{"href":"https:\/\/anarique.net\/en\/wp-json\/wp\/v2\/product"}],"about":[{"href":"https:\/\/anarique.net\/en\/wp-json\/wp\/v2\/types\/product"}],"replies":[{"embeddable":true,"href":"https:\/\/anarique.net\/en\/wp-json\/wp\/v2\/comments?post=12731"}],"version-history":[{"count":1,"href":"https:\/\/anarique.net\/en\/wp-json\/wp\/v2\/product\/12731\/revisions"}],"predecessor-version":[{"id":12734,"href":"https:\/\/anarique.net\/en\/wp-json\/wp\/v2\/product\/12731\/revisions\/12734"}],"wp:featuredmedia":[{"embeddable":true,"href":"https:\/\/anarique.net\/en\/wp-json\/wp\/v2\/media\/12733"}],"wp:attachment":[{"href":"https:\/\/anarique.net\/en\/wp-json\/wp\/v2\/media?parent=12731"}],"wp:term":[{"taxonomy":"product_brand","embeddable":true,"href":"https:\/\/anarique.net\/en\/wp-json\/wp\/v2\/product_brand?post=12731"},{"taxonomy":"product_cat","embeddable":true,"href":"https:\/\/anarique.net\/en\/wp-json\/wp\/v2\/product_cat?post=12731"},{"taxonomy":"product_tag","embeddable":true,"href":"https:\/\/anarique.net\/en\/wp-json\/wp\/v2\/product_tag?post=12731"}],"curies":[{"name":"wp","href":"https:\/\/api.w.org\/{rel}","templated":true}]}}