{"id":13044,"date":"2026-04-17T20:38:31","date_gmt":"2026-04-17T23:38:31","guid":{"rendered":"https:\/\/anarique.net\/?post_type=product&#038;p=13044"},"modified":"2026-04-17T20:45:09","modified_gmt":"2026-04-17T23:45:09","slug":"workshop-de-estrategias-de-regulacao-emocional-para-quem-convive-com-tdah-no-trabalho-online","status":"publish","type":"product","link":"https:\/\/anarique.net\/en\/product\/workshop-de-estrategias-de-regulacao-emocional-para-quem-convive-com-tdah-no-trabalho-online\/","title":{"rendered":"Workshop de Estrat\u00e9gias de Regula\u00e7\u00e3o Emocional para quem convive com TDAH no Trabalho ONLINE"},"content":{"rendered":"<p>Conviver com TDAH no trabalho, \u00e9 importante e necess\u00e1rio adotar estrat\u00e9gias que ajudem e facilitem gerenciar os sintomas e melhorar a produtividade.<\/p>\n<p>Incentivar a concentra\u00e7\u00e3o para manter o foco e a produtividade.<\/p>\n<p>Relaxamento e Controle da Hiperatividade<\/p>\n<p>Exercite o Corpo e combater o estresse e a ansiedade<\/p>\n<p>Feedbacks Recorrentes para melhorar o desempenho e a produtividade.<\/p>\n<p>Organiza\u00e7\u00e3o e Gest\u00e3o de Tarefas para organiza\u00e7\u00e3o e o cumprimento de prazos.<\/p>\n<p>Ambiente de Trabalho Adequado: Reduzir a sobrecarga visual e mental.<\/p>\n<p>Comunica\u00e7\u00e3o Clara e Objetiva para reduzir e evitar interpreta\u00e7\u00f5es erradas.<\/p>\n<p>Pausas\u00a0Estrat\u00e9gicas\u00a0e\u00a0Controle\u00a0do\u00a0Tempo:\u00a0t\u00e9cnica espec\u00edfica<\/p>\n<p><strong>Tudo isso ajuda a:<\/strong><br \/>\nTornar o ambiente\u00a0de\u00a0trabalho\u00a0mais\u00a0produtivo, assertivo \u00a0e\u00a0sadio,\u00a0possibilitando\u00a0que\u00a0pessoas\u00a0com\u00a0TDAH\u00a0explorem\u00a0suas\u00a0habilidades\u00a0\u00fanicas\u00a0enquanto\u00a0gerenciam\u00a0suas\u00a0limita\u00e7\u00f5es.<\/p>\n<p><strong>Dia: 23 de maio de 2026<\/strong><\/p>\n<p><strong>Hor\u00e1rio: 18:00 \u00e0s 22:00h<\/strong><\/p>\n<p><strong>Local: Google Meet<\/strong><\/p>\n<p><strong>Certificado de 04 horas<\/strong><\/p>","protected":false},"excerpt":{"rendered":"<ul>\n<li>Ter Metas Simples<\/li>\n<li>Feedbacks Recorrentes<\/li>\n<li>Organiza\u00e7\u00e3o e Gest\u00e3o<\/li>\n<li>Ambiente de Trabalho Sadio<\/li>\n<li>Comunica\u00e7\u00e3o Assertiva<\/li>\n<\/ul>","protected":false},"featured_media":0,"comment_status":"open","ping_status":"closed","template":"","meta":[],"product_brand":[],"product_cat":[535],"product_tag":[354,538,540,539],"class_list":{"0":"post-13044","1":"product","2":"type-product","3":"status-publish","5":"product_cat-workshops","6":"product_tag-online","7":"product_tag-regulacao-emocional","8":"product_tag-tdah","9":"product_tag-workshop","11":"first","12":"instock","13":"virtual","14":"purchasable","15":"product-type-simple"},"yoast_head":"<!-- This site is optimized with the Yoast SEO plugin v27.4 - https:\/\/yoast.com\/product\/yoast-seo-wordpress\/ -->\n<title>Workshop de Estrat\u00e9gias de Regula\u00e7\u00e3o Emocional para quem convive com TDAH no Trabalho ONLINE - Ana Rique<\/title>\n<meta name=\"description\" content=\"Conviver com TDAH no trabalho, \u00e9 importante e necess\u00e1rio adotar estrat\u00e9gias que ajudem e facilitem gerenciar os sintomas e melhorar a produtividade.\u00a0\" \/>\n<meta name=\"robots\" content=\"index, follow, max-snippet:-1, max-image-preview:large, max-video-preview:-1\" \/>\n<link rel=\"canonical\" href=\"https:\/\/anarique.net\/en\/product\/workshop-de-estrategias-de-regulacao-emocional-para-quem-convive-com-tdah-no-trabalho-online\/\" \/>\n<meta property=\"og:locale\" content=\"en_US\" \/>\n<meta property=\"og:type\" content=\"article\" \/>\n<meta property=\"og:title\" content=\"Workshop de Estrat\u00e9gias de Regula\u00e7\u00e3o Emocional para quem convive com TDAH no Trabalho ONLINE - Ana Rique\" \/>\n<meta property=\"og:description\" content=\"Conviver com TDAH no trabalho, \u00e9 importante e necess\u00e1rio adotar estrat\u00e9gias que ajudem e facilitem gerenciar os sintomas e melhorar a produtividade.\u00a0\" \/>\n<meta property=\"og:url\" content=\"https:\/\/anarique.net\/en\/product\/workshop-de-estrategias-de-regulacao-emocional-para-quem-convive-com-tdah-no-trabalho-online\/\" \/>\n<meta property=\"og:site_name\" content=\"Ana Rique\" \/>\n<meta property=\"article:publisher\" content=\"https:\/\/www.facebook.com\/ana.rique.1\" \/>\n<meta property=\"article:modified_time\" content=\"2026-04-17T23:45:09+00:00\" \/>\n<meta name=\"twitter:card\" content=\"summary_large_image\" \/>\n<meta name=\"twitter:label1\" content=\"Est. reading time\" \/>\n\t<meta name=\"twitter:data1\" content=\"1 minute\" \/>\n<script type=\"application\/ld+json\" class=\"yoast-schema-graph\">{\"@context\":\"https:\\\/\\\/schema.org\",\"@graph\":[{\"@type\":\"WebPage\",\"@id\":\"https:\\\/\\\/anarique.net\\\/product\\\/workshop-de-estrategias-de-regulacao-emocional-para-quem-convive-com-tdah-no-trabalho-online\\\/\",\"url\":\"https:\\\/\\\/anarique.net\\\/product\\\/workshop-de-estrategias-de-regulacao-emocional-para-quem-convive-com-tdah-no-trabalho-online\\\/\",\"name\":\"Workshop de Estrat\u00e9gias de Regula\u00e7\u00e3o Emocional para quem convive com TDAH no Trabalho ONLINE - Ana Rique\",\"isPartOf\":{\"@id\":\"https:\\\/\\\/anarique.net\\\/#website\"},\"datePublished\":\"2026-04-17T23:38:31+00:00\",\"dateModified\":\"2026-04-17T23:45:09+00:00\",\"description\":\"Conviver com TDAH no trabalho, \u00e9 importante e necess\u00e1rio adotar estrat\u00e9gias que ajudem e facilitem gerenciar os sintomas e melhorar a produtividade.\u00a0\",\"breadcrumb\":{\"@id\":\"https:\\\/\\\/anarique.net\\\/product\\\/workshop-de-estrategias-de-regulacao-emocional-para-quem-convive-com-tdah-no-trabalho-online\\\/#breadcrumb\"},\"inLanguage\":\"en-US\",\"potentialAction\":[{\"@type\":\"ReadAction\",\"target\":[\"https:\\\/\\\/anarique.net\\\/product\\\/workshop-de-estrategias-de-regulacao-emocional-para-quem-convive-com-tdah-no-trabalho-online\\\/\"]}]},{\"@type\":\"BreadcrumbList\",\"@id\":\"https:\\\/\\\/anarique.net\\\/product\\\/workshop-de-estrategias-de-regulacao-emocional-para-quem-convive-com-tdah-no-trabalho-online\\\/#breadcrumb\",\"itemListElement\":[{\"@type\":\"ListItem\",\"position\":1,\"name\":\"In\u00edcio\",\"item\":\"https:\\\/\\\/anarique.net\\\/\"},{\"@type\":\"ListItem\",\"position\":2,\"name\":\"Nossos Produtos\",\"item\":\"https:\\\/\\\/anarique.net\\\/shop\\\/\"},{\"@type\":\"ListItem\",\"position\":3,\"name\":\"Workshop de Estrat\u00e9gias de Regula\u00e7\u00e3o Emocional para quem convive com TDAH no Trabalho ONLINE\"}]},{\"@type\":\"WebSite\",\"@id\":\"https:\\\/\\\/anarique.net\\\/#website\",\"url\":\"https:\\\/\\\/anarique.net\\\/\",\"name\":\"Ana Rique\",\"description\":\"Psicoterapeuta, Neuropsic\u00f3loga e Fonoaudi\u00f3loga\",\"publisher\":{\"@id\":\"https:\\\/\\\/anarique.net\\\/#organization\"},\"potentialAction\":[{\"@type\":\"SearchAction\",\"target\":{\"@type\":\"EntryPoint\",\"urlTemplate\":\"https:\\\/\\\/anarique.net\\\/?s={search_term_string}\"},\"query-input\":{\"@type\":\"PropertyValueSpecification\",\"valueRequired\":true,\"valueName\":\"search_term_string\"}}],\"inLanguage\":\"en-US\"},{\"@type\":\"Organization\",\"@id\":\"https:\\\/\\\/anarique.net\\\/#organization\",\"name\":\"Ana Rique\",\"url\":\"https:\\\/\\\/anarique.net\\\/\",\"logo\":{\"@type\":\"ImageObject\",\"inLanguage\":\"en-US\",\"@id\":\"https:\\\/\\\/anarique.net\\\/#\\\/schema\\\/logo\\\/image\\\/\",\"url\":\"https:\\\/\\\/anarique.net\\\/wp-content\\\/uploads\\\/2022\\\/12\\\/nova-logo-ana-rique-com-texto-2.png\",\"contentUrl\":\"https:\\\/\\\/anarique.net\\\/wp-content\\\/uploads\\\/2022\\\/12\\\/nova-logo-ana-rique-com-texto-2.png\",\"width\":1085,\"height\":1402,\"caption\":\"Ana Rique\"},\"image\":{\"@id\":\"https:\\\/\\\/anarique.net\\\/#\\\/schema\\\/logo\\\/image\\\/\"},\"sameAs\":[\"https:\\\/\\\/www.facebook.com\\\/ana.rique.1\",\"https:\\\/\\\/www.instagram.com\\\/saberesdocaminhar\\\/\",\"https:\\\/\\\/www.youtube.com\\\/channel\\\/UCkkYqxoNO73Gop54ONtytWA\"]}]}<\/script>\n<!-- \/ Yoast SEO plugin. -->","yoast_head_json":{"title":"Workshop de Estrat\u00e9gias de Regula\u00e7\u00e3o Emocional para quem convive com TDAH no Trabalho ONLINE - Ana Rique","description":"Conviver com TDAH no trabalho, \u00e9 importante e necess\u00e1rio adotar estrat\u00e9gias que ajudem e facilitem gerenciar os sintomas e melhorar a produtividade.\u00a0","robots":{"index":"index","follow":"follow","max-snippet":"max-snippet:-1","max-image-preview":"max-image-preview:large","max-video-preview":"max-video-preview:-1"},"canonical":"https:\/\/anarique.net\/en\/product\/workshop-de-estrategias-de-regulacao-emocional-para-quem-convive-com-tdah-no-trabalho-online\/","og_locale":"en_US","og_type":"article","og_title":"Workshop de Estrat\u00e9gias de Regula\u00e7\u00e3o Emocional para quem convive com TDAH no Trabalho ONLINE - Ana Rique","og_description":"Conviver com TDAH no trabalho, \u00e9 importante e necess\u00e1rio adotar estrat\u00e9gias que ajudem e facilitem gerenciar os sintomas e melhorar a produtividade.\u00a0","og_url":"https:\/\/anarique.net\/en\/product\/workshop-de-estrategias-de-regulacao-emocional-para-quem-convive-com-tdah-no-trabalho-online\/","og_site_name":"Ana Rique","article_publisher":"https:\/\/www.facebook.com\/ana.rique.1","article_modified_time":"2026-04-17T23:45:09+00:00","twitter_card":"summary_large_image","twitter_misc":{"Est. reading time":"1 minute"},"schema":{"@context":"https:\/\/schema.org","@graph":[{"@type":"WebPage","@id":"https:\/\/anarique.net\/product\/workshop-de-estrategias-de-regulacao-emocional-para-quem-convive-com-tdah-no-trabalho-online\/","url":"https:\/\/anarique.net\/product\/workshop-de-estrategias-de-regulacao-emocional-para-quem-convive-com-tdah-no-trabalho-online\/","name":"Workshop de Estrat\u00e9gias de Regula\u00e7\u00e3o Emocional para quem convive com TDAH no Trabalho ONLINE - Ana Rique","isPartOf":{"@id":"https:\/\/anarique.net\/#website"},"datePublished":"2026-04-17T23:38:31+00:00","dateModified":"2026-04-17T23:45:09+00:00","description":"Conviver com TDAH no trabalho, \u00e9 importante e necess\u00e1rio adotar estrat\u00e9gias que ajudem e facilitem gerenciar os sintomas e melhorar a produtividade.\u00a0","breadcrumb":{"@id":"https:\/\/anarique.net\/product\/workshop-de-estrategias-de-regulacao-emocional-para-quem-convive-com-tdah-no-trabalho-online\/#breadcrumb"},"inLanguage":"en-US","potentialAction":[{"@type":"ReadAction","target":["https:\/\/anarique.net\/product\/workshop-de-estrategias-de-regulacao-emocional-para-quem-convive-com-tdah-no-trabalho-online\/"]}]},{"@type":"BreadcrumbList","@id":"https:\/\/anarique.net\/product\/workshop-de-estrategias-de-regulacao-emocional-para-quem-convive-com-tdah-no-trabalho-online\/#breadcrumb","itemListElement":[{"@type":"ListItem","position":1,"name":"In\u00edcio","item":"https:\/\/anarique.net\/"},{"@type":"ListItem","position":2,"name":"Nossos Produtos","item":"https:\/\/anarique.net\/shop\/"},{"@type":"ListItem","position":3,"name":"Workshop de Estrat\u00e9gias de Regula\u00e7\u00e3o Emocional para quem convive com TDAH no Trabalho ONLINE"}]},{"@type":"WebSite","@id":"https:\/\/anarique.net\/#website","url":"https:\/\/anarique.net\/","name":"Ana Rique","description":"Psicoterapeuta, Neuropsic\u00f3loga e Fonoaudi\u00f3loga","publisher":{"@id":"https:\/\/anarique.net\/#organization"},"potentialAction":[{"@type":"SearchAction","target":{"@type":"EntryPoint","urlTemplate":"https:\/\/anarique.net\/?s={search_term_string}"},"query-input":{"@type":"PropertyValueSpecification","valueRequired":true,"valueName":"search_term_string"}}],"inLanguage":"en-US"},{"@type":"Organization","@id":"https:\/\/anarique.net\/#organization","name":"Ana Rique","url":"https:\/\/anarique.net\/","logo":{"@type":"ImageObject","inLanguage":"en-US","@id":"https:\/\/anarique.net\/#\/schema\/logo\/image\/","url":"https:\/\/anarique.net\/wp-content\/uploads\/2022\/12\/nova-logo-ana-rique-com-texto-2.png","contentUrl":"https:\/\/anarique.net\/wp-content\/uploads\/2022\/12\/nova-logo-ana-rique-com-texto-2.png","width":1085,"height":1402,"caption":"Ana Rique"},"image":{"@id":"https:\/\/anarique.net\/#\/schema\/logo\/image\/"},"sameAs":["https:\/\/www.facebook.com\/ana.rique.1","https:\/\/www.instagram.com\/saberesdocaminhar\/","https:\/\/www.youtube.com\/channel\/UCkkYqxoNO73Gop54ONtytWA"]}]}},"_links":{"self":[{"href":"https:\/\/anarique.net\/en\/wp-json\/wp\/v2\/product\/13044","targetHints":{"allow":["GET"]}}],"collection":[{"href":"https:\/\/anarique.net\/en\/wp-json\/wp\/v2\/product"}],"about":[{"href":"https:\/\/anarique.net\/en\/wp-json\/wp\/v2\/types\/product"}],"replies":[{"embeddable":true,"href":"https:\/\/anarique.net\/en\/wp-json\/wp\/v2\/comments?post=13044"}],"version-history":[{"count":1,"href":"https:\/\/anarique.net\/en\/wp-json\/wp\/v2\/product\/13044\/revisions"}],"predecessor-version":[{"id":13045,"href":"https:\/\/anarique.net\/en\/wp-json\/wp\/v2\/product\/13044\/revisions\/13045"}],"wp:attachment":[{"href":"https:\/\/anarique.net\/en\/wp-json\/wp\/v2\/media?parent=13044"}],"wp:term":[{"taxonomy":"product_brand","embeddable":true,"href":"https:\/\/anarique.net\/en\/wp-json\/wp\/v2\/product_brand?post=13044"},{"taxonomy":"product_cat","embeddable":true,"href":"https:\/\/anarique.net\/en\/wp-json\/wp\/v2\/product_cat?post=13044"},{"taxonomy":"product_tag","embeddable":true,"href":"https:\/\/anarique.net\/en\/wp-json\/wp\/v2\/product_tag?post=13044"}],"curies":[{"name":"wp","href":"https:\/\/api.w.org\/{rel}","templated":true}]}}