{"id":13048,"date":"2026-04-17T20:55:36","date_gmt":"2026-04-17T23:55:36","guid":{"rendered":"https:\/\/anarique.net\/?post_type=product&#038;p=13048"},"modified":"2026-04-17T21:00:03","modified_gmt":"2026-04-18T00:00:03","slug":"estimulacao-precoce-desenvolvendo-a-linguagem-da-crianca-online","status":"publish","type":"product","link":"https:\/\/anarique.net\/en\/product\/estimulacao-precoce-desenvolvendo-a-linguagem-da-crianca-online\/","title":{"rendered":"Estimula\u00e7\u00e3o Precoce &#8211; Desenvolvendo a Linguagem da Crian\u00e7a ONLINE"},"content":{"rendered":"<p>O\u00a0desenvolvimento\u00a0da\u00a0linguagem\u00a0ocorre\u00a0em\u00a0etapas\u00a0progressivas,\u00a0desde\u00a0a\u00a0comunica\u00e7\u00e3o\u00a0n\u00e3o\u00a0verbal\u00a0at\u00e9\u00a0a\u00a0forma\u00e7\u00e3o\u00a0de\u00a0frases\u00a0complexas,\u00a0geralmente\u00a0completando-se\u00a0por\u00a0volta\u00a0dos\u00a05\u00a0anos\u00a0de\u00a0idade.<\/p>\n<p><strong>Fase\u00a0Pr\u00e9-lingu\u00edstica\u00a0(0\u00a0a\u00a012\u00a0meses)<\/strong><br \/>\nChoros,\u00a0express\u00f5es\u00a0faciais\u00a0e\u00a0gestos<\/p>\n<p><strong>Fase\u00a0Holofr\u00e1stica\u00a0(12\u00a0a\u00a018\u00a0meses)<\/strong><br \/>\nAs palavras\u00a0isoladas\u00a0para\u00a0expressar<\/p>\n<p><strong>Fase\u00a0Telegr\u00e1fica\u00a0(18\u00a0meses\u00a0a\u00a02\u00a0anos)<\/strong><br \/>\nCombinar\u00a0duas\u00a0ou\u00a0mais\u00a0palavras<\/p>\n<p><strong>Fase\u00a0da\u00a0Linguagem\u00a0Complexa\u00a0(2\u00a0a\u00a05\u00a0anos)<\/strong><br \/>\nGram\u00e1tica,\u00a0vocabul\u00e1rio\u00a0mais\u00a0amplo\u00a0e\u00a0habilidades\u00a0de\u00a0di\u00e1logo,\u00a0podendo\u00a0manter\u00a0conversas\u00a0sem\u00a0depender\u00a0da\u00a0interpreta\u00e7\u00e3o\u00a0do\u00a0adulto.<\/p>\n<p><strong>Importante<\/strong><br \/>\nO\u00a0ritmo\u00a0de\u00a0desenvolvimento\u00a0varia\u00a0entre\u00a0crian\u00e7as,\u00a0e\u00a0estimula\u00e7\u00e3o\u00a0constante\u00a0\u00e9\u00a0fundamental.<\/p>\n<p><strong>Dia: 27 de maio de 2026<\/strong><\/p>\n<p><strong>Hor\u00e1rio: 18:00 \u00e0s 22:00h<\/strong><\/p>\n<p><strong>Local: Google Meet<\/strong><\/p>\n<p><strong>Certificado de 04 horas<\/strong><\/p>","protected":false},"excerpt":{"rendered":"<ul>\n<li>O Desenvolvimento global<\/li>\n<li>A for\u00e7a do ambiente<\/li>\n<li>Os melhores sons<\/li>\n<li>Os desafios da fase<\/li>\n<li>O papel da fam\u00edlia<\/li>\n<li>A orat\u00f3ria da fam\u00edlia<\/li>\n<li>As respostas acontecendo<\/li>\n<\/ul>","protected":false},"featured_media":0,"comment_status":"open","ping_status":"closed","template":"","meta":[],"product_brand":[],"product_cat":[535],"product_tag":[329,542,253,354,539],"class_list":{"0":"post-13048","1":"product","2":"type-product","3":"status-publish","5":"product_cat-workshops","6":"product_tag-crianca","7":"product_tag-estimulacao-precoce","8":"product_tag-linguagem","9":"product_tag-online","10":"product_tag-workshop","12":"first","13":"instock","14":"virtual","15":"purchasable","16":"product-type-simple"},"yoast_head":"<!-- This site is optimized with the Yoast SEO plugin v27.4 - https:\/\/yoast.com\/product\/yoast-seo-wordpress\/ -->\n<title>Estimula\u00e7\u00e3o Precoce - Desenvolvendo a Linguagem da Crian\u00e7a ONLINE - Ana Rique<\/title>\n<meta name=\"description\" content=\"O\u00a0desenvolvimento\u00a0da\u00a0linguagem\u00a0ocorre\u00a0em\u00a0etapas\u00a0progressivas,\u00a0desde\u00a0a\u00a0comunica\u00e7\u00e3o\u00a0n\u00e3o\u00a0verbal\u00a0at\u00e9\u00a0a\u00a0forma\u00e7\u00e3o\u00a0de\u00a0frases\u00a0complexas\" \/>\n<meta name=\"robots\" content=\"index, follow, max-snippet:-1, max-image-preview:large, max-video-preview:-1\" \/>\n<link rel=\"canonical\" href=\"https:\/\/anarique.net\/en\/product\/estimulacao-precoce-desenvolvendo-a-linguagem-da-crianca-online\/\" \/>\n<meta property=\"og:locale\" content=\"en_US\" \/>\n<meta property=\"og:type\" content=\"article\" \/>\n<meta property=\"og:title\" content=\"Estimula\u00e7\u00e3o Precoce - Desenvolvendo a Linguagem da Crian\u00e7a ONLINE - Ana Rique\" \/>\n<meta property=\"og:description\" content=\"O\u00a0desenvolvimento\u00a0da\u00a0linguagem\u00a0ocorre\u00a0em\u00a0etapas\u00a0progressivas,\u00a0desde\u00a0a\u00a0comunica\u00e7\u00e3o\u00a0n\u00e3o\u00a0verbal\u00a0at\u00e9\u00a0a\u00a0forma\u00e7\u00e3o\u00a0de\u00a0frases\u00a0complexas\" \/>\n<meta property=\"og:url\" content=\"https:\/\/anarique.net\/en\/product\/estimulacao-precoce-desenvolvendo-a-linguagem-da-crianca-online\/\" \/>\n<meta property=\"og:site_name\" content=\"Ana Rique\" \/>\n<meta property=\"article:publisher\" content=\"https:\/\/www.facebook.com\/ana.rique.1\" \/>\n<meta property=\"article:modified_time\" content=\"2026-04-18T00:00:03+00:00\" \/>\n<meta name=\"twitter:card\" content=\"summary_large_image\" \/>\n<meta name=\"twitter:label1\" content=\"Est. reading time\" \/>\n\t<meta name=\"twitter:data1\" content=\"1 minute\" \/>\n<script type=\"application\/ld+json\" class=\"yoast-schema-graph\">{\"@context\":\"https:\\\/\\\/schema.org\",\"@graph\":[{\"@type\":\"WebPage\",\"@id\":\"https:\\\/\\\/anarique.net\\\/product\\\/estimulacao-precoce-desenvolvendo-a-linguagem-da-crianca-online\\\/\",\"url\":\"https:\\\/\\\/anarique.net\\\/product\\\/estimulacao-precoce-desenvolvendo-a-linguagem-da-crianca-online\\\/\",\"name\":\"Estimula\u00e7\u00e3o Precoce - Desenvolvendo a Linguagem da Crian\u00e7a ONLINE - Ana Rique\",\"isPartOf\":{\"@id\":\"https:\\\/\\\/anarique.net\\\/#website\"},\"datePublished\":\"2026-04-17T23:55:36+00:00\",\"dateModified\":\"2026-04-18T00:00:03+00:00\",\"description\":\"O\u00a0desenvolvimento\u00a0da\u00a0linguagem\u00a0ocorre\u00a0em\u00a0etapas\u00a0progressivas,\u00a0desde\u00a0a\u00a0comunica\u00e7\u00e3o\u00a0n\u00e3o\u00a0verbal\u00a0at\u00e9\u00a0a\u00a0forma\u00e7\u00e3o\u00a0de\u00a0frases\u00a0complexas\",\"breadcrumb\":{\"@id\":\"https:\\\/\\\/anarique.net\\\/product\\\/estimulacao-precoce-desenvolvendo-a-linguagem-da-crianca-online\\\/#breadcrumb\"},\"inLanguage\":\"en-US\",\"potentialAction\":[{\"@type\":\"ReadAction\",\"target\":[\"https:\\\/\\\/anarique.net\\\/product\\\/estimulacao-precoce-desenvolvendo-a-linguagem-da-crianca-online\\\/\"]}]},{\"@type\":\"BreadcrumbList\",\"@id\":\"https:\\\/\\\/anarique.net\\\/product\\\/estimulacao-precoce-desenvolvendo-a-linguagem-da-crianca-online\\\/#breadcrumb\",\"itemListElement\":[{\"@type\":\"ListItem\",\"position\":1,\"name\":\"In\u00edcio\",\"item\":\"https:\\\/\\\/anarique.net\\\/\"},{\"@type\":\"ListItem\",\"position\":2,\"name\":\"Nossos Produtos\",\"item\":\"https:\\\/\\\/anarique.net\\\/shop\\\/\"},{\"@type\":\"ListItem\",\"position\":3,\"name\":\"Estimula\u00e7\u00e3o Precoce &#8211; Desenvolvendo a Linguagem da Crian\u00e7a ONLINE\"}]},{\"@type\":\"WebSite\",\"@id\":\"https:\\\/\\\/anarique.net\\\/#website\",\"url\":\"https:\\\/\\\/anarique.net\\\/\",\"name\":\"Ana Rique\",\"description\":\"Psicoterapeuta, Neuropsic\u00f3loga e Fonoaudi\u00f3loga\",\"publisher\":{\"@id\":\"https:\\\/\\\/anarique.net\\\/#organization\"},\"potentialAction\":[{\"@type\":\"SearchAction\",\"target\":{\"@type\":\"EntryPoint\",\"urlTemplate\":\"https:\\\/\\\/anarique.net\\\/?s={search_term_string}\"},\"query-input\":{\"@type\":\"PropertyValueSpecification\",\"valueRequired\":true,\"valueName\":\"search_term_string\"}}],\"inLanguage\":\"en-US\"},{\"@type\":\"Organization\",\"@id\":\"https:\\\/\\\/anarique.net\\\/#organization\",\"name\":\"Ana Rique\",\"url\":\"https:\\\/\\\/anarique.net\\\/\",\"logo\":{\"@type\":\"ImageObject\",\"inLanguage\":\"en-US\",\"@id\":\"https:\\\/\\\/anarique.net\\\/#\\\/schema\\\/logo\\\/image\\\/\",\"url\":\"https:\\\/\\\/anarique.net\\\/wp-content\\\/uploads\\\/2022\\\/12\\\/nova-logo-ana-rique-com-texto-2.png\",\"contentUrl\":\"https:\\\/\\\/anarique.net\\\/wp-content\\\/uploads\\\/2022\\\/12\\\/nova-logo-ana-rique-com-texto-2.png\",\"width\":1085,\"height\":1402,\"caption\":\"Ana Rique\"},\"image\":{\"@id\":\"https:\\\/\\\/anarique.net\\\/#\\\/schema\\\/logo\\\/image\\\/\"},\"sameAs\":[\"https:\\\/\\\/www.facebook.com\\\/ana.rique.1\",\"https:\\\/\\\/www.instagram.com\\\/saberesdocaminhar\\\/\",\"https:\\\/\\\/www.youtube.com\\\/channel\\\/UCkkYqxoNO73Gop54ONtytWA\"]}]}<\/script>\n<!-- \/ Yoast SEO plugin. -->","yoast_head_json":{"title":"Estimula\u00e7\u00e3o Precoce - Desenvolvendo a Linguagem da Crian\u00e7a ONLINE - Ana Rique","description":"O\u00a0desenvolvimento\u00a0da\u00a0linguagem\u00a0ocorre\u00a0em\u00a0etapas\u00a0progressivas,\u00a0desde\u00a0a\u00a0comunica\u00e7\u00e3o\u00a0n\u00e3o\u00a0verbal\u00a0at\u00e9\u00a0a\u00a0forma\u00e7\u00e3o\u00a0de\u00a0frases\u00a0complexas","robots":{"index":"index","follow":"follow","max-snippet":"max-snippet:-1","max-image-preview":"max-image-preview:large","max-video-preview":"max-video-preview:-1"},"canonical":"https:\/\/anarique.net\/en\/product\/estimulacao-precoce-desenvolvendo-a-linguagem-da-crianca-online\/","og_locale":"en_US","og_type":"article","og_title":"Estimula\u00e7\u00e3o Precoce - Desenvolvendo a Linguagem da Crian\u00e7a ONLINE - Ana Rique","og_description":"O\u00a0desenvolvimento\u00a0da\u00a0linguagem\u00a0ocorre\u00a0em\u00a0etapas\u00a0progressivas,\u00a0desde\u00a0a\u00a0comunica\u00e7\u00e3o\u00a0n\u00e3o\u00a0verbal\u00a0at\u00e9\u00a0a\u00a0forma\u00e7\u00e3o\u00a0de\u00a0frases\u00a0complexas","og_url":"https:\/\/anarique.net\/en\/product\/estimulacao-precoce-desenvolvendo-a-linguagem-da-crianca-online\/","og_site_name":"Ana Rique","article_publisher":"https:\/\/www.facebook.com\/ana.rique.1","article_modified_time":"2026-04-18T00:00:03+00:00","twitter_card":"summary_large_image","twitter_misc":{"Est. reading time":"1 minute"},"schema":{"@context":"https:\/\/schema.org","@graph":[{"@type":"WebPage","@id":"https:\/\/anarique.net\/product\/estimulacao-precoce-desenvolvendo-a-linguagem-da-crianca-online\/","url":"https:\/\/anarique.net\/product\/estimulacao-precoce-desenvolvendo-a-linguagem-da-crianca-online\/","name":"Estimula\u00e7\u00e3o Precoce - Desenvolvendo a Linguagem da Crian\u00e7a ONLINE - Ana Rique","isPartOf":{"@id":"https:\/\/anarique.net\/#website"},"datePublished":"2026-04-17T23:55:36+00:00","dateModified":"2026-04-18T00:00:03+00:00","description":"O\u00a0desenvolvimento\u00a0da\u00a0linguagem\u00a0ocorre\u00a0em\u00a0etapas\u00a0progressivas,\u00a0desde\u00a0a\u00a0comunica\u00e7\u00e3o\u00a0n\u00e3o\u00a0verbal\u00a0at\u00e9\u00a0a\u00a0forma\u00e7\u00e3o\u00a0de\u00a0frases\u00a0complexas","breadcrumb":{"@id":"https:\/\/anarique.net\/product\/estimulacao-precoce-desenvolvendo-a-linguagem-da-crianca-online\/#breadcrumb"},"inLanguage":"en-US","potentialAction":[{"@type":"ReadAction","target":["https:\/\/anarique.net\/product\/estimulacao-precoce-desenvolvendo-a-linguagem-da-crianca-online\/"]}]},{"@type":"BreadcrumbList","@id":"https:\/\/anarique.net\/product\/estimulacao-precoce-desenvolvendo-a-linguagem-da-crianca-online\/#breadcrumb","itemListElement":[{"@type":"ListItem","position":1,"name":"In\u00edcio","item":"https:\/\/anarique.net\/"},{"@type":"ListItem","position":2,"name":"Nossos Produtos","item":"https:\/\/anarique.net\/shop\/"},{"@type":"ListItem","position":3,"name":"Estimula\u00e7\u00e3o Precoce &#8211; Desenvolvendo a Linguagem da Crian\u00e7a ONLINE"}]},{"@type":"WebSite","@id":"https:\/\/anarique.net\/#website","url":"https:\/\/anarique.net\/","name":"Ana Rique","description":"Psicoterapeuta, Neuropsic\u00f3loga e Fonoaudi\u00f3loga","publisher":{"@id":"https:\/\/anarique.net\/#organization"},"potentialAction":[{"@type":"SearchAction","target":{"@type":"EntryPoint","urlTemplate":"https:\/\/anarique.net\/?s={search_term_string}"},"query-input":{"@type":"PropertyValueSpecification","valueRequired":true,"valueName":"search_term_string"}}],"inLanguage":"en-US"},{"@type":"Organization","@id":"https:\/\/anarique.net\/#organization","name":"Ana Rique","url":"https:\/\/anarique.net\/","logo":{"@type":"ImageObject","inLanguage":"en-US","@id":"https:\/\/anarique.net\/#\/schema\/logo\/image\/","url":"https:\/\/anarique.net\/wp-content\/uploads\/2022\/12\/nova-logo-ana-rique-com-texto-2.png","contentUrl":"https:\/\/anarique.net\/wp-content\/uploads\/2022\/12\/nova-logo-ana-rique-com-texto-2.png","width":1085,"height":1402,"caption":"Ana Rique"},"image":{"@id":"https:\/\/anarique.net\/#\/schema\/logo\/image\/"},"sameAs":["https:\/\/www.facebook.com\/ana.rique.1","https:\/\/www.instagram.com\/saberesdocaminhar\/","https:\/\/www.youtube.com\/channel\/UCkkYqxoNO73Gop54ONtytWA"]}]}},"_links":{"self":[{"href":"https:\/\/anarique.net\/en\/wp-json\/wp\/v2\/product\/13048","targetHints":{"allow":["GET"]}}],"collection":[{"href":"https:\/\/anarique.net\/en\/wp-json\/wp\/v2\/product"}],"about":[{"href":"https:\/\/anarique.net\/en\/wp-json\/wp\/v2\/types\/product"}],"replies":[{"embeddable":true,"href":"https:\/\/anarique.net\/en\/wp-json\/wp\/v2\/comments?post=13048"}],"version-history":[{"count":2,"href":"https:\/\/anarique.net\/en\/wp-json\/wp\/v2\/product\/13048\/revisions"}],"predecessor-version":[{"id":13050,"href":"https:\/\/anarique.net\/en\/wp-json\/wp\/v2\/product\/13048\/revisions\/13050"}],"wp:attachment":[{"href":"https:\/\/anarique.net\/en\/wp-json\/wp\/v2\/media?parent=13048"}],"wp:term":[{"taxonomy":"product_brand","embeddable":true,"href":"https:\/\/anarique.net\/en\/wp-json\/wp\/v2\/product_brand?post=13048"},{"taxonomy":"product_cat","embeddable":true,"href":"https:\/\/anarique.net\/en\/wp-json\/wp\/v2\/product_cat?post=13048"},{"taxonomy":"product_tag","embeddable":true,"href":"https:\/\/anarique.net\/en\/wp-json\/wp\/v2\/product_tag?post=13048"}],"curies":[{"name":"wp","href":"https:\/\/api.w.org\/{rel}","templated":true}]}}