{"id":13051,"date":"2026-04-17T21:00:22","date_gmt":"2026-04-18T00:00:22","guid":{"rendered":"https:\/\/anarique.net\/?post_type=product&#038;p=13051"},"modified":"2026-04-17T21:04:22","modified_gmt":"2026-04-18T00:04:22","slug":"terapia-sexual-um-caminho-a-dois","status":"publish","type":"product","link":"https:\/\/anarique.net\/en\/product\/terapia-sexual-um-caminho-a-dois\/","title":{"rendered":"Terapia Sexual \u2013 Um caminho a dois"},"content":{"rendered":"<p><strong>Promover uma vida sexual saud\u00e1vel e satisfat\u00f3ria.<\/strong><\/p>\n<p>O objetivo da terapia sexual \u00e9 promover uma vida sexual saud\u00e1vel e satisfat\u00f3ria, abordando aspectos f\u00edsicos, emocionais e relacionais.<\/p>\n<p>A terapia sexual busca atingir esse prop\u00f3sito por meio da promo\u00e7\u00e3o da comunica\u00e7\u00e3o eficaz entre parceiros e da educa\u00e7\u00e3o sexual.<\/p>\n<p>Ela tamb\u00e9m tem o poder de curar feridas emocionais antigas que possam estar impactando a forma como os indiv\u00edduos se relacionam intimamente.<\/p>\n<p>Al\u00e9m disso, a terapia sexual \u00e9 \u00fatil para ensinar estrat\u00e9gias de enfrentamento e fortalecer o v\u00ednculo emocional entre os parceiros.<\/p>\n<p><strong>Dia: 28 de maio de 2026<\/strong><\/p>\n<p><strong>Hor\u00e1rio: \u00e0s 21:00h (04 horas)<\/strong><\/p>\n<p><strong>Local: Google Meet<\/strong><\/p>","protected":false},"excerpt":{"rendered":"<ul>\n<li>Promovendo uma vida sexual saud\u00e1vel e satisfat\u00f3ria<\/li>\n<li>Revendo Tabus<\/li>\n<li>Interfer\u00eancias na rela\u00e7\u00e3o conjugal<\/li>\n<li>Onde tudo come\u00e7a e acaba<\/li>\n<li>Resgatando a rela\u00e7\u00e3o a dois<\/li>\n<\/ul>","protected":false},"featured_media":0,"comment_status":"open","ping_status":"closed","template":"","meta":[],"product_brand":[],"product_cat":[535],"product_tag":[414,354,543,539],"class_list":{"0":"post-13051","1":"product","2":"type-product","3":"status-publish","5":"product_cat-workshops","6":"product_tag-casal","7":"product_tag-online","8":"product_tag-terapia-sexual","9":"product_tag-workshop","11":"first","12":"instock","13":"virtual","14":"purchasable","15":"product-type-simple"},"yoast_head":"<!-- This site is optimized with the Yoast SEO plugin v27.4 - https:\/\/yoast.com\/product\/yoast-seo-wordpress\/ -->\n<title>Terapia Sexual \u2013 Um caminho a dois - Ana Rique<\/title>\n<meta name=\"description\" content=\"O objetivo da terapia sexual \u00e9 promover uma vida sexual saud\u00e1vel e satisfat\u00f3ria, abordando aspectos f\u00edsicos, emocionais e relacionais.\" \/>\n<meta name=\"robots\" content=\"index, follow, max-snippet:-1, max-image-preview:large, max-video-preview:-1\" \/>\n<link rel=\"canonical\" href=\"https:\/\/anarique.net\/en\/product\/terapia-sexual-um-caminho-a-dois\/\" \/>\n<meta property=\"og:locale\" content=\"en_US\" \/>\n<meta property=\"og:type\" content=\"article\" \/>\n<meta property=\"og:title\" content=\"Terapia Sexual \u2013 Um caminho a dois - Ana Rique\" \/>\n<meta property=\"og:description\" content=\"O objetivo da terapia sexual \u00e9 promover uma vida sexual saud\u00e1vel e satisfat\u00f3ria, abordando aspectos f\u00edsicos, emocionais e relacionais.\" \/>\n<meta property=\"og:url\" content=\"https:\/\/anarique.net\/en\/product\/terapia-sexual-um-caminho-a-dois\/\" \/>\n<meta property=\"og:site_name\" content=\"Ana Rique\" \/>\n<meta property=\"article:publisher\" content=\"https:\/\/www.facebook.com\/ana.rique.1\" \/>\n<meta property=\"article:modified_time\" content=\"2026-04-18T00:04:22+00:00\" \/>\n<meta name=\"twitter:card\" content=\"summary_large_image\" \/>\n<meta name=\"twitter:label1\" content=\"Est. reading time\" \/>\n\t<meta name=\"twitter:data1\" content=\"1 minute\" \/>\n<script type=\"application\/ld+json\" class=\"yoast-schema-graph\">{\"@context\":\"https:\\\/\\\/schema.org\",\"@graph\":[{\"@type\":\"WebPage\",\"@id\":\"https:\\\/\\\/anarique.net\\\/product\\\/terapia-sexual-um-caminho-a-dois\\\/\",\"url\":\"https:\\\/\\\/anarique.net\\\/product\\\/terapia-sexual-um-caminho-a-dois\\\/\",\"name\":\"Terapia Sexual \u2013 Um caminho a dois - Ana Rique\",\"isPartOf\":{\"@id\":\"https:\\\/\\\/anarique.net\\\/#website\"},\"datePublished\":\"2026-04-18T00:00:22+00:00\",\"dateModified\":\"2026-04-18T00:04:22+00:00\",\"description\":\"O objetivo da terapia sexual \u00e9 promover uma vida sexual saud\u00e1vel e satisfat\u00f3ria, abordando aspectos f\u00edsicos, emocionais e relacionais.\",\"breadcrumb\":{\"@id\":\"https:\\\/\\\/anarique.net\\\/product\\\/terapia-sexual-um-caminho-a-dois\\\/#breadcrumb\"},\"inLanguage\":\"en-US\",\"potentialAction\":[{\"@type\":\"ReadAction\",\"target\":[\"https:\\\/\\\/anarique.net\\\/product\\\/terapia-sexual-um-caminho-a-dois\\\/\"]}]},{\"@type\":\"BreadcrumbList\",\"@id\":\"https:\\\/\\\/anarique.net\\\/product\\\/terapia-sexual-um-caminho-a-dois\\\/#breadcrumb\",\"itemListElement\":[{\"@type\":\"ListItem\",\"position\":1,\"name\":\"In\u00edcio\",\"item\":\"https:\\\/\\\/anarique.net\\\/\"},{\"@type\":\"ListItem\",\"position\":2,\"name\":\"Nossos Produtos\",\"item\":\"https:\\\/\\\/anarique.net\\\/shop\\\/\"},{\"@type\":\"ListItem\",\"position\":3,\"name\":\"Terapia Sexual \u2013 Um caminho a dois\"}]},{\"@type\":\"WebSite\",\"@id\":\"https:\\\/\\\/anarique.net\\\/#website\",\"url\":\"https:\\\/\\\/anarique.net\\\/\",\"name\":\"Ana Rique\",\"description\":\"Psicoterapeuta, Neuropsic\u00f3loga e Fonoaudi\u00f3loga\",\"publisher\":{\"@id\":\"https:\\\/\\\/anarique.net\\\/#organization\"},\"potentialAction\":[{\"@type\":\"SearchAction\",\"target\":{\"@type\":\"EntryPoint\",\"urlTemplate\":\"https:\\\/\\\/anarique.net\\\/?s={search_term_string}\"},\"query-input\":{\"@type\":\"PropertyValueSpecification\",\"valueRequired\":true,\"valueName\":\"search_term_string\"}}],\"inLanguage\":\"en-US\"},{\"@type\":\"Organization\",\"@id\":\"https:\\\/\\\/anarique.net\\\/#organization\",\"name\":\"Ana Rique\",\"url\":\"https:\\\/\\\/anarique.net\\\/\",\"logo\":{\"@type\":\"ImageObject\",\"inLanguage\":\"en-US\",\"@id\":\"https:\\\/\\\/anarique.net\\\/#\\\/schema\\\/logo\\\/image\\\/\",\"url\":\"https:\\\/\\\/anarique.net\\\/wp-content\\\/uploads\\\/2022\\\/12\\\/nova-logo-ana-rique-com-texto-2.png\",\"contentUrl\":\"https:\\\/\\\/anarique.net\\\/wp-content\\\/uploads\\\/2022\\\/12\\\/nova-logo-ana-rique-com-texto-2.png\",\"width\":1085,\"height\":1402,\"caption\":\"Ana Rique\"},\"image\":{\"@id\":\"https:\\\/\\\/anarique.net\\\/#\\\/schema\\\/logo\\\/image\\\/\"},\"sameAs\":[\"https:\\\/\\\/www.facebook.com\\\/ana.rique.1\",\"https:\\\/\\\/www.instagram.com\\\/saberesdocaminhar\\\/\",\"https:\\\/\\\/www.youtube.com\\\/channel\\\/UCkkYqxoNO73Gop54ONtytWA\"]}]}<\/script>\n<!-- \/ Yoast SEO plugin. -->","yoast_head_json":{"title":"Terapia Sexual \u2013 Um caminho a dois - Ana Rique","description":"O objetivo da terapia sexual \u00e9 promover uma vida sexual saud\u00e1vel e satisfat\u00f3ria, abordando aspectos f\u00edsicos, emocionais e relacionais.","robots":{"index":"index","follow":"follow","max-snippet":"max-snippet:-1","max-image-preview":"max-image-preview:large","max-video-preview":"max-video-preview:-1"},"canonical":"https:\/\/anarique.net\/en\/product\/terapia-sexual-um-caminho-a-dois\/","og_locale":"en_US","og_type":"article","og_title":"Terapia Sexual \u2013 Um caminho a dois - Ana Rique","og_description":"O objetivo da terapia sexual \u00e9 promover uma vida sexual saud\u00e1vel e satisfat\u00f3ria, abordando aspectos f\u00edsicos, emocionais e relacionais.","og_url":"https:\/\/anarique.net\/en\/product\/terapia-sexual-um-caminho-a-dois\/","og_site_name":"Ana Rique","article_publisher":"https:\/\/www.facebook.com\/ana.rique.1","article_modified_time":"2026-04-18T00:04:22+00:00","twitter_card":"summary_large_image","twitter_misc":{"Est. reading time":"1 minute"},"schema":{"@context":"https:\/\/schema.org","@graph":[{"@type":"WebPage","@id":"https:\/\/anarique.net\/product\/terapia-sexual-um-caminho-a-dois\/","url":"https:\/\/anarique.net\/product\/terapia-sexual-um-caminho-a-dois\/","name":"Terapia Sexual \u2013 Um caminho a dois - Ana Rique","isPartOf":{"@id":"https:\/\/anarique.net\/#website"},"datePublished":"2026-04-18T00:00:22+00:00","dateModified":"2026-04-18T00:04:22+00:00","description":"O objetivo da terapia sexual \u00e9 promover uma vida sexual saud\u00e1vel e satisfat\u00f3ria, abordando aspectos f\u00edsicos, emocionais e relacionais.","breadcrumb":{"@id":"https:\/\/anarique.net\/product\/terapia-sexual-um-caminho-a-dois\/#breadcrumb"},"inLanguage":"en-US","potentialAction":[{"@type":"ReadAction","target":["https:\/\/anarique.net\/product\/terapia-sexual-um-caminho-a-dois\/"]}]},{"@type":"BreadcrumbList","@id":"https:\/\/anarique.net\/product\/terapia-sexual-um-caminho-a-dois\/#breadcrumb","itemListElement":[{"@type":"ListItem","position":1,"name":"In\u00edcio","item":"https:\/\/anarique.net\/"},{"@type":"ListItem","position":2,"name":"Nossos Produtos","item":"https:\/\/anarique.net\/shop\/"},{"@type":"ListItem","position":3,"name":"Terapia Sexual \u2013 Um caminho a dois"}]},{"@type":"WebSite","@id":"https:\/\/anarique.net\/#website","url":"https:\/\/anarique.net\/","name":"Ana Rique","description":"Psicoterapeuta, Neuropsic\u00f3loga e Fonoaudi\u00f3loga","publisher":{"@id":"https:\/\/anarique.net\/#organization"},"potentialAction":[{"@type":"SearchAction","target":{"@type":"EntryPoint","urlTemplate":"https:\/\/anarique.net\/?s={search_term_string}"},"query-input":{"@type":"PropertyValueSpecification","valueRequired":true,"valueName":"search_term_string"}}],"inLanguage":"en-US"},{"@type":"Organization","@id":"https:\/\/anarique.net\/#organization","name":"Ana Rique","url":"https:\/\/anarique.net\/","logo":{"@type":"ImageObject","inLanguage":"en-US","@id":"https:\/\/anarique.net\/#\/schema\/logo\/image\/","url":"https:\/\/anarique.net\/wp-content\/uploads\/2022\/12\/nova-logo-ana-rique-com-texto-2.png","contentUrl":"https:\/\/anarique.net\/wp-content\/uploads\/2022\/12\/nova-logo-ana-rique-com-texto-2.png","width":1085,"height":1402,"caption":"Ana Rique"},"image":{"@id":"https:\/\/anarique.net\/#\/schema\/logo\/image\/"},"sameAs":["https:\/\/www.facebook.com\/ana.rique.1","https:\/\/www.instagram.com\/saberesdocaminhar\/","https:\/\/www.youtube.com\/channel\/UCkkYqxoNO73Gop54ONtytWA"]}]}},"_links":{"self":[{"href":"https:\/\/anarique.net\/en\/wp-json\/wp\/v2\/product\/13051","targetHints":{"allow":["GET"]}}],"collection":[{"href":"https:\/\/anarique.net\/en\/wp-json\/wp\/v2\/product"}],"about":[{"href":"https:\/\/anarique.net\/en\/wp-json\/wp\/v2\/types\/product"}],"replies":[{"embeddable":true,"href":"https:\/\/anarique.net\/en\/wp-json\/wp\/v2\/comments?post=13051"}],"version-history":[{"count":1,"href":"https:\/\/anarique.net\/en\/wp-json\/wp\/v2\/product\/13051\/revisions"}],"predecessor-version":[{"id":13052,"href":"https:\/\/anarique.net\/en\/wp-json\/wp\/v2\/product\/13051\/revisions\/13052"}],"wp:attachment":[{"href":"https:\/\/anarique.net\/en\/wp-json\/wp\/v2\/media?parent=13051"}],"wp:term":[{"taxonomy":"product_brand","embeddable":true,"href":"https:\/\/anarique.net\/en\/wp-json\/wp\/v2\/product_brand?post=13051"},{"taxonomy":"product_cat","embeddable":true,"href":"https:\/\/anarique.net\/en\/wp-json\/wp\/v2\/product_cat?post=13051"},{"taxonomy":"product_tag","embeddable":true,"href":"https:\/\/anarique.net\/en\/wp-json\/wp\/v2\/product_tag?post=13051"}],"curies":[{"name":"wp","href":"https:\/\/api.w.org\/{rel}","templated":true}]}}