{"id":5717,"date":"2026-02-24T15:10:10","date_gmt":"2026-02-24T18:10:10","guid":{"rendered":"https:\/\/devtestemangue.com.br\/valber\/ana-rique\/?post_type=product&#038;p=5717"},"modified":"2026-03-23T10:29:43","modified_gmt":"2026-03-23T13:29:43","slug":"25-erros-de-oratoria-que-voce-precisa-evitar-volume-2","status":"publish","type":"product","link":"https:\/\/anarique.net\/en\/product\/25-erros-de-oratoria-que-voce-precisa-evitar-volume-2\/","title":{"rendered":"25 Erros de Orat\u00f3ria que Voc\u00ea Precisa Evitar &#8211; Volume 2"},"content":{"rendered":"<p>Aqui poder\u00e1 perceber o quanto as emo\u00e7\u00f5es n\u00e3o percebidas podem interferir na express\u00e3o global.<br \/>\nIsso reflete nas express\u00f5es faciais, no tom de voz, no ritmo da fala e ecoa em quem assiste. Emo\u00e7\u00f5es modulam a respira\u00e7\u00e3o: ansiedade encurta o f\u00f4lego e fragmenta frases; calma prolonga a expira\u00e7\u00e3o e estabiliza\u00a0a\u00a0voz.<\/p>","protected":false},"excerpt":{"rendered":"<p>Aqui poder\u00e1 perceber o quanto as emo\u00e7\u00f5es n\u00e3o percebidas podem interferir na express\u00e3o global.<\/p>","protected":false},"featured_media":5800,"comment_status":"open","ping_status":"closed","template":"","meta":[],"product_brand":[],"product_cat":[76,494],"product_tag":[133,139,115],"class_list":{"0":"post-5717","1":"product","2":"type-product","3":"status-publish","4":"has-post-thumbnail","6":"product_cat-e-book","7":"product_cat-oratoria-e-book","8":"product_tag-e-book","9":"product_tag-erros","10":"product_tag-oratoria","12":"first","13":"instock","14":"downloadable","15":"virtual","16":"purchasable","17":"product-type-simple"},"yoast_head":"<!-- This site is optimized with the Yoast SEO plugin v27.6 - https:\/\/yoast.com\/product\/yoast-seo-wordpress\/ -->\n<title>25 Erros de Orat\u00f3ria que Voc\u00ea Precisa Evitar - Volume 2 - Ana Rique<\/title>\n<meta name=\"description\" content=\"Descubra os 25 erros de orat\u00f3ria que atrapalham e interferem em uma express\u00e3o com seguran\u00e7a e clara.\" \/>\n<meta name=\"robots\" content=\"index, follow, max-snippet:-1, max-image-preview:large, max-video-preview:-1\" \/>\n<link rel=\"canonical\" href=\"https:\/\/anarique.net\/en\/product\/25-erros-de-oratoria-que-voce-precisa-evitar-volume-2\/\" \/>\n<meta property=\"og:locale\" content=\"en_US\" \/>\n<meta property=\"og:type\" content=\"article\" \/>\n<meta property=\"og:title\" content=\"25 Erros de Orat\u00f3ria que Voc\u00ea Precisa Evitar - Volume 2 - Ana Rique\" \/>\n<meta property=\"og:description\" content=\"Descubra os 25 erros de orat\u00f3ria que atrapalham e interferem em uma express\u00e3o com seguran\u00e7a e clara.\" \/>\n<meta property=\"og:url\" content=\"https:\/\/anarique.net\/en\/product\/25-erros-de-oratoria-que-voce-precisa-evitar-volume-2\/\" \/>\n<meta property=\"og:site_name\" content=\"Ana Rique\" \/>\n<meta property=\"article:publisher\" content=\"https:\/\/www.facebook.com\/ana.rique.1\" \/>\n<meta property=\"article:modified_time\" content=\"2026-03-23T13:29:43+00:00\" \/>\n<meta property=\"og:image\" content=\"https:\/\/anarique.net\/wp-content\/uploads\/2026\/02\/capa-2.jpg\" \/>\n\t<meta property=\"og:image:width\" content=\"1600\" \/>\n\t<meta property=\"og:image:height\" content=\"2500\" \/>\n\t<meta property=\"og:image:type\" content=\"image\/jpeg\" \/>\n<meta name=\"twitter:card\" content=\"summary_large_image\" \/>\n<meta name=\"twitter:label1\" content=\"Est. reading time\" \/>\n\t<meta name=\"twitter:data1\" content=\"1 minute\" \/>\n<script type=\"application\/ld+json\" class=\"yoast-schema-graph\">{\"@context\":\"https:\\\/\\\/schema.org\",\"@graph\":[{\"@type\":\"WebPage\",\"@id\":\"https:\\\/\\\/anarique.net\\\/product\\\/25-erros-de-oratoria-que-voce-precisa-evitar-volume-2\\\/\",\"url\":\"https:\\\/\\\/anarique.net\\\/product\\\/25-erros-de-oratoria-que-voce-precisa-evitar-volume-2\\\/\",\"name\":\"25 Erros de Orat\u00f3ria que Voc\u00ea Precisa Evitar - Volume 2 - Ana Rique\",\"isPartOf\":{\"@id\":\"https:\\\/\\\/anarique.net\\\/#website\"},\"primaryImageOfPage\":{\"@id\":\"https:\\\/\\\/anarique.net\\\/product\\\/25-erros-de-oratoria-que-voce-precisa-evitar-volume-2\\\/#primaryimage\"},\"image\":{\"@id\":\"https:\\\/\\\/anarique.net\\\/product\\\/25-erros-de-oratoria-que-voce-precisa-evitar-volume-2\\\/#primaryimage\"},\"thumbnailUrl\":\"https:\\\/\\\/anarique.net\\\/wp-content\\\/uploads\\\/2026\\\/02\\\/capa-2.jpg\",\"datePublished\":\"2026-02-24T18:10:10+00:00\",\"dateModified\":\"2026-03-23T13:29:43+00:00\",\"description\":\"Descubra os 25 erros de orat\u00f3ria que atrapalham e interferem em uma express\u00e3o com seguran\u00e7a e clara.\",\"breadcrumb\":{\"@id\":\"https:\\\/\\\/anarique.net\\\/product\\\/25-erros-de-oratoria-que-voce-precisa-evitar-volume-2\\\/#breadcrumb\"},\"inLanguage\":\"en-US\",\"potentialAction\":[{\"@type\":\"ReadAction\",\"target\":[\"https:\\\/\\\/anarique.net\\\/product\\\/25-erros-de-oratoria-que-voce-precisa-evitar-volume-2\\\/\"]}]},{\"@type\":\"ImageObject\",\"inLanguage\":\"en-US\",\"@id\":\"https:\\\/\\\/anarique.net\\\/product\\\/25-erros-de-oratoria-que-voce-precisa-evitar-volume-2\\\/#primaryimage\",\"url\":\"https:\\\/\\\/anarique.net\\\/wp-content\\\/uploads\\\/2026\\\/02\\\/capa-2.jpg\",\"contentUrl\":\"https:\\\/\\\/anarique.net\\\/wp-content\\\/uploads\\\/2026\\\/02\\\/capa-2.jpg\",\"width\":1600,\"height\":2500},{\"@type\":\"BreadcrumbList\",\"@id\":\"https:\\\/\\\/anarique.net\\\/product\\\/25-erros-de-oratoria-que-voce-precisa-evitar-volume-2\\\/#breadcrumb\",\"itemListElement\":[{\"@type\":\"ListItem\",\"position\":1,\"name\":\"In\u00edcio\",\"item\":\"https:\\\/\\\/anarique.net\\\/\"},{\"@type\":\"ListItem\",\"position\":2,\"name\":\"Nossos Produtos\",\"item\":\"https:\\\/\\\/anarique.net\\\/shop\\\/\"},{\"@type\":\"ListItem\",\"position\":3,\"name\":\"25 Erros de Orat\u00f3ria que Voc\u00ea Precisa Evitar &#8211; Volume 2\"}]},{\"@type\":\"WebSite\",\"@id\":\"https:\\\/\\\/anarique.net\\\/#website\",\"url\":\"https:\\\/\\\/anarique.net\\\/\",\"name\":\"Ana Rique\",\"description\":\"Psicoterapeuta, Neuropsic\u00f3loga e Fonoaudi\u00f3loga\",\"publisher\":{\"@id\":\"https:\\\/\\\/anarique.net\\\/#organization\"},\"potentialAction\":[{\"@type\":\"SearchAction\",\"target\":{\"@type\":\"EntryPoint\",\"urlTemplate\":\"https:\\\/\\\/anarique.net\\\/?s={search_term_string}\"},\"query-input\":{\"@type\":\"PropertyValueSpecification\",\"valueRequired\":true,\"valueName\":\"search_term_string\"}}],\"inLanguage\":\"en-US\"},{\"@type\":\"Organization\",\"@id\":\"https:\\\/\\\/anarique.net\\\/#organization\",\"name\":\"Ana Rique\",\"url\":\"https:\\\/\\\/anarique.net\\\/\",\"logo\":{\"@type\":\"ImageObject\",\"inLanguage\":\"en-US\",\"@id\":\"https:\\\/\\\/anarique.net\\\/#\\\/schema\\\/logo\\\/image\\\/\",\"url\":\"https:\\\/\\\/anarique.net\\\/wp-content\\\/uploads\\\/2022\\\/12\\\/nova-logo-ana-rique-com-texto-2.png\",\"contentUrl\":\"https:\\\/\\\/anarique.net\\\/wp-content\\\/uploads\\\/2022\\\/12\\\/nova-logo-ana-rique-com-texto-2.png\",\"width\":1085,\"height\":1402,\"caption\":\"Ana Rique\"},\"image\":{\"@id\":\"https:\\\/\\\/anarique.net\\\/#\\\/schema\\\/logo\\\/image\\\/\"},\"sameAs\":[\"https:\\\/\\\/www.facebook.com\\\/ana.rique.1\",\"https:\\\/\\\/www.instagram.com\\\/saberesdocaminhar\\\/\",\"https:\\\/\\\/www.youtube.com\\\/channel\\\/UCkkYqxoNO73Gop54ONtytWA\"]}]}<\/script>\n<!-- \/ Yoast SEO plugin. -->","yoast_head_json":{"title":"25 Erros de Orat\u00f3ria que Voc\u00ea Precisa Evitar - Volume 2 - Ana Rique","description":"Descubra os 25 erros de orat\u00f3ria que atrapalham e interferem em uma express\u00e3o com seguran\u00e7a e clara.","robots":{"index":"index","follow":"follow","max-snippet":"max-snippet:-1","max-image-preview":"max-image-preview:large","max-video-preview":"max-video-preview:-1"},"canonical":"https:\/\/anarique.net\/en\/product\/25-erros-de-oratoria-que-voce-precisa-evitar-volume-2\/","og_locale":"en_US","og_type":"article","og_title":"25 Erros de Orat\u00f3ria que Voc\u00ea Precisa Evitar - Volume 2 - Ana Rique","og_description":"Descubra os 25 erros de orat\u00f3ria que atrapalham e interferem em uma express\u00e3o com seguran\u00e7a e clara.","og_url":"https:\/\/anarique.net\/en\/product\/25-erros-de-oratoria-que-voce-precisa-evitar-volume-2\/","og_site_name":"Ana Rique","article_publisher":"https:\/\/www.facebook.com\/ana.rique.1","article_modified_time":"2026-03-23T13:29:43+00:00","og_image":[{"width":1600,"height":2500,"url":"https:\/\/anarique.net\/wp-content\/uploads\/2026\/02\/capa-2.jpg","type":"image\/jpeg"}],"twitter_card":"summary_large_image","twitter_misc":{"Est. reading time":"1 minute"},"schema":{"@context":"https:\/\/schema.org","@graph":[{"@type":"WebPage","@id":"https:\/\/anarique.net\/product\/25-erros-de-oratoria-que-voce-precisa-evitar-volume-2\/","url":"https:\/\/anarique.net\/product\/25-erros-de-oratoria-que-voce-precisa-evitar-volume-2\/","name":"25 Erros de Orat\u00f3ria que Voc\u00ea Precisa Evitar - Volume 2 - Ana Rique","isPartOf":{"@id":"https:\/\/anarique.net\/#website"},"primaryImageOfPage":{"@id":"https:\/\/anarique.net\/product\/25-erros-de-oratoria-que-voce-precisa-evitar-volume-2\/#primaryimage"},"image":{"@id":"https:\/\/anarique.net\/product\/25-erros-de-oratoria-que-voce-precisa-evitar-volume-2\/#primaryimage"},"thumbnailUrl":"https:\/\/anarique.net\/wp-content\/uploads\/2026\/02\/capa-2.jpg","datePublished":"2026-02-24T18:10:10+00:00","dateModified":"2026-03-23T13:29:43+00:00","description":"Descubra os 25 erros de orat\u00f3ria que atrapalham e interferem em uma express\u00e3o com seguran\u00e7a e clara.","breadcrumb":{"@id":"https:\/\/anarique.net\/product\/25-erros-de-oratoria-que-voce-precisa-evitar-volume-2\/#breadcrumb"},"inLanguage":"en-US","potentialAction":[{"@type":"ReadAction","target":["https:\/\/anarique.net\/product\/25-erros-de-oratoria-que-voce-precisa-evitar-volume-2\/"]}]},{"@type":"ImageObject","inLanguage":"en-US","@id":"https:\/\/anarique.net\/product\/25-erros-de-oratoria-que-voce-precisa-evitar-volume-2\/#primaryimage","url":"https:\/\/anarique.net\/wp-content\/uploads\/2026\/02\/capa-2.jpg","contentUrl":"https:\/\/anarique.net\/wp-content\/uploads\/2026\/02\/capa-2.jpg","width":1600,"height":2500},{"@type":"BreadcrumbList","@id":"https:\/\/anarique.net\/product\/25-erros-de-oratoria-que-voce-precisa-evitar-volume-2\/#breadcrumb","itemListElement":[{"@type":"ListItem","position":1,"name":"In\u00edcio","item":"https:\/\/anarique.net\/"},{"@type":"ListItem","position":2,"name":"Nossos Produtos","item":"https:\/\/anarique.net\/shop\/"},{"@type":"ListItem","position":3,"name":"25 Erros de Orat\u00f3ria que Voc\u00ea Precisa Evitar &#8211; Volume 2"}]},{"@type":"WebSite","@id":"https:\/\/anarique.net\/#website","url":"https:\/\/anarique.net\/","name":"Ana Rique","description":"Psicoterapeuta, Neuropsic\u00f3loga e Fonoaudi\u00f3loga","publisher":{"@id":"https:\/\/anarique.net\/#organization"},"potentialAction":[{"@type":"SearchAction","target":{"@type":"EntryPoint","urlTemplate":"https:\/\/anarique.net\/?s={search_term_string}"},"query-input":{"@type":"PropertyValueSpecification","valueRequired":true,"valueName":"search_term_string"}}],"inLanguage":"en-US"},{"@type":"Organization","@id":"https:\/\/anarique.net\/#organization","name":"Ana Rique","url":"https:\/\/anarique.net\/","logo":{"@type":"ImageObject","inLanguage":"en-US","@id":"https:\/\/anarique.net\/#\/schema\/logo\/image\/","url":"https:\/\/anarique.net\/wp-content\/uploads\/2022\/12\/nova-logo-ana-rique-com-texto-2.png","contentUrl":"https:\/\/anarique.net\/wp-content\/uploads\/2022\/12\/nova-logo-ana-rique-com-texto-2.png","width":1085,"height":1402,"caption":"Ana Rique"},"image":{"@id":"https:\/\/anarique.net\/#\/schema\/logo\/image\/"},"sameAs":["https:\/\/www.facebook.com\/ana.rique.1","https:\/\/www.instagram.com\/saberesdocaminhar\/","https:\/\/www.youtube.com\/channel\/UCkkYqxoNO73Gop54ONtytWA"]}]}},"_links":{"self":[{"href":"https:\/\/anarique.net\/en\/wp-json\/wp\/v2\/product\/5717","targetHints":{"allow":["GET"]}}],"collection":[{"href":"https:\/\/anarique.net\/en\/wp-json\/wp\/v2\/product"}],"about":[{"href":"https:\/\/anarique.net\/en\/wp-json\/wp\/v2\/types\/product"}],"replies":[{"embeddable":true,"href":"https:\/\/anarique.net\/en\/wp-json\/wp\/v2\/comments?post=5717"}],"version-history":[{"count":1,"href":"https:\/\/anarique.net\/en\/wp-json\/wp\/v2\/product\/5717\/revisions"}],"predecessor-version":[{"id":5801,"href":"https:\/\/anarique.net\/en\/wp-json\/wp\/v2\/product\/5717\/revisions\/5801"}],"wp:featuredmedia":[{"embeddable":true,"href":"https:\/\/anarique.net\/en\/wp-json\/wp\/v2\/media\/5800"}],"wp:attachment":[{"href":"https:\/\/anarique.net\/en\/wp-json\/wp\/v2\/media?parent=5717"}],"wp:term":[{"taxonomy":"product_brand","embeddable":true,"href":"https:\/\/anarique.net\/en\/wp-json\/wp\/v2\/product_brand?post=5717"},{"taxonomy":"product_cat","embeddable":true,"href":"https:\/\/anarique.net\/en\/wp-json\/wp\/v2\/product_cat?post=5717"},{"taxonomy":"product_tag","embeddable":true,"href":"https:\/\/anarique.net\/en\/wp-json\/wp\/v2\/product_tag?post=5717"}],"curies":[{"name":"wp","href":"https:\/\/api.w.org\/{rel}","templated":true}]}}