{"id":5726,"date":"2026-02-24T15:10:34","date_gmt":"2026-02-24T18:10:34","guid":{"rendered":"https:\/\/devtestemangue.com.br\/valber\/ana-rique\/?post_type=product&#038;p=5726"},"modified":"2026-03-03T10:14:55","modified_gmt":"2026-03-03T13:14:55","slug":"o-farol-interior-o-amor","status":"publish","type":"product","link":"https:\/\/anarique.net\/en\/product\/o-farol-interior-o-amor\/","title":{"rendered":"O  Farol Interior &#8211; O Amor"},"content":{"rendered":"<p>O Farol Interior &#8211; O Amor \u00e9 uma obra inspiradora sobre a luz que guia os caminhos do cora\u00e7\u00e3o.\u00a0O livro mostra como o amor, quando \u00e9 cultivado, se torna for\u00e7a que ilumina dentro e fora de n\u00f3s.<\/p>\n<p>Cada cap\u00edtulo traz reflex\u00f5es sobre afetos, v\u00ednculos e a capacidade de transformar vidas.<\/p>\n<p>A met\u00e1fora do farol revela o amor como guia em meio \u00e0s tempestades emocionais.<\/p>\n<p>A obra convida o leitor a enxergar o amor como fonte de equil\u00edbrio e renova\u00e7\u00e3o.<\/p>\n<p>Hist\u00f3rias e ensinamentos mostram que amar tamb\u00e9m \u00e9 um ato de coragem e entrega.<\/p>\n<p>O eBook inspira reconhecer a chama interna que fortalece rela\u00e7\u00f5es e d\u00e1 sentido \u00e0 vida.<\/p>\n<p>Mais do que romance, fala sobre amor pr\u00f3prio, compaix\u00e3o e conex\u00e3o verdadeira.<\/p>\n<p>\u00c9 uma leitura que desperta sentimentos profundos e resgata a esperan\u00e7a no amor.<\/p>\n<p>Um convite po\u00e9tico para acender o farol interior e deixar o amor guiar a jornada.<\/p>\n<p>&nbsp;<\/p>\n<p>&nbsp;<\/p>\n<p>&nbsp;<\/p>\n<p>&nbsp;<\/p>\n<p>&nbsp;<\/p>\n<p>&nbsp;<\/p>","protected":false},"excerpt":{"rendered":"<p>&#8220;O Farol Interior \u2013 O Amor \u00e9 um guia po\u00e9tico e transformador que ilumina caminhos de autoconhecimento, cura emocional e for\u00e7a interior, mostrando como o amor pode ser a luz que guia a vida.&#8221;<\/p>","protected":false},"featured_media":5808,"comment_status":"open","ping_status":"closed","template":"","meta":[],"product_brand":[],"product_cat":[140,76],"product_tag":[141,142,143,144,91,145,146,147],"class_list":{"0":"post-5726","1":"product","2":"type-product","3":"status-publish","4":"has-post-thumbnail","6":"product_cat-autoajuda","7":"product_cat-e-book","8":"product_tag-autoconhecimento","9":"product_tag-consciencia","10":"product_tag-emocional","11":"product_tag-equilibrio","12":"product_tag-forca","13":"product_tag-interior","14":"product_tag-luz-interior","15":"product_tag-plena","17":"first","18":"instock","19":"downloadable","20":"virtual","21":"purchasable","22":"product-type-simple"},"yoast_head":"<!-- This site is optimized with the Yoast SEO plugin v27.4 - https:\/\/yoast.com\/product\/yoast-seo-wordpress\/ -->\n<title>O Farol Interior - O Amor - Ana Rique<\/title>\n<meta name=\"description\" content=\"O Farol Interior \u2013 O Amor \u00e9 um guia po\u00e9tico e transformador que ilumina caminhos de autoconhecimento, cura emocional e for\u00e7a interior, mostrando como o amor pode ser a luz que guia a vida.\" \/>\n<meta name=\"robots\" content=\"index, follow, max-snippet:-1, max-image-preview:large, max-video-preview:-1\" \/>\n<link rel=\"canonical\" href=\"https:\/\/anarique.net\/en\/product\/o-farol-interior-o-amor\/\" \/>\n<meta property=\"og:locale\" content=\"en_US\" \/>\n<meta property=\"og:type\" content=\"article\" \/>\n<meta property=\"og:title\" content=\"O Farol Interior - O Amor - Ana Rique\" \/>\n<meta property=\"og:description\" content=\"O Farol Interior \u2013 O Amor \u00e9 um guia po\u00e9tico e transformador que ilumina caminhos de autoconhecimento, cura emocional e for\u00e7a interior, mostrando como o amor pode ser a luz que guia a vida.\" \/>\n<meta property=\"og:url\" content=\"https:\/\/anarique.net\/en\/product\/o-farol-interior-o-amor\/\" \/>\n<meta property=\"og:site_name\" content=\"Ana Rique\" \/>\n<meta property=\"article:publisher\" content=\"https:\/\/www.facebook.com\/ana.rique.1\" \/>\n<meta property=\"article:modified_time\" content=\"2026-03-03T13:14:55+00:00\" \/>\n<meta property=\"og:image\" content=\"https:\/\/anarique.net\/wp-content\/uploads\/2026\/02\/Design-sem-nome-11.jpg\" \/>\n\t<meta property=\"og:image:width\" content=\"512\" \/>\n\t<meta property=\"og:image:height\" content=\"800\" \/>\n\t<meta property=\"og:image:type\" content=\"image\/jpeg\" \/>\n<meta name=\"twitter:card\" content=\"summary_large_image\" \/>\n<meta name=\"twitter:label1\" content=\"Est. reading time\" \/>\n\t<meta name=\"twitter:data1\" content=\"2 minutes\" \/>\n<script type=\"application\/ld+json\" class=\"yoast-schema-graph\">{\"@context\":\"https:\\\/\\\/schema.org\",\"@graph\":[{\"@type\":\"WebPage\",\"@id\":\"https:\\\/\\\/anarique.net\\\/product\\\/o-farol-interior-o-amor\\\/\",\"url\":\"https:\\\/\\\/anarique.net\\\/product\\\/o-farol-interior-o-amor\\\/\",\"name\":\"O Farol Interior - O Amor - Ana Rique\",\"isPartOf\":{\"@id\":\"https:\\\/\\\/anarique.net\\\/#website\"},\"primaryImageOfPage\":{\"@id\":\"https:\\\/\\\/anarique.net\\\/product\\\/o-farol-interior-o-amor\\\/#primaryimage\"},\"image\":{\"@id\":\"https:\\\/\\\/anarique.net\\\/product\\\/o-farol-interior-o-amor\\\/#primaryimage\"},\"thumbnailUrl\":\"https:\\\/\\\/anarique.net\\\/wp-content\\\/uploads\\\/2026\\\/02\\\/Design-sem-nome-11.jpg\",\"datePublished\":\"2026-02-24T18:10:34+00:00\",\"dateModified\":\"2026-03-03T13:14:55+00:00\",\"description\":\"O Farol Interior \u2013 O Amor \u00e9 um guia po\u00e9tico e transformador que ilumina caminhos de autoconhecimento, cura emocional e for\u00e7a interior, mostrando como o amor pode ser a luz que guia a vida.\",\"breadcrumb\":{\"@id\":\"https:\\\/\\\/anarique.net\\\/product\\\/o-farol-interior-o-amor\\\/#breadcrumb\"},\"inLanguage\":\"en-US\",\"potentialAction\":[{\"@type\":\"ReadAction\",\"target\":[\"https:\\\/\\\/anarique.net\\\/product\\\/o-farol-interior-o-amor\\\/\"]}]},{\"@type\":\"ImageObject\",\"inLanguage\":\"en-US\",\"@id\":\"https:\\\/\\\/anarique.net\\\/product\\\/o-farol-interior-o-amor\\\/#primaryimage\",\"url\":\"https:\\\/\\\/anarique.net\\\/wp-content\\\/uploads\\\/2026\\\/02\\\/Design-sem-nome-11.jpg\",\"contentUrl\":\"https:\\\/\\\/anarique.net\\\/wp-content\\\/uploads\\\/2026\\\/02\\\/Design-sem-nome-11.jpg\",\"width\":512,\"height\":800},{\"@type\":\"BreadcrumbList\",\"@id\":\"https:\\\/\\\/anarique.net\\\/product\\\/o-farol-interior-o-amor\\\/#breadcrumb\",\"itemListElement\":[{\"@type\":\"ListItem\",\"position\":1,\"name\":\"In\u00edcio\",\"item\":\"https:\\\/\\\/anarique.net\\\/\"},{\"@type\":\"ListItem\",\"position\":2,\"name\":\"Nossos Produtos\",\"item\":\"https:\\\/\\\/anarique.net\\\/shop\\\/\"},{\"@type\":\"ListItem\",\"position\":3,\"name\":\"O Farol Interior &#8211; O Amor\"}]},{\"@type\":\"WebSite\",\"@id\":\"https:\\\/\\\/anarique.net\\\/#website\",\"url\":\"https:\\\/\\\/anarique.net\\\/\",\"name\":\"Ana Rique\",\"description\":\"Psicoterapeuta, Neuropsic\u00f3loga e Fonoaudi\u00f3loga\",\"publisher\":{\"@id\":\"https:\\\/\\\/anarique.net\\\/#organization\"},\"potentialAction\":[{\"@type\":\"SearchAction\",\"target\":{\"@type\":\"EntryPoint\",\"urlTemplate\":\"https:\\\/\\\/anarique.net\\\/?s={search_term_string}\"},\"query-input\":{\"@type\":\"PropertyValueSpecification\",\"valueRequired\":true,\"valueName\":\"search_term_string\"}}],\"inLanguage\":\"en-US\"},{\"@type\":\"Organization\",\"@id\":\"https:\\\/\\\/anarique.net\\\/#organization\",\"name\":\"Ana Rique\",\"url\":\"https:\\\/\\\/anarique.net\\\/\",\"logo\":{\"@type\":\"ImageObject\",\"inLanguage\":\"en-US\",\"@id\":\"https:\\\/\\\/anarique.net\\\/#\\\/schema\\\/logo\\\/image\\\/\",\"url\":\"https:\\\/\\\/anarique.net\\\/wp-content\\\/uploads\\\/2022\\\/12\\\/nova-logo-ana-rique-com-texto-2.png\",\"contentUrl\":\"https:\\\/\\\/anarique.net\\\/wp-content\\\/uploads\\\/2022\\\/12\\\/nova-logo-ana-rique-com-texto-2.png\",\"width\":1085,\"height\":1402,\"caption\":\"Ana Rique\"},\"image\":{\"@id\":\"https:\\\/\\\/anarique.net\\\/#\\\/schema\\\/logo\\\/image\\\/\"},\"sameAs\":[\"https:\\\/\\\/www.facebook.com\\\/ana.rique.1\",\"https:\\\/\\\/www.instagram.com\\\/saberesdocaminhar\\\/\",\"https:\\\/\\\/www.youtube.com\\\/channel\\\/UCkkYqxoNO73Gop54ONtytWA\"]}]}<\/script>\n<!-- \/ Yoast SEO plugin. -->","yoast_head_json":{"title":"O Farol Interior - O Amor - Ana Rique","description":"O Farol Interior \u2013 O Amor \u00e9 um guia po\u00e9tico e transformador que ilumina caminhos de autoconhecimento, cura emocional e for\u00e7a interior, mostrando como o amor pode ser a luz que guia a vida.","robots":{"index":"index","follow":"follow","max-snippet":"max-snippet:-1","max-image-preview":"max-image-preview:large","max-video-preview":"max-video-preview:-1"},"canonical":"https:\/\/anarique.net\/en\/product\/o-farol-interior-o-amor\/","og_locale":"en_US","og_type":"article","og_title":"O Farol Interior - O Amor - Ana Rique","og_description":"O Farol Interior \u2013 O Amor \u00e9 um guia po\u00e9tico e transformador que ilumina caminhos de autoconhecimento, cura emocional e for\u00e7a interior, mostrando como o amor pode ser a luz que guia a vida.","og_url":"https:\/\/anarique.net\/en\/product\/o-farol-interior-o-amor\/","og_site_name":"Ana Rique","article_publisher":"https:\/\/www.facebook.com\/ana.rique.1","article_modified_time":"2026-03-03T13:14:55+00:00","og_image":[{"width":512,"height":800,"url":"https:\/\/anarique.net\/wp-content\/uploads\/2026\/02\/Design-sem-nome-11.jpg","type":"image\/jpeg"}],"twitter_card":"summary_large_image","twitter_misc":{"Est. reading time":"2 minutes"},"schema":{"@context":"https:\/\/schema.org","@graph":[{"@type":"WebPage","@id":"https:\/\/anarique.net\/product\/o-farol-interior-o-amor\/","url":"https:\/\/anarique.net\/product\/o-farol-interior-o-amor\/","name":"O Farol Interior - O Amor - Ana Rique","isPartOf":{"@id":"https:\/\/anarique.net\/#website"},"primaryImageOfPage":{"@id":"https:\/\/anarique.net\/product\/o-farol-interior-o-amor\/#primaryimage"},"image":{"@id":"https:\/\/anarique.net\/product\/o-farol-interior-o-amor\/#primaryimage"},"thumbnailUrl":"https:\/\/anarique.net\/wp-content\/uploads\/2026\/02\/Design-sem-nome-11.jpg","datePublished":"2026-02-24T18:10:34+00:00","dateModified":"2026-03-03T13:14:55+00:00","description":"O Farol Interior \u2013 O Amor \u00e9 um guia po\u00e9tico e transformador que ilumina caminhos de autoconhecimento, cura emocional e for\u00e7a interior, mostrando como o amor pode ser a luz que guia a vida.","breadcrumb":{"@id":"https:\/\/anarique.net\/product\/o-farol-interior-o-amor\/#breadcrumb"},"inLanguage":"en-US","potentialAction":[{"@type":"ReadAction","target":["https:\/\/anarique.net\/product\/o-farol-interior-o-amor\/"]}]},{"@type":"ImageObject","inLanguage":"en-US","@id":"https:\/\/anarique.net\/product\/o-farol-interior-o-amor\/#primaryimage","url":"https:\/\/anarique.net\/wp-content\/uploads\/2026\/02\/Design-sem-nome-11.jpg","contentUrl":"https:\/\/anarique.net\/wp-content\/uploads\/2026\/02\/Design-sem-nome-11.jpg","width":512,"height":800},{"@type":"BreadcrumbList","@id":"https:\/\/anarique.net\/product\/o-farol-interior-o-amor\/#breadcrumb","itemListElement":[{"@type":"ListItem","position":1,"name":"In\u00edcio","item":"https:\/\/anarique.net\/"},{"@type":"ListItem","position":2,"name":"Nossos Produtos","item":"https:\/\/anarique.net\/shop\/"},{"@type":"ListItem","position":3,"name":"O Farol Interior &#8211; O Amor"}]},{"@type":"WebSite","@id":"https:\/\/anarique.net\/#website","url":"https:\/\/anarique.net\/","name":"Ana Rique","description":"Psicoterapeuta, Neuropsic\u00f3loga e Fonoaudi\u00f3loga","publisher":{"@id":"https:\/\/anarique.net\/#organization"},"potentialAction":[{"@type":"SearchAction","target":{"@type":"EntryPoint","urlTemplate":"https:\/\/anarique.net\/?s={search_term_string}"},"query-input":{"@type":"PropertyValueSpecification","valueRequired":true,"valueName":"search_term_string"}}],"inLanguage":"en-US"},{"@type":"Organization","@id":"https:\/\/anarique.net\/#organization","name":"Ana Rique","url":"https:\/\/anarique.net\/","logo":{"@type":"ImageObject","inLanguage":"en-US","@id":"https:\/\/anarique.net\/#\/schema\/logo\/image\/","url":"https:\/\/anarique.net\/wp-content\/uploads\/2022\/12\/nova-logo-ana-rique-com-texto-2.png","contentUrl":"https:\/\/anarique.net\/wp-content\/uploads\/2022\/12\/nova-logo-ana-rique-com-texto-2.png","width":1085,"height":1402,"caption":"Ana Rique"},"image":{"@id":"https:\/\/anarique.net\/#\/schema\/logo\/image\/"},"sameAs":["https:\/\/www.facebook.com\/ana.rique.1","https:\/\/www.instagram.com\/saberesdocaminhar\/","https:\/\/www.youtube.com\/channel\/UCkkYqxoNO73Gop54ONtytWA"]}]}},"_links":{"self":[{"href":"https:\/\/anarique.net\/en\/wp-json\/wp\/v2\/product\/5726","targetHints":{"allow":["GET"]}}],"collection":[{"href":"https:\/\/anarique.net\/en\/wp-json\/wp\/v2\/product"}],"about":[{"href":"https:\/\/anarique.net\/en\/wp-json\/wp\/v2\/types\/product"}],"replies":[{"embeddable":true,"href":"https:\/\/anarique.net\/en\/wp-json\/wp\/v2\/comments?post=5726"}],"version-history":[{"count":1,"href":"https:\/\/anarique.net\/en\/wp-json\/wp\/v2\/product\/5726\/revisions"}],"predecessor-version":[{"id":5809,"href":"https:\/\/anarique.net\/en\/wp-json\/wp\/v2\/product\/5726\/revisions\/5809"}],"wp:featuredmedia":[{"embeddable":true,"href":"https:\/\/anarique.net\/en\/wp-json\/wp\/v2\/media\/5808"}],"wp:attachment":[{"href":"https:\/\/anarique.net\/en\/wp-json\/wp\/v2\/media?parent=5726"}],"wp:term":[{"taxonomy":"product_brand","embeddable":true,"href":"https:\/\/anarique.net\/en\/wp-json\/wp\/v2\/product_brand?post=5726"},{"taxonomy":"product_cat","embeddable":true,"href":"https:\/\/anarique.net\/en\/wp-json\/wp\/v2\/product_cat?post=5726"},{"taxonomy":"product_tag","embeddable":true,"href":"https:\/\/anarique.net\/en\/wp-json\/wp\/v2\/product_tag?post=5726"}],"curies":[{"name":"wp","href":"https:\/\/api.w.org\/{rel}","templated":true}]}}