{"id":5738,"date":"2026-02-24T15:10:57","date_gmt":"2026-02-24T18:10:57","guid":{"rendered":"https:\/\/devtestemangue.com.br\/valber\/ana-rique\/?post_type=product&#038;p=5738"},"modified":"2026-03-03T10:14:55","modified_gmt":"2026-03-03T13:14:55","slug":"as-17-leis-espirituais-do-sucesso","status":"publish","type":"product","link":"https:\/\/anarique.net\/en\/product\/as-17-leis-espirituais-do-sucesso\/","title":{"rendered":"As 17 Leis Espirituais do Sucesso"},"content":{"rendered":"<p>As 17 Leis Espirituais do Sucesso, um guia transformador para quem busca prosperidade e prop\u00f3sito. Mais do que t\u00e9cnicas, este livro revela princ\u00edpios que alinham mente, corpo e esp\u00edrito. Cada lei \u00e9 apresentada de forma clara e pr\u00e1tica, conectando sabedoria espiritual e realiza\u00e7\u00e3o pessoal. Ao aplic\u00e1-las, o leitor descobre como atrair abund\u00e2ncia sem perder a ess\u00eancia.\u00a0 O caminho do sucesso se torna leve, \u00e9tico e em sintonia com valores internos. O livro mostra que prosperar vai al\u00e9m de conquistas materiais: \u00e9 viver em plenitude. S\u00e3o ensinamentos que inspiram equil\u00edbrio, paz interior\u00a0 e crescimento verdadeiro. Cada cap\u00edtulo traz reflex\u00f5es poderosas e aplic\u00e1veis \u00e0 vida cotidiana. \u00c9 um convite para despertar o potencial ilimitado que existe dentro de cada pessoa. Um manual de inspira\u00e7\u00e3o para transformar sonhos em realidade com consci\u00eancia e f\u00e9.<\/p>","protected":false},"excerpt":{"rendered":"<p>Conquistar a paz e o equil\u00edbrio acima de tudo.<\/p>","protected":false},"featured_media":5816,"comment_status":"open","ping_status":"closed","template":"","meta":[],"product_brand":[],"product_cat":[140,76],"product_tag":[141,178,179,180,181,182,183,184,185],"class_list":{"0":"post-5738","1":"product","2":"type-product","3":"status-publish","4":"has-post-thumbnail","6":"product_cat-autoajuda","7":"product_cat-e-book","8":"product_tag-autoconhecimento","9":"product_tag-caminho-para-o-sucesso","10":"product_tag-desenvolvimento-pessoal","11":"product_tag-energia-positiva-transformacao-de-vida","12":"product_tag-leis-espirituais","13":"product_tag-poder-da-mente","14":"product_tag-prosperidade-interior","15":"product_tag-sabedoria-espiritual","16":"product_tag-sucesso-e-espiritualidade","18":"first","19":"instock","20":"downloadable","21":"virtual","22":"purchasable","23":"product-type-simple"},"yoast_head":"<!-- This site is optimized with the Yoast SEO plugin v27.4 - https:\/\/yoast.com\/product\/yoast-seo-wordpress\/ -->\n<title>As 17 Leis Espirituais do Sucesso - Ana Rique<\/title>\n<meta name=\"description\" content=\"Um guia inspirador que revela como alinhar espiritualidade e prosperidade, transformando sua vida atrav\u00e9s das 17 leis que conduzem ao verdadeiro sucesso.\" \/>\n<meta name=\"robots\" content=\"index, follow, max-snippet:-1, max-image-preview:large, max-video-preview:-1\" \/>\n<link rel=\"canonical\" href=\"https:\/\/anarique.net\/en\/product\/as-17-leis-espirituais-do-sucesso\/\" \/>\n<meta property=\"og:locale\" content=\"en_US\" \/>\n<meta property=\"og:type\" content=\"article\" \/>\n<meta property=\"og:title\" content=\"As 17 Leis Espirituais do Sucesso - Ana Rique\" \/>\n<meta property=\"og:description\" content=\"Um guia inspirador que revela como alinhar espiritualidade e prosperidade, transformando sua vida atrav\u00e9s das 17 leis que conduzem ao verdadeiro sucesso.\" \/>\n<meta property=\"og:url\" content=\"https:\/\/anarique.net\/en\/product\/as-17-leis-espirituais-do-sucesso\/\" \/>\n<meta property=\"og:site_name\" content=\"Ana Rique\" \/>\n<meta property=\"article:publisher\" content=\"https:\/\/www.facebook.com\/ana.rique.1\" \/>\n<meta property=\"article:modified_time\" content=\"2026-03-03T13:14:55+00:00\" \/>\n<meta property=\"og:image\" content=\"https:\/\/anarique.net\/wp-content\/uploads\/2026\/02\/Design-sem-nome-17.jpg\" \/>\n\t<meta property=\"og:image:width\" content=\"512\" \/>\n\t<meta property=\"og:image:height\" content=\"800\" \/>\n\t<meta property=\"og:image:type\" content=\"image\/jpeg\" \/>\n<meta name=\"twitter:card\" content=\"summary_large_image\" \/>\n<meta name=\"twitter:label1\" content=\"Est. reading time\" \/>\n\t<meta name=\"twitter:data1\" content=\"1 minute\" \/>\n<script type=\"application\/ld+json\" class=\"yoast-schema-graph\">{\"@context\":\"https:\\\/\\\/schema.org\",\"@graph\":[{\"@type\":\"WebPage\",\"@id\":\"https:\\\/\\\/anarique.net\\\/product\\\/as-17-leis-espirituais-do-sucesso\\\/\",\"url\":\"https:\\\/\\\/anarique.net\\\/product\\\/as-17-leis-espirituais-do-sucesso\\\/\",\"name\":\"As 17 Leis Espirituais do Sucesso - Ana Rique\",\"isPartOf\":{\"@id\":\"https:\\\/\\\/anarique.net\\\/#website\"},\"primaryImageOfPage\":{\"@id\":\"https:\\\/\\\/anarique.net\\\/product\\\/as-17-leis-espirituais-do-sucesso\\\/#primaryimage\"},\"image\":{\"@id\":\"https:\\\/\\\/anarique.net\\\/product\\\/as-17-leis-espirituais-do-sucesso\\\/#primaryimage\"},\"thumbnailUrl\":\"https:\\\/\\\/anarique.net\\\/wp-content\\\/uploads\\\/2026\\\/02\\\/Design-sem-nome-17.jpg\",\"datePublished\":\"2026-02-24T18:10:57+00:00\",\"dateModified\":\"2026-03-03T13:14:55+00:00\",\"description\":\"Um guia inspirador que revela como alinhar espiritualidade e prosperidade, transformando sua vida atrav\u00e9s das 17 leis que conduzem ao verdadeiro sucesso.\",\"breadcrumb\":{\"@id\":\"https:\\\/\\\/anarique.net\\\/product\\\/as-17-leis-espirituais-do-sucesso\\\/#breadcrumb\"},\"inLanguage\":\"en-US\",\"potentialAction\":[{\"@type\":\"ReadAction\",\"target\":[\"https:\\\/\\\/anarique.net\\\/product\\\/as-17-leis-espirituais-do-sucesso\\\/\"]}]},{\"@type\":\"ImageObject\",\"inLanguage\":\"en-US\",\"@id\":\"https:\\\/\\\/anarique.net\\\/product\\\/as-17-leis-espirituais-do-sucesso\\\/#primaryimage\",\"url\":\"https:\\\/\\\/anarique.net\\\/wp-content\\\/uploads\\\/2026\\\/02\\\/Design-sem-nome-17.jpg\",\"contentUrl\":\"https:\\\/\\\/anarique.net\\\/wp-content\\\/uploads\\\/2026\\\/02\\\/Design-sem-nome-17.jpg\",\"width\":512,\"height\":800},{\"@type\":\"BreadcrumbList\",\"@id\":\"https:\\\/\\\/anarique.net\\\/product\\\/as-17-leis-espirituais-do-sucesso\\\/#breadcrumb\",\"itemListElement\":[{\"@type\":\"ListItem\",\"position\":1,\"name\":\"In\u00edcio\",\"item\":\"https:\\\/\\\/anarique.net\\\/\"},{\"@type\":\"ListItem\",\"position\":2,\"name\":\"Nossos Produtos\",\"item\":\"https:\\\/\\\/anarique.net\\\/shop\\\/\"},{\"@type\":\"ListItem\",\"position\":3,\"name\":\"As 17 Leis Espirituais do Sucesso\"}]},{\"@type\":\"WebSite\",\"@id\":\"https:\\\/\\\/anarique.net\\\/#website\",\"url\":\"https:\\\/\\\/anarique.net\\\/\",\"name\":\"Ana Rique\",\"description\":\"Psicoterapeuta, Neuropsic\u00f3loga e Fonoaudi\u00f3loga\",\"publisher\":{\"@id\":\"https:\\\/\\\/anarique.net\\\/#organization\"},\"potentialAction\":[{\"@type\":\"SearchAction\",\"target\":{\"@type\":\"EntryPoint\",\"urlTemplate\":\"https:\\\/\\\/anarique.net\\\/?s={search_term_string}\"},\"query-input\":{\"@type\":\"PropertyValueSpecification\",\"valueRequired\":true,\"valueName\":\"search_term_string\"}}],\"inLanguage\":\"en-US\"},{\"@type\":\"Organization\",\"@id\":\"https:\\\/\\\/anarique.net\\\/#organization\",\"name\":\"Ana Rique\",\"url\":\"https:\\\/\\\/anarique.net\\\/\",\"logo\":{\"@type\":\"ImageObject\",\"inLanguage\":\"en-US\",\"@id\":\"https:\\\/\\\/anarique.net\\\/#\\\/schema\\\/logo\\\/image\\\/\",\"url\":\"https:\\\/\\\/anarique.net\\\/wp-content\\\/uploads\\\/2022\\\/12\\\/nova-logo-ana-rique-com-texto-2.png\",\"contentUrl\":\"https:\\\/\\\/anarique.net\\\/wp-content\\\/uploads\\\/2022\\\/12\\\/nova-logo-ana-rique-com-texto-2.png\",\"width\":1085,\"height\":1402,\"caption\":\"Ana Rique\"},\"image\":{\"@id\":\"https:\\\/\\\/anarique.net\\\/#\\\/schema\\\/logo\\\/image\\\/\"},\"sameAs\":[\"https:\\\/\\\/www.facebook.com\\\/ana.rique.1\",\"https:\\\/\\\/www.instagram.com\\\/saberesdocaminhar\\\/\",\"https:\\\/\\\/www.youtube.com\\\/channel\\\/UCkkYqxoNO73Gop54ONtytWA\"]}]}<\/script>\n<!-- \/ Yoast SEO plugin. -->","yoast_head_json":{"title":"As 17 Leis Espirituais do Sucesso - Ana Rique","description":"Um guia inspirador que revela como alinhar espiritualidade e prosperidade, transformando sua vida atrav\u00e9s das 17 leis que conduzem ao verdadeiro sucesso.","robots":{"index":"index","follow":"follow","max-snippet":"max-snippet:-1","max-image-preview":"max-image-preview:large","max-video-preview":"max-video-preview:-1"},"canonical":"https:\/\/anarique.net\/en\/product\/as-17-leis-espirituais-do-sucesso\/","og_locale":"en_US","og_type":"article","og_title":"As 17 Leis Espirituais do Sucesso - Ana Rique","og_description":"Um guia inspirador que revela como alinhar espiritualidade e prosperidade, transformando sua vida atrav\u00e9s das 17 leis que conduzem ao verdadeiro sucesso.","og_url":"https:\/\/anarique.net\/en\/product\/as-17-leis-espirituais-do-sucesso\/","og_site_name":"Ana Rique","article_publisher":"https:\/\/www.facebook.com\/ana.rique.1","article_modified_time":"2026-03-03T13:14:55+00:00","og_image":[{"width":512,"height":800,"url":"https:\/\/anarique.net\/wp-content\/uploads\/2026\/02\/Design-sem-nome-17.jpg","type":"image\/jpeg"}],"twitter_card":"summary_large_image","twitter_misc":{"Est. reading time":"1 minute"},"schema":{"@context":"https:\/\/schema.org","@graph":[{"@type":"WebPage","@id":"https:\/\/anarique.net\/product\/as-17-leis-espirituais-do-sucesso\/","url":"https:\/\/anarique.net\/product\/as-17-leis-espirituais-do-sucesso\/","name":"As 17 Leis Espirituais do Sucesso - Ana Rique","isPartOf":{"@id":"https:\/\/anarique.net\/#website"},"primaryImageOfPage":{"@id":"https:\/\/anarique.net\/product\/as-17-leis-espirituais-do-sucesso\/#primaryimage"},"image":{"@id":"https:\/\/anarique.net\/product\/as-17-leis-espirituais-do-sucesso\/#primaryimage"},"thumbnailUrl":"https:\/\/anarique.net\/wp-content\/uploads\/2026\/02\/Design-sem-nome-17.jpg","datePublished":"2026-02-24T18:10:57+00:00","dateModified":"2026-03-03T13:14:55+00:00","description":"Um guia inspirador que revela como alinhar espiritualidade e prosperidade, transformando sua vida atrav\u00e9s das 17 leis que conduzem ao verdadeiro sucesso.","breadcrumb":{"@id":"https:\/\/anarique.net\/product\/as-17-leis-espirituais-do-sucesso\/#breadcrumb"},"inLanguage":"en-US","potentialAction":[{"@type":"ReadAction","target":["https:\/\/anarique.net\/product\/as-17-leis-espirituais-do-sucesso\/"]}]},{"@type":"ImageObject","inLanguage":"en-US","@id":"https:\/\/anarique.net\/product\/as-17-leis-espirituais-do-sucesso\/#primaryimage","url":"https:\/\/anarique.net\/wp-content\/uploads\/2026\/02\/Design-sem-nome-17.jpg","contentUrl":"https:\/\/anarique.net\/wp-content\/uploads\/2026\/02\/Design-sem-nome-17.jpg","width":512,"height":800},{"@type":"BreadcrumbList","@id":"https:\/\/anarique.net\/product\/as-17-leis-espirituais-do-sucesso\/#breadcrumb","itemListElement":[{"@type":"ListItem","position":1,"name":"In\u00edcio","item":"https:\/\/anarique.net\/"},{"@type":"ListItem","position":2,"name":"Nossos Produtos","item":"https:\/\/anarique.net\/shop\/"},{"@type":"ListItem","position":3,"name":"As 17 Leis Espirituais do Sucesso"}]},{"@type":"WebSite","@id":"https:\/\/anarique.net\/#website","url":"https:\/\/anarique.net\/","name":"Ana Rique","description":"Psicoterapeuta, Neuropsic\u00f3loga e Fonoaudi\u00f3loga","publisher":{"@id":"https:\/\/anarique.net\/#organization"},"potentialAction":[{"@type":"SearchAction","target":{"@type":"EntryPoint","urlTemplate":"https:\/\/anarique.net\/?s={search_term_string}"},"query-input":{"@type":"PropertyValueSpecification","valueRequired":true,"valueName":"search_term_string"}}],"inLanguage":"en-US"},{"@type":"Organization","@id":"https:\/\/anarique.net\/#organization","name":"Ana Rique","url":"https:\/\/anarique.net\/","logo":{"@type":"ImageObject","inLanguage":"en-US","@id":"https:\/\/anarique.net\/#\/schema\/logo\/image\/","url":"https:\/\/anarique.net\/wp-content\/uploads\/2022\/12\/nova-logo-ana-rique-com-texto-2.png","contentUrl":"https:\/\/anarique.net\/wp-content\/uploads\/2022\/12\/nova-logo-ana-rique-com-texto-2.png","width":1085,"height":1402,"caption":"Ana Rique"},"image":{"@id":"https:\/\/anarique.net\/#\/schema\/logo\/image\/"},"sameAs":["https:\/\/www.facebook.com\/ana.rique.1","https:\/\/www.instagram.com\/saberesdocaminhar\/","https:\/\/www.youtube.com\/channel\/UCkkYqxoNO73Gop54ONtytWA"]}]}},"_links":{"self":[{"href":"https:\/\/anarique.net\/en\/wp-json\/wp\/v2\/product\/5738","targetHints":{"allow":["GET"]}}],"collection":[{"href":"https:\/\/anarique.net\/en\/wp-json\/wp\/v2\/product"}],"about":[{"href":"https:\/\/anarique.net\/en\/wp-json\/wp\/v2\/types\/product"}],"replies":[{"embeddable":true,"href":"https:\/\/anarique.net\/en\/wp-json\/wp\/v2\/comments?post=5738"}],"version-history":[{"count":1,"href":"https:\/\/anarique.net\/en\/wp-json\/wp\/v2\/product\/5738\/revisions"}],"predecessor-version":[{"id":5817,"href":"https:\/\/anarique.net\/en\/wp-json\/wp\/v2\/product\/5738\/revisions\/5817"}],"wp:featuredmedia":[{"embeddable":true,"href":"https:\/\/anarique.net\/en\/wp-json\/wp\/v2\/media\/5816"}],"wp:attachment":[{"href":"https:\/\/anarique.net\/en\/wp-json\/wp\/v2\/media?parent=5738"}],"wp:term":[{"taxonomy":"product_brand","embeddable":true,"href":"https:\/\/anarique.net\/en\/wp-json\/wp\/v2\/product_brand?post=5738"},{"taxonomy":"product_cat","embeddable":true,"href":"https:\/\/anarique.net\/en\/wp-json\/wp\/v2\/product_cat?post=5738"},{"taxonomy":"product_tag","embeddable":true,"href":"https:\/\/anarique.net\/en\/wp-json\/wp\/v2\/product_tag?post=5738"}],"curies":[{"name":"wp","href":"https:\/\/api.w.org\/{rel}","templated":true}]}}