{"id":5739,"date":"2026-02-24T15:10:58","date_gmt":"2026-02-24T18:10:58","guid":{"rendered":"https:\/\/devtestemangue.com.br\/valber\/ana-rique\/?post_type=product&#038;p=5739"},"modified":"2026-03-03T10:14:55","modified_gmt":"2026-03-03T13:14:55","slug":"a-linguagem-oculta-do-medo","status":"publish","type":"product","link":"https:\/\/anarique.net\/en\/product\/a-linguagem-oculta-do-medo\/","title":{"rendered":"A Linguagem Oculta do Medo"},"content":{"rendered":"<p>A Linguagem Oculta do Medo desvenda os sinais silenciosos que o medo imprime na mente e no corpo. O livro mostra como esse sentimento\u00a0 se disfar\u00e7a em gestos, palavras e escolhas no dia a dia. Cada cap\u00edtulo revela camadas ocultas do medo e sua influ\u00eancia nas emo\u00e7\u00f5es e nos relacionamentos. A obra convida o leitor a compreender que o medo fala, mesmo quando n\u00e3o \u00e9 percebido. Ao decifrar essa linguagem, \u00e9 poss\u00edvel transformar fragilidade em consci\u00eancia e for\u00e7a. O medo deixa de ser inimigo e passa a ser um guia para o autoconhecimento. Reflex\u00f5es profundas mostram como ressignificar experi\u00eancias que paralisam e limitam. Com linguagem clara e envolvente, o livro aproxima ci\u00eancia, psicologia e espiritualidade. \u00c9 uma leitura que inspira coragem e desperta o poder de enfrentar desafios internos. Uma jornada de liberta\u00e7\u00e3o para quem deseja viver com mais clareza, confian\u00e7a e liberdade.<\/p>","protected":false},"excerpt":{"rendered":"<p>O medo e suas formas de agir silenciosamente na vida do Ser Humano.<\/p>","protected":false},"featured_media":5818,"comment_status":"open","ping_status":"closed","template":"","meta":[],"product_brand":[],"product_cat":[140,76],"product_tag":[141,186,187,188,189,190,191,192,193,194],"class_list":{"0":"post-5739","1":"product","2":"type-product","3":"status-publish","4":"has-post-thumbnail","6":"product_cat-autoajuda","7":"product_cat-e-book","8":"product_tag-autoconhecimento","9":"product_tag-consciencia-emocional","10":"product_tag-cura-do-medo","11":"product_tag-emocoes-ocultas","12":"product_tag-forca-interior","13":"product_tag-linguagem-do-medo","14":"product_tag-psicologia-do-medo","15":"product_tag-sentimentos-inconscientes","16":"product_tag-superar-o-medo","17":"product_tag-traumas-emocionais","19":"first","20":"instock","21":"downloadable","22":"virtual","23":"purchasable","24":"product-type-simple"},"yoast_head":"<!-- This site is optimized with the Yoast SEO plugin v27.4 - https:\/\/yoast.com\/product\/yoast-seo-wordpress\/ -->\n<title>A Linguagem Oculta do Medo - Ana Rique<\/title>\n<meta name=\"description\" content=\"Explore como o medo se manifesta em sil\u00eancios, gestos e palavras. Um olhar profundo sobre a comunica\u00e7\u00e3o invis\u00edvel que molda emo\u00e7\u00f5es e rela\u00e7\u00f5es.\" \/>\n<meta name=\"robots\" content=\"index, follow, max-snippet:-1, max-image-preview:large, max-video-preview:-1\" \/>\n<link rel=\"canonical\" href=\"https:\/\/anarique.net\/en\/product\/a-linguagem-oculta-do-medo\/\" \/>\n<meta property=\"og:locale\" content=\"en_US\" \/>\n<meta property=\"og:type\" content=\"article\" \/>\n<meta property=\"og:title\" content=\"A Linguagem Oculta do Medo - Ana Rique\" \/>\n<meta property=\"og:description\" content=\"Explore como o medo se manifesta em sil\u00eancios, gestos e palavras. Um olhar profundo sobre a comunica\u00e7\u00e3o invis\u00edvel que molda emo\u00e7\u00f5es e rela\u00e7\u00f5es.\" \/>\n<meta property=\"og:url\" content=\"https:\/\/anarique.net\/en\/product\/a-linguagem-oculta-do-medo\/\" \/>\n<meta property=\"og:site_name\" content=\"Ana Rique\" \/>\n<meta property=\"article:publisher\" content=\"https:\/\/www.facebook.com\/ana.rique.1\" \/>\n<meta property=\"article:modified_time\" content=\"2026-03-03T13:14:55+00:00\" \/>\n<meta property=\"og:image\" content=\"https:\/\/anarique.net\/wp-content\/uploads\/2026\/02\/Design-sem-nome-2.jpg\" \/>\n\t<meta property=\"og:image:width\" content=\"512\" \/>\n\t<meta property=\"og:image:height\" content=\"800\" \/>\n\t<meta property=\"og:image:type\" content=\"image\/jpeg\" \/>\n<meta name=\"twitter:card\" content=\"summary_large_image\" \/>\n<meta name=\"twitter:label1\" content=\"Est. reading time\" \/>\n\t<meta name=\"twitter:data1\" content=\"1 minute\" \/>\n<script type=\"application\/ld+json\" class=\"yoast-schema-graph\">{\"@context\":\"https:\\\/\\\/schema.org\",\"@graph\":[{\"@type\":\"WebPage\",\"@id\":\"https:\\\/\\\/anarique.net\\\/product\\\/a-linguagem-oculta-do-medo\\\/\",\"url\":\"https:\\\/\\\/anarique.net\\\/product\\\/a-linguagem-oculta-do-medo\\\/\",\"name\":\"A Linguagem Oculta do Medo - Ana Rique\",\"isPartOf\":{\"@id\":\"https:\\\/\\\/anarique.net\\\/#website\"},\"primaryImageOfPage\":{\"@id\":\"https:\\\/\\\/anarique.net\\\/product\\\/a-linguagem-oculta-do-medo\\\/#primaryimage\"},\"image\":{\"@id\":\"https:\\\/\\\/anarique.net\\\/product\\\/a-linguagem-oculta-do-medo\\\/#primaryimage\"},\"thumbnailUrl\":\"https:\\\/\\\/anarique.net\\\/wp-content\\\/uploads\\\/2026\\\/02\\\/Design-sem-nome-2.jpg\",\"datePublished\":\"2026-02-24T18:10:58+00:00\",\"dateModified\":\"2026-03-03T13:14:55+00:00\",\"description\":\"Explore como o medo se manifesta em sil\u00eancios, gestos e palavras. Um olhar profundo sobre a comunica\u00e7\u00e3o invis\u00edvel que molda emo\u00e7\u00f5es e rela\u00e7\u00f5es.\",\"breadcrumb\":{\"@id\":\"https:\\\/\\\/anarique.net\\\/product\\\/a-linguagem-oculta-do-medo\\\/#breadcrumb\"},\"inLanguage\":\"en-US\",\"potentialAction\":[{\"@type\":\"ReadAction\",\"target\":[\"https:\\\/\\\/anarique.net\\\/product\\\/a-linguagem-oculta-do-medo\\\/\"]}]},{\"@type\":\"ImageObject\",\"inLanguage\":\"en-US\",\"@id\":\"https:\\\/\\\/anarique.net\\\/product\\\/a-linguagem-oculta-do-medo\\\/#primaryimage\",\"url\":\"https:\\\/\\\/anarique.net\\\/wp-content\\\/uploads\\\/2026\\\/02\\\/Design-sem-nome-2.jpg\",\"contentUrl\":\"https:\\\/\\\/anarique.net\\\/wp-content\\\/uploads\\\/2026\\\/02\\\/Design-sem-nome-2.jpg\",\"width\":512,\"height\":800},{\"@type\":\"BreadcrumbList\",\"@id\":\"https:\\\/\\\/anarique.net\\\/product\\\/a-linguagem-oculta-do-medo\\\/#breadcrumb\",\"itemListElement\":[{\"@type\":\"ListItem\",\"position\":1,\"name\":\"In\u00edcio\",\"item\":\"https:\\\/\\\/anarique.net\\\/\"},{\"@type\":\"ListItem\",\"position\":2,\"name\":\"Nossos Produtos\",\"item\":\"https:\\\/\\\/anarique.net\\\/shop\\\/\"},{\"@type\":\"ListItem\",\"position\":3,\"name\":\"A Linguagem Oculta do Medo\"}]},{\"@type\":\"WebSite\",\"@id\":\"https:\\\/\\\/anarique.net\\\/#website\",\"url\":\"https:\\\/\\\/anarique.net\\\/\",\"name\":\"Ana Rique\",\"description\":\"Psicoterapeuta, Neuropsic\u00f3loga e Fonoaudi\u00f3loga\",\"publisher\":{\"@id\":\"https:\\\/\\\/anarique.net\\\/#organization\"},\"potentialAction\":[{\"@type\":\"SearchAction\",\"target\":{\"@type\":\"EntryPoint\",\"urlTemplate\":\"https:\\\/\\\/anarique.net\\\/?s={search_term_string}\"},\"query-input\":{\"@type\":\"PropertyValueSpecification\",\"valueRequired\":true,\"valueName\":\"search_term_string\"}}],\"inLanguage\":\"en-US\"},{\"@type\":\"Organization\",\"@id\":\"https:\\\/\\\/anarique.net\\\/#organization\",\"name\":\"Ana Rique\",\"url\":\"https:\\\/\\\/anarique.net\\\/\",\"logo\":{\"@type\":\"ImageObject\",\"inLanguage\":\"en-US\",\"@id\":\"https:\\\/\\\/anarique.net\\\/#\\\/schema\\\/logo\\\/image\\\/\",\"url\":\"https:\\\/\\\/anarique.net\\\/wp-content\\\/uploads\\\/2022\\\/12\\\/nova-logo-ana-rique-com-texto-2.png\",\"contentUrl\":\"https:\\\/\\\/anarique.net\\\/wp-content\\\/uploads\\\/2022\\\/12\\\/nova-logo-ana-rique-com-texto-2.png\",\"width\":1085,\"height\":1402,\"caption\":\"Ana Rique\"},\"image\":{\"@id\":\"https:\\\/\\\/anarique.net\\\/#\\\/schema\\\/logo\\\/image\\\/\"},\"sameAs\":[\"https:\\\/\\\/www.facebook.com\\\/ana.rique.1\",\"https:\\\/\\\/www.instagram.com\\\/saberesdocaminhar\\\/\",\"https:\\\/\\\/www.youtube.com\\\/channel\\\/UCkkYqxoNO73Gop54ONtytWA\"]}]}<\/script>\n<!-- \/ Yoast SEO plugin. -->","yoast_head_json":{"title":"A Linguagem Oculta do Medo - Ana Rique","description":"Explore como o medo se manifesta em sil\u00eancios, gestos e palavras. Um olhar profundo sobre a comunica\u00e7\u00e3o invis\u00edvel que molda emo\u00e7\u00f5es e rela\u00e7\u00f5es.","robots":{"index":"index","follow":"follow","max-snippet":"max-snippet:-1","max-image-preview":"max-image-preview:large","max-video-preview":"max-video-preview:-1"},"canonical":"https:\/\/anarique.net\/en\/product\/a-linguagem-oculta-do-medo\/","og_locale":"en_US","og_type":"article","og_title":"A Linguagem Oculta do Medo - Ana Rique","og_description":"Explore como o medo se manifesta em sil\u00eancios, gestos e palavras. Um olhar profundo sobre a comunica\u00e7\u00e3o invis\u00edvel que molda emo\u00e7\u00f5es e rela\u00e7\u00f5es.","og_url":"https:\/\/anarique.net\/en\/product\/a-linguagem-oculta-do-medo\/","og_site_name":"Ana Rique","article_publisher":"https:\/\/www.facebook.com\/ana.rique.1","article_modified_time":"2026-03-03T13:14:55+00:00","og_image":[{"width":512,"height":800,"url":"https:\/\/anarique.net\/wp-content\/uploads\/2026\/02\/Design-sem-nome-2.jpg","type":"image\/jpeg"}],"twitter_card":"summary_large_image","twitter_misc":{"Est. reading time":"1 minute"},"schema":{"@context":"https:\/\/schema.org","@graph":[{"@type":"WebPage","@id":"https:\/\/anarique.net\/product\/a-linguagem-oculta-do-medo\/","url":"https:\/\/anarique.net\/product\/a-linguagem-oculta-do-medo\/","name":"A Linguagem Oculta do Medo - Ana Rique","isPartOf":{"@id":"https:\/\/anarique.net\/#website"},"primaryImageOfPage":{"@id":"https:\/\/anarique.net\/product\/a-linguagem-oculta-do-medo\/#primaryimage"},"image":{"@id":"https:\/\/anarique.net\/product\/a-linguagem-oculta-do-medo\/#primaryimage"},"thumbnailUrl":"https:\/\/anarique.net\/wp-content\/uploads\/2026\/02\/Design-sem-nome-2.jpg","datePublished":"2026-02-24T18:10:58+00:00","dateModified":"2026-03-03T13:14:55+00:00","description":"Explore como o medo se manifesta em sil\u00eancios, gestos e palavras. Um olhar profundo sobre a comunica\u00e7\u00e3o invis\u00edvel que molda emo\u00e7\u00f5es e rela\u00e7\u00f5es.","breadcrumb":{"@id":"https:\/\/anarique.net\/product\/a-linguagem-oculta-do-medo\/#breadcrumb"},"inLanguage":"en-US","potentialAction":[{"@type":"ReadAction","target":["https:\/\/anarique.net\/product\/a-linguagem-oculta-do-medo\/"]}]},{"@type":"ImageObject","inLanguage":"en-US","@id":"https:\/\/anarique.net\/product\/a-linguagem-oculta-do-medo\/#primaryimage","url":"https:\/\/anarique.net\/wp-content\/uploads\/2026\/02\/Design-sem-nome-2.jpg","contentUrl":"https:\/\/anarique.net\/wp-content\/uploads\/2026\/02\/Design-sem-nome-2.jpg","width":512,"height":800},{"@type":"BreadcrumbList","@id":"https:\/\/anarique.net\/product\/a-linguagem-oculta-do-medo\/#breadcrumb","itemListElement":[{"@type":"ListItem","position":1,"name":"In\u00edcio","item":"https:\/\/anarique.net\/"},{"@type":"ListItem","position":2,"name":"Nossos Produtos","item":"https:\/\/anarique.net\/shop\/"},{"@type":"ListItem","position":3,"name":"A Linguagem Oculta do Medo"}]},{"@type":"WebSite","@id":"https:\/\/anarique.net\/#website","url":"https:\/\/anarique.net\/","name":"Ana Rique","description":"Psicoterapeuta, Neuropsic\u00f3loga e Fonoaudi\u00f3loga","publisher":{"@id":"https:\/\/anarique.net\/#organization"},"potentialAction":[{"@type":"SearchAction","target":{"@type":"EntryPoint","urlTemplate":"https:\/\/anarique.net\/?s={search_term_string}"},"query-input":{"@type":"PropertyValueSpecification","valueRequired":true,"valueName":"search_term_string"}}],"inLanguage":"en-US"},{"@type":"Organization","@id":"https:\/\/anarique.net\/#organization","name":"Ana Rique","url":"https:\/\/anarique.net\/","logo":{"@type":"ImageObject","inLanguage":"en-US","@id":"https:\/\/anarique.net\/#\/schema\/logo\/image\/","url":"https:\/\/anarique.net\/wp-content\/uploads\/2022\/12\/nova-logo-ana-rique-com-texto-2.png","contentUrl":"https:\/\/anarique.net\/wp-content\/uploads\/2022\/12\/nova-logo-ana-rique-com-texto-2.png","width":1085,"height":1402,"caption":"Ana Rique"},"image":{"@id":"https:\/\/anarique.net\/#\/schema\/logo\/image\/"},"sameAs":["https:\/\/www.facebook.com\/ana.rique.1","https:\/\/www.instagram.com\/saberesdocaminhar\/","https:\/\/www.youtube.com\/channel\/UCkkYqxoNO73Gop54ONtytWA"]}]}},"_links":{"self":[{"href":"https:\/\/anarique.net\/en\/wp-json\/wp\/v2\/product\/5739","targetHints":{"allow":["GET"]}}],"collection":[{"href":"https:\/\/anarique.net\/en\/wp-json\/wp\/v2\/product"}],"about":[{"href":"https:\/\/anarique.net\/en\/wp-json\/wp\/v2\/types\/product"}],"replies":[{"embeddable":true,"href":"https:\/\/anarique.net\/en\/wp-json\/wp\/v2\/comments?post=5739"}],"version-history":[{"count":1,"href":"https:\/\/anarique.net\/en\/wp-json\/wp\/v2\/product\/5739\/revisions"}],"predecessor-version":[{"id":5819,"href":"https:\/\/anarique.net\/en\/wp-json\/wp\/v2\/product\/5739\/revisions\/5819"}],"wp:featuredmedia":[{"embeddable":true,"href":"https:\/\/anarique.net\/en\/wp-json\/wp\/v2\/media\/5818"}],"wp:attachment":[{"href":"https:\/\/anarique.net\/en\/wp-json\/wp\/v2\/media?parent=5739"}],"wp:term":[{"taxonomy":"product_brand","embeddable":true,"href":"https:\/\/anarique.net\/en\/wp-json\/wp\/v2\/product_brand?post=5739"},{"taxonomy":"product_cat","embeddable":true,"href":"https:\/\/anarique.net\/en\/wp-json\/wp\/v2\/product_cat?post=5739"},{"taxonomy":"product_tag","embeddable":true,"href":"https:\/\/anarique.net\/en\/wp-json\/wp\/v2\/product_tag?post=5739"}],"curies":[{"name":"wp","href":"https:\/\/api.w.org\/{rel}","templated":true}]}}