{"id":5740,"date":"2026-02-24T15:10:58","date_gmt":"2026-02-24T18:10:58","guid":{"rendered":"https:\/\/devtestemangue.com.br\/valber\/ana-rique\/?post_type=product&#038;p=5740"},"modified":"2026-03-03T10:14:55","modified_gmt":"2026-03-03T13:14:55","slug":"a-mente-erotica-como-os-pensamentos-influenciam-os-desejos","status":"publish","type":"product","link":"https:\/\/anarique.net\/en\/product\/a-mente-erotica-como-os-pensamentos-influenciam-os-desejos\/","title":{"rendered":"A Mente Er\u00f3tica: como os pensamentos influenciam os desejos"},"content":{"rendered":"<p>A Mente Er\u00f3tica mostra como pensamentos acendem ou apagam o desejo. Guia pr\u00e1tico, direto e sem jarg\u00e3o para a vida real. Aprenda a trocar desempenho por presen\u00e7a. Descubra o poder da aten\u00e7\u00e3o e dos cen\u00e1rios sensoriais. Use fantasia com \u00e9tica e consentimento vivo. Desmonte vergonha e ansiedade com m\u00e9todos simples. Entenda desejo espont\u00e2neo x responsivo sem culpa. Protocolos curtos: E.C.O., P.A.S.S.O., 7-14-28. Linguagem que convida: palavras que acendem, n\u00e3o cobram. Higiene digital e compara\u00e7\u00e3o: o algoritmo fora do quarto. Renova\u00e7\u00e3o para rela\u00e7\u00f5es longas sem pirotecnia. Aftercare mental: cuidado que fecha o arco do encontro. Ferramentas para solos, casais e profissionais. Leitura modular com reflex\u00f5es marcantes em cada cap\u00edtulo. Comece hoje: escolha dois rituais e convide o desejo a voltar.<\/p>","protected":false},"excerpt":{"rendered":"<p>Pensar e realizar, desejar e sentir, um caminho para o autoconhecimento.<\/p>","protected":false},"featured_media":5820,"comment_status":"open","ping_status":"closed","template":"","meta":[],"product_brand":[],"product_cat":[76,148],"product_tag":[195,196,197,198,199,200,201,202,203,204],"class_list":{"0":"post-5740","1":"product","2":"type-product","3":"status-publish","4":"has-post-thumbnail","6":"product_cat-e-book","7":"product_cat-relacionamento-conjugal","8":"product_tag-desejo-e-prazer","9":"product_tag-expressao-do-desejo","10":"product_tag-fantasia-e-realidade","11":"product_tag-intimidade-emocional","12":"product_tag-mente-erotica","13":"product_tag-psicologia-da-sexualidade","14":"product_tag-relacoes-e-erotismo","15":"product_tag-saudavel-autoconhecimento-sexual","16":"product_tag-sexualidade-consciente","17":"product_tag-vida-sexual","19":"first","20":"instock","21":"downloadable","22":"virtual","23":"purchasable","24":"product-type-simple"},"yoast_head":"<!-- This site is optimized with the Yoast SEO plugin v27.5 - https:\/\/yoast.com\/product\/yoast-seo-wordpress\/ -->\n<title>A Mente Er\u00f3tica: como os pensamentos influenciam os desejos - Ana Rique<\/title>\n<meta name=\"description\" content=\"Um mergulho na psicologia do desejo e da imagina\u00e7\u00e3o. Descubra como a mente er\u00f3tica influencia emo\u00e7\u00f5es, relacionamentos e a arte de sentir prazer.\" \/>\n<meta name=\"robots\" content=\"index, follow, max-snippet:-1, max-image-preview:large, max-video-preview:-1\" \/>\n<link rel=\"canonical\" href=\"https:\/\/anarique.net\/en\/product\/a-mente-erotica-como-os-pensamentos-influenciam-os-desejos\/\" \/>\n<meta property=\"og:locale\" content=\"en_US\" \/>\n<meta property=\"og:type\" content=\"article\" \/>\n<meta property=\"og:title\" content=\"A Mente Er\u00f3tica: como os pensamentos influenciam os desejos - Ana Rique\" \/>\n<meta property=\"og:description\" content=\"Um mergulho na psicologia do desejo e da imagina\u00e7\u00e3o. Descubra como a mente er\u00f3tica influencia emo\u00e7\u00f5es, relacionamentos e a arte de sentir prazer.\" \/>\n<meta property=\"og:url\" content=\"https:\/\/anarique.net\/en\/product\/a-mente-erotica-como-os-pensamentos-influenciam-os-desejos\/\" \/>\n<meta property=\"og:site_name\" content=\"Ana Rique\" \/>\n<meta property=\"article:publisher\" content=\"https:\/\/www.facebook.com\/ana.rique.1\" \/>\n<meta property=\"article:modified_time\" content=\"2026-03-03T13:14:55+00:00\" \/>\n<meta property=\"og:image\" content=\"https:\/\/anarique.net\/wp-content\/uploads\/2026\/02\/Design-sem-nome-3.jpg\" \/>\n\t<meta property=\"og:image:width\" content=\"512\" \/>\n\t<meta property=\"og:image:height\" content=\"800\" \/>\n\t<meta property=\"og:image:type\" content=\"image\/jpeg\" \/>\n<meta name=\"twitter:card\" content=\"summary_large_image\" \/>\n<meta name=\"twitter:label1\" content=\"Est. reading time\" \/>\n\t<meta name=\"twitter:data1\" content=\"1 minute\" \/>\n<script type=\"application\/ld+json\" class=\"yoast-schema-graph\">{\"@context\":\"https:\\\/\\\/schema.org\",\"@graph\":[{\"@type\":\"WebPage\",\"@id\":\"https:\\\/\\\/anarique.net\\\/product\\\/a-mente-erotica-como-os-pensamentos-influenciam-os-desejos\\\/\",\"url\":\"https:\\\/\\\/anarique.net\\\/product\\\/a-mente-erotica-como-os-pensamentos-influenciam-os-desejos\\\/\",\"name\":\"A Mente Er\u00f3tica: como os pensamentos influenciam os desejos - Ana Rique\",\"isPartOf\":{\"@id\":\"https:\\\/\\\/anarique.net\\\/#website\"},\"primaryImageOfPage\":{\"@id\":\"https:\\\/\\\/anarique.net\\\/product\\\/a-mente-erotica-como-os-pensamentos-influenciam-os-desejos\\\/#primaryimage\"},\"image\":{\"@id\":\"https:\\\/\\\/anarique.net\\\/product\\\/a-mente-erotica-como-os-pensamentos-influenciam-os-desejos\\\/#primaryimage\"},\"thumbnailUrl\":\"https:\\\/\\\/anarique.net\\\/wp-content\\\/uploads\\\/2026\\\/02\\\/Design-sem-nome-3.jpg\",\"datePublished\":\"2026-02-24T18:10:58+00:00\",\"dateModified\":\"2026-03-03T13:14:55+00:00\",\"description\":\"Um mergulho na psicologia do desejo e da imagina\u00e7\u00e3o. Descubra como a mente er\u00f3tica influencia emo\u00e7\u00f5es, relacionamentos e a arte de sentir prazer.\",\"breadcrumb\":{\"@id\":\"https:\\\/\\\/anarique.net\\\/product\\\/a-mente-erotica-como-os-pensamentos-influenciam-os-desejos\\\/#breadcrumb\"},\"inLanguage\":\"en-US\",\"potentialAction\":[{\"@type\":\"ReadAction\",\"target\":[\"https:\\\/\\\/anarique.net\\\/product\\\/a-mente-erotica-como-os-pensamentos-influenciam-os-desejos\\\/\"]}]},{\"@type\":\"ImageObject\",\"inLanguage\":\"en-US\",\"@id\":\"https:\\\/\\\/anarique.net\\\/product\\\/a-mente-erotica-como-os-pensamentos-influenciam-os-desejos\\\/#primaryimage\",\"url\":\"https:\\\/\\\/anarique.net\\\/wp-content\\\/uploads\\\/2026\\\/02\\\/Design-sem-nome-3.jpg\",\"contentUrl\":\"https:\\\/\\\/anarique.net\\\/wp-content\\\/uploads\\\/2026\\\/02\\\/Design-sem-nome-3.jpg\",\"width\":512,\"height\":800},{\"@type\":\"BreadcrumbList\",\"@id\":\"https:\\\/\\\/anarique.net\\\/product\\\/a-mente-erotica-como-os-pensamentos-influenciam-os-desejos\\\/#breadcrumb\",\"itemListElement\":[{\"@type\":\"ListItem\",\"position\":1,\"name\":\"In\u00edcio\",\"item\":\"https:\\\/\\\/anarique.net\\\/\"},{\"@type\":\"ListItem\",\"position\":2,\"name\":\"Nossos Produtos\",\"item\":\"https:\\\/\\\/anarique.net\\\/shop\\\/\"},{\"@type\":\"ListItem\",\"position\":3,\"name\":\"A Mente Er\u00f3tica: como os pensamentos influenciam os desejos\"}]},{\"@type\":\"WebSite\",\"@id\":\"https:\\\/\\\/anarique.net\\\/#website\",\"url\":\"https:\\\/\\\/anarique.net\\\/\",\"name\":\"Ana Rique\",\"description\":\"Psicoterapeuta, Neuropsic\u00f3loga e Fonoaudi\u00f3loga\",\"publisher\":{\"@id\":\"https:\\\/\\\/anarique.net\\\/#organization\"},\"potentialAction\":[{\"@type\":\"SearchAction\",\"target\":{\"@type\":\"EntryPoint\",\"urlTemplate\":\"https:\\\/\\\/anarique.net\\\/?s={search_term_string}\"},\"query-input\":{\"@type\":\"PropertyValueSpecification\",\"valueRequired\":true,\"valueName\":\"search_term_string\"}}],\"inLanguage\":\"en-US\"},{\"@type\":\"Organization\",\"@id\":\"https:\\\/\\\/anarique.net\\\/#organization\",\"name\":\"Ana Rique\",\"url\":\"https:\\\/\\\/anarique.net\\\/\",\"logo\":{\"@type\":\"ImageObject\",\"inLanguage\":\"en-US\",\"@id\":\"https:\\\/\\\/anarique.net\\\/#\\\/schema\\\/logo\\\/image\\\/\",\"url\":\"https:\\\/\\\/anarique.net\\\/wp-content\\\/uploads\\\/2022\\\/12\\\/nova-logo-ana-rique-com-texto-2.png\",\"contentUrl\":\"https:\\\/\\\/anarique.net\\\/wp-content\\\/uploads\\\/2022\\\/12\\\/nova-logo-ana-rique-com-texto-2.png\",\"width\":1085,\"height\":1402,\"caption\":\"Ana Rique\"},\"image\":{\"@id\":\"https:\\\/\\\/anarique.net\\\/#\\\/schema\\\/logo\\\/image\\\/\"},\"sameAs\":[\"https:\\\/\\\/www.facebook.com\\\/ana.rique.1\",\"https:\\\/\\\/www.instagram.com\\\/saberesdocaminhar\\\/\",\"https:\\\/\\\/www.youtube.com\\\/channel\\\/UCkkYqxoNO73Gop54ONtytWA\"]}]}<\/script>\n<!-- \/ Yoast SEO plugin. -->","yoast_head_json":{"title":"A Mente Er\u00f3tica: como os pensamentos influenciam os desejos - Ana Rique","description":"Um mergulho na psicologia do desejo e da imagina\u00e7\u00e3o. Descubra como a mente er\u00f3tica influencia emo\u00e7\u00f5es, relacionamentos e a arte de sentir prazer.","robots":{"index":"index","follow":"follow","max-snippet":"max-snippet:-1","max-image-preview":"max-image-preview:large","max-video-preview":"max-video-preview:-1"},"canonical":"https:\/\/anarique.net\/en\/product\/a-mente-erotica-como-os-pensamentos-influenciam-os-desejos\/","og_locale":"en_US","og_type":"article","og_title":"A Mente Er\u00f3tica: como os pensamentos influenciam os desejos - Ana Rique","og_description":"Um mergulho na psicologia do desejo e da imagina\u00e7\u00e3o. Descubra como a mente er\u00f3tica influencia emo\u00e7\u00f5es, relacionamentos e a arte de sentir prazer.","og_url":"https:\/\/anarique.net\/en\/product\/a-mente-erotica-como-os-pensamentos-influenciam-os-desejos\/","og_site_name":"Ana Rique","article_publisher":"https:\/\/www.facebook.com\/ana.rique.1","article_modified_time":"2026-03-03T13:14:55+00:00","og_image":[{"width":512,"height":800,"url":"https:\/\/anarique.net\/wp-content\/uploads\/2026\/02\/Design-sem-nome-3.jpg","type":"image\/jpeg"}],"twitter_card":"summary_large_image","twitter_misc":{"Est. reading time":"1 minute"},"schema":{"@context":"https:\/\/schema.org","@graph":[{"@type":"WebPage","@id":"https:\/\/anarique.net\/product\/a-mente-erotica-como-os-pensamentos-influenciam-os-desejos\/","url":"https:\/\/anarique.net\/product\/a-mente-erotica-como-os-pensamentos-influenciam-os-desejos\/","name":"A Mente Er\u00f3tica: como os pensamentos influenciam os desejos - Ana Rique","isPartOf":{"@id":"https:\/\/anarique.net\/#website"},"primaryImageOfPage":{"@id":"https:\/\/anarique.net\/product\/a-mente-erotica-como-os-pensamentos-influenciam-os-desejos\/#primaryimage"},"image":{"@id":"https:\/\/anarique.net\/product\/a-mente-erotica-como-os-pensamentos-influenciam-os-desejos\/#primaryimage"},"thumbnailUrl":"https:\/\/anarique.net\/wp-content\/uploads\/2026\/02\/Design-sem-nome-3.jpg","datePublished":"2026-02-24T18:10:58+00:00","dateModified":"2026-03-03T13:14:55+00:00","description":"Um mergulho na psicologia do desejo e da imagina\u00e7\u00e3o. Descubra como a mente er\u00f3tica influencia emo\u00e7\u00f5es, relacionamentos e a arte de sentir prazer.","breadcrumb":{"@id":"https:\/\/anarique.net\/product\/a-mente-erotica-como-os-pensamentos-influenciam-os-desejos\/#breadcrumb"},"inLanguage":"en-US","potentialAction":[{"@type":"ReadAction","target":["https:\/\/anarique.net\/product\/a-mente-erotica-como-os-pensamentos-influenciam-os-desejos\/"]}]},{"@type":"ImageObject","inLanguage":"en-US","@id":"https:\/\/anarique.net\/product\/a-mente-erotica-como-os-pensamentos-influenciam-os-desejos\/#primaryimage","url":"https:\/\/anarique.net\/wp-content\/uploads\/2026\/02\/Design-sem-nome-3.jpg","contentUrl":"https:\/\/anarique.net\/wp-content\/uploads\/2026\/02\/Design-sem-nome-3.jpg","width":512,"height":800},{"@type":"BreadcrumbList","@id":"https:\/\/anarique.net\/product\/a-mente-erotica-como-os-pensamentos-influenciam-os-desejos\/#breadcrumb","itemListElement":[{"@type":"ListItem","position":1,"name":"In\u00edcio","item":"https:\/\/anarique.net\/"},{"@type":"ListItem","position":2,"name":"Nossos Produtos","item":"https:\/\/anarique.net\/shop\/"},{"@type":"ListItem","position":3,"name":"A Mente Er\u00f3tica: como os pensamentos influenciam os desejos"}]},{"@type":"WebSite","@id":"https:\/\/anarique.net\/#website","url":"https:\/\/anarique.net\/","name":"Ana Rique","description":"Psicoterapeuta, Neuropsic\u00f3loga e Fonoaudi\u00f3loga","publisher":{"@id":"https:\/\/anarique.net\/#organization"},"potentialAction":[{"@type":"SearchAction","target":{"@type":"EntryPoint","urlTemplate":"https:\/\/anarique.net\/?s={search_term_string}"},"query-input":{"@type":"PropertyValueSpecification","valueRequired":true,"valueName":"search_term_string"}}],"inLanguage":"en-US"},{"@type":"Organization","@id":"https:\/\/anarique.net\/#organization","name":"Ana Rique","url":"https:\/\/anarique.net\/","logo":{"@type":"ImageObject","inLanguage":"en-US","@id":"https:\/\/anarique.net\/#\/schema\/logo\/image\/","url":"https:\/\/anarique.net\/wp-content\/uploads\/2022\/12\/nova-logo-ana-rique-com-texto-2.png","contentUrl":"https:\/\/anarique.net\/wp-content\/uploads\/2022\/12\/nova-logo-ana-rique-com-texto-2.png","width":1085,"height":1402,"caption":"Ana Rique"},"image":{"@id":"https:\/\/anarique.net\/#\/schema\/logo\/image\/"},"sameAs":["https:\/\/www.facebook.com\/ana.rique.1","https:\/\/www.instagram.com\/saberesdocaminhar\/","https:\/\/www.youtube.com\/channel\/UCkkYqxoNO73Gop54ONtytWA"]}]}},"_links":{"self":[{"href":"https:\/\/anarique.net\/en\/wp-json\/wp\/v2\/product\/5740","targetHints":{"allow":["GET"]}}],"collection":[{"href":"https:\/\/anarique.net\/en\/wp-json\/wp\/v2\/product"}],"about":[{"href":"https:\/\/anarique.net\/en\/wp-json\/wp\/v2\/types\/product"}],"replies":[{"embeddable":true,"href":"https:\/\/anarique.net\/en\/wp-json\/wp\/v2\/comments?post=5740"}],"version-history":[{"count":1,"href":"https:\/\/anarique.net\/en\/wp-json\/wp\/v2\/product\/5740\/revisions"}],"predecessor-version":[{"id":5821,"href":"https:\/\/anarique.net\/en\/wp-json\/wp\/v2\/product\/5740\/revisions\/5821"}],"wp:featuredmedia":[{"embeddable":true,"href":"https:\/\/anarique.net\/en\/wp-json\/wp\/v2\/media\/5820"}],"wp:attachment":[{"href":"https:\/\/anarique.net\/en\/wp-json\/wp\/v2\/media?parent=5740"}],"wp:term":[{"taxonomy":"product_brand","embeddable":true,"href":"https:\/\/anarique.net\/en\/wp-json\/wp\/v2\/product_brand?post=5740"},{"taxonomy":"product_cat","embeddable":true,"href":"https:\/\/anarique.net\/en\/wp-json\/wp\/v2\/product_cat?post=5740"},{"taxonomy":"product_tag","embeddable":true,"href":"https:\/\/anarique.net\/en\/wp-json\/wp\/v2\/product_tag?post=5740"}],"curies":[{"name":"wp","href":"https:\/\/api.w.org\/{rel}","templated":true}]}}