{"id":5753,"date":"2026-02-24T15:11:24","date_gmt":"2026-02-24T18:11:24","guid":{"rendered":"https:\/\/devtestemangue.com.br\/valber\/ana-rique\/?post_type=product&#038;p=5753"},"modified":"2026-03-03T10:14:55","modified_gmt":"2026-03-03T13:14:55","slug":"guia-de-21-dias-de-praticas-tantricas","status":"publish","type":"product","link":"https:\/\/anarique.net\/en\/product\/guia-de-21-dias-de-praticas-tantricas\/","title":{"rendered":"Guia de 21 Dias de Pr\u00e1ticas T\u00e2ntricas"},"content":{"rendered":"<p>Voc\u00ea sente que sua rela\u00e7\u00e3o perdeu o brilho? Que a rotina apagou o desejo, e que o carinho j\u00e1 n\u00e3o \u00e9 como antes? Este <strong>Guia de 21 Dias de Pr\u00e1ticas T\u00e2ntricas<\/strong> foi criado para casais que desejam reavivar a paix\u00e3o, fortalecer a intimidade e transformar a vida sexual em um espa\u00e7o de conex\u00e3o profunda.<\/p>\n<p>S\u00e3o 21 dias de exerc\u00edcios pr\u00e1ticos, que come\u00e7am de forma leve \u2014 com abra\u00e7os, olhares e gestos simples \u2014 e evoluem para experi\u00eancias sensuais e espirituais que ampliam o prazer e aprofundam o v\u00ednculo.<\/p>\n<p>O Tantra ensina que o sexo n\u00e3o precisa ser apressado, mec\u00e2nico ou apenas f\u00edsico. Ele pode ser consciente, lento e transformador. Um beijo, um toque, uma respira\u00e7\u00e3o compartilhada podem se tornar atos sagrados quando vividos com presen\u00e7a.<\/p>\n<p>Neste guia, voc\u00ea vai encontrar pr\u00e1ticas para desacelerar, despertar energia, explorar o corpo do parceiro de forma consciente e redescobrir a for\u00e7a do desejo. Tudo de forma respeitosa, carinhosa e apaixonante.<\/p>\n<p>Prepare-se para uma jornada de intimidade real, prazer expandido e reconex\u00e3o espiritual. Respirem juntos, entreguem-se ao momento e descubram como 21 dias podem transformar completamente sua rela\u00e7\u00e3o.<\/p>","protected":false},"excerpt":{"rendered":"<p>S\u00e3o 21 dias de exerc\u00edcios pr\u00e1ticos, que come\u00e7am de forma bastante leve \u2014 com abra\u00e7os, olhares e gestos simples \u2014 e v\u00e3o evoluindo para experi\u00eancias sensuais e espirituais que ampliam o prazer e aprofundam o v\u00ednculo<\/p>","protected":false},"featured_media":5830,"comment_status":"open","ping_status":"closed","template":"","meta":[],"product_brand":[],"product_cat":[76,148],"product_tag":[227,228,229,121,230],"class_list":{"0":"post-5753","1":"product","2":"type-product","3":"status-publish","4":"has-post-thumbnail","6":"product_cat-e-book","7":"product_cat-relacionamento-conjugal","8":"product_tag-espiritualidade","9":"product_tag-prazer","10":"product_tag-sensibilidade","11":"product_tag-sexo","12":"product_tag-tantrico","14":"first","15":"instock","16":"downloadable","17":"virtual","18":"purchasable","19":"product-type-simple"},"yoast_head":"<!-- This site is optimized with the Yoast SEO plugin v27.4 - https:\/\/yoast.com\/product\/yoast-seo-wordpress\/ -->\n<title>Guia de 21 Dias de Pr\u00e1ticas T\u00e2ntricas - Ana Rique<\/title>\n<meta name=\"robots\" content=\"index, follow, max-snippet:-1, max-image-preview:large, max-video-preview:-1\" \/>\n<link rel=\"canonical\" href=\"https:\/\/anarique.net\/en\/product\/guia-de-21-dias-de-praticas-tantricas\/\" \/>\n<meta property=\"og:locale\" content=\"en_US\" \/>\n<meta property=\"og:type\" content=\"article\" \/>\n<meta property=\"og:title\" content=\"Guia de 21 Dias de Pr\u00e1ticas T\u00e2ntricas - Ana Rique\" \/>\n<meta property=\"og:description\" content=\"S\u00e3o 21 dias de exerc\u00edcios pr\u00e1ticos, que come\u00e7am de forma bastante leve \u2014 com abra\u00e7os, olhares e gestos simples \u2014 e v\u00e3o evoluindo para experi\u00eancias sensuais e espirituais que ampliam o prazer e aprofundam o v\u00ednculo\" \/>\n<meta property=\"og:url\" content=\"https:\/\/anarique.net\/en\/product\/guia-de-21-dias-de-praticas-tantricas\/\" \/>\n<meta property=\"og:site_name\" content=\"Ana Rique\" \/>\n<meta property=\"article:publisher\" content=\"https:\/\/www.facebook.com\/ana.rique.1\" \/>\n<meta property=\"article:modified_time\" content=\"2026-03-03T13:14:55+00:00\" \/>\n<meta property=\"og:image\" content=\"https:\/\/anarique.net\/wp-content\/uploads\/2026\/02\/Design-sem-nome-19.jpg\" \/>\n\t<meta property=\"og:image:width\" content=\"512\" \/>\n\t<meta property=\"og:image:height\" content=\"800\" \/>\n\t<meta property=\"og:image:type\" content=\"image\/jpeg\" \/>\n<meta name=\"twitter:card\" content=\"summary_large_image\" \/>\n<meta name=\"twitter:label1\" content=\"Est. reading time\" \/>\n\t<meta name=\"twitter:data1\" content=\"2 minutes\" \/>\n<script type=\"application\/ld+json\" class=\"yoast-schema-graph\">{\"@context\":\"https:\\\/\\\/schema.org\",\"@graph\":[{\"@type\":\"WebPage\",\"@id\":\"https:\\\/\\\/anarique.net\\\/product\\\/guia-de-21-dias-de-praticas-tantricas\\\/\",\"url\":\"https:\\\/\\\/anarique.net\\\/product\\\/guia-de-21-dias-de-praticas-tantricas\\\/\",\"name\":\"Guia de 21 Dias de Pr\u00e1ticas T\u00e2ntricas - Ana Rique\",\"isPartOf\":{\"@id\":\"https:\\\/\\\/anarique.net\\\/#website\"},\"primaryImageOfPage\":{\"@id\":\"https:\\\/\\\/anarique.net\\\/product\\\/guia-de-21-dias-de-praticas-tantricas\\\/#primaryimage\"},\"image\":{\"@id\":\"https:\\\/\\\/anarique.net\\\/product\\\/guia-de-21-dias-de-praticas-tantricas\\\/#primaryimage\"},\"thumbnailUrl\":\"https:\\\/\\\/anarique.net\\\/wp-content\\\/uploads\\\/2026\\\/02\\\/Design-sem-nome-19.jpg\",\"datePublished\":\"2026-02-24T18:11:24+00:00\",\"dateModified\":\"2026-03-03T13:14:55+00:00\",\"breadcrumb\":{\"@id\":\"https:\\\/\\\/anarique.net\\\/product\\\/guia-de-21-dias-de-praticas-tantricas\\\/#breadcrumb\"},\"inLanguage\":\"en-US\",\"potentialAction\":[{\"@type\":\"ReadAction\",\"target\":[\"https:\\\/\\\/anarique.net\\\/product\\\/guia-de-21-dias-de-praticas-tantricas\\\/\"]}]},{\"@type\":\"ImageObject\",\"inLanguage\":\"en-US\",\"@id\":\"https:\\\/\\\/anarique.net\\\/product\\\/guia-de-21-dias-de-praticas-tantricas\\\/#primaryimage\",\"url\":\"https:\\\/\\\/anarique.net\\\/wp-content\\\/uploads\\\/2026\\\/02\\\/Design-sem-nome-19.jpg\",\"contentUrl\":\"https:\\\/\\\/anarique.net\\\/wp-content\\\/uploads\\\/2026\\\/02\\\/Design-sem-nome-19.jpg\",\"width\":512,\"height\":800},{\"@type\":\"BreadcrumbList\",\"@id\":\"https:\\\/\\\/anarique.net\\\/product\\\/guia-de-21-dias-de-praticas-tantricas\\\/#breadcrumb\",\"itemListElement\":[{\"@type\":\"ListItem\",\"position\":1,\"name\":\"In\u00edcio\",\"item\":\"https:\\\/\\\/anarique.net\\\/\"},{\"@type\":\"ListItem\",\"position\":2,\"name\":\"Nossos Produtos\",\"item\":\"https:\\\/\\\/anarique.net\\\/shop\\\/\"},{\"@type\":\"ListItem\",\"position\":3,\"name\":\"Guia de 21 Dias de Pr\u00e1ticas T\u00e2ntricas\"}]},{\"@type\":\"WebSite\",\"@id\":\"https:\\\/\\\/anarique.net\\\/#website\",\"url\":\"https:\\\/\\\/anarique.net\\\/\",\"name\":\"Ana Rique\",\"description\":\"Psicoterapeuta, Neuropsic\u00f3loga e Fonoaudi\u00f3loga\",\"publisher\":{\"@id\":\"https:\\\/\\\/anarique.net\\\/#organization\"},\"potentialAction\":[{\"@type\":\"SearchAction\",\"target\":{\"@type\":\"EntryPoint\",\"urlTemplate\":\"https:\\\/\\\/anarique.net\\\/?s={search_term_string}\"},\"query-input\":{\"@type\":\"PropertyValueSpecification\",\"valueRequired\":true,\"valueName\":\"search_term_string\"}}],\"inLanguage\":\"en-US\"},{\"@type\":\"Organization\",\"@id\":\"https:\\\/\\\/anarique.net\\\/#organization\",\"name\":\"Ana Rique\",\"url\":\"https:\\\/\\\/anarique.net\\\/\",\"logo\":{\"@type\":\"ImageObject\",\"inLanguage\":\"en-US\",\"@id\":\"https:\\\/\\\/anarique.net\\\/#\\\/schema\\\/logo\\\/image\\\/\",\"url\":\"https:\\\/\\\/anarique.net\\\/wp-content\\\/uploads\\\/2022\\\/12\\\/nova-logo-ana-rique-com-texto-2.png\",\"contentUrl\":\"https:\\\/\\\/anarique.net\\\/wp-content\\\/uploads\\\/2022\\\/12\\\/nova-logo-ana-rique-com-texto-2.png\",\"width\":1085,\"height\":1402,\"caption\":\"Ana Rique\"},\"image\":{\"@id\":\"https:\\\/\\\/anarique.net\\\/#\\\/schema\\\/logo\\\/image\\\/\"},\"sameAs\":[\"https:\\\/\\\/www.facebook.com\\\/ana.rique.1\",\"https:\\\/\\\/www.instagram.com\\\/saberesdocaminhar\\\/\",\"https:\\\/\\\/www.youtube.com\\\/channel\\\/UCkkYqxoNO73Gop54ONtytWA\"]}]}<\/script>\n<!-- \/ Yoast SEO plugin. -->","yoast_head_json":{"title":"Guia de 21 Dias de Pr\u00e1ticas T\u00e2ntricas - Ana Rique","robots":{"index":"index","follow":"follow","max-snippet":"max-snippet:-1","max-image-preview":"max-image-preview:large","max-video-preview":"max-video-preview:-1"},"canonical":"https:\/\/anarique.net\/en\/product\/guia-de-21-dias-de-praticas-tantricas\/","og_locale":"en_US","og_type":"article","og_title":"Guia de 21 Dias de Pr\u00e1ticas T\u00e2ntricas - Ana Rique","og_description":"S\u00e3o 21 dias de exerc\u00edcios pr\u00e1ticos, que come\u00e7am de forma bastante leve \u2014 com abra\u00e7os, olhares e gestos simples \u2014 e v\u00e3o evoluindo para experi\u00eancias sensuais e espirituais que ampliam o prazer e aprofundam o v\u00ednculo","og_url":"https:\/\/anarique.net\/en\/product\/guia-de-21-dias-de-praticas-tantricas\/","og_site_name":"Ana Rique","article_publisher":"https:\/\/www.facebook.com\/ana.rique.1","article_modified_time":"2026-03-03T13:14:55+00:00","og_image":[{"width":512,"height":800,"url":"https:\/\/anarique.net\/wp-content\/uploads\/2026\/02\/Design-sem-nome-19.jpg","type":"image\/jpeg"}],"twitter_card":"summary_large_image","twitter_misc":{"Est. reading time":"2 minutes"},"schema":{"@context":"https:\/\/schema.org","@graph":[{"@type":"WebPage","@id":"https:\/\/anarique.net\/product\/guia-de-21-dias-de-praticas-tantricas\/","url":"https:\/\/anarique.net\/product\/guia-de-21-dias-de-praticas-tantricas\/","name":"Guia de 21 Dias de Pr\u00e1ticas T\u00e2ntricas - Ana Rique","isPartOf":{"@id":"https:\/\/anarique.net\/#website"},"primaryImageOfPage":{"@id":"https:\/\/anarique.net\/product\/guia-de-21-dias-de-praticas-tantricas\/#primaryimage"},"image":{"@id":"https:\/\/anarique.net\/product\/guia-de-21-dias-de-praticas-tantricas\/#primaryimage"},"thumbnailUrl":"https:\/\/anarique.net\/wp-content\/uploads\/2026\/02\/Design-sem-nome-19.jpg","datePublished":"2026-02-24T18:11:24+00:00","dateModified":"2026-03-03T13:14:55+00:00","breadcrumb":{"@id":"https:\/\/anarique.net\/product\/guia-de-21-dias-de-praticas-tantricas\/#breadcrumb"},"inLanguage":"en-US","potentialAction":[{"@type":"ReadAction","target":["https:\/\/anarique.net\/product\/guia-de-21-dias-de-praticas-tantricas\/"]}]},{"@type":"ImageObject","inLanguage":"en-US","@id":"https:\/\/anarique.net\/product\/guia-de-21-dias-de-praticas-tantricas\/#primaryimage","url":"https:\/\/anarique.net\/wp-content\/uploads\/2026\/02\/Design-sem-nome-19.jpg","contentUrl":"https:\/\/anarique.net\/wp-content\/uploads\/2026\/02\/Design-sem-nome-19.jpg","width":512,"height":800},{"@type":"BreadcrumbList","@id":"https:\/\/anarique.net\/product\/guia-de-21-dias-de-praticas-tantricas\/#breadcrumb","itemListElement":[{"@type":"ListItem","position":1,"name":"In\u00edcio","item":"https:\/\/anarique.net\/"},{"@type":"ListItem","position":2,"name":"Nossos Produtos","item":"https:\/\/anarique.net\/shop\/"},{"@type":"ListItem","position":3,"name":"Guia de 21 Dias de Pr\u00e1ticas T\u00e2ntricas"}]},{"@type":"WebSite","@id":"https:\/\/anarique.net\/#website","url":"https:\/\/anarique.net\/","name":"Ana Rique","description":"Psicoterapeuta, Neuropsic\u00f3loga e Fonoaudi\u00f3loga","publisher":{"@id":"https:\/\/anarique.net\/#organization"},"potentialAction":[{"@type":"SearchAction","target":{"@type":"EntryPoint","urlTemplate":"https:\/\/anarique.net\/?s={search_term_string}"},"query-input":{"@type":"PropertyValueSpecification","valueRequired":true,"valueName":"search_term_string"}}],"inLanguage":"en-US"},{"@type":"Organization","@id":"https:\/\/anarique.net\/#organization","name":"Ana Rique","url":"https:\/\/anarique.net\/","logo":{"@type":"ImageObject","inLanguage":"en-US","@id":"https:\/\/anarique.net\/#\/schema\/logo\/image\/","url":"https:\/\/anarique.net\/wp-content\/uploads\/2022\/12\/nova-logo-ana-rique-com-texto-2.png","contentUrl":"https:\/\/anarique.net\/wp-content\/uploads\/2022\/12\/nova-logo-ana-rique-com-texto-2.png","width":1085,"height":1402,"caption":"Ana Rique"},"image":{"@id":"https:\/\/anarique.net\/#\/schema\/logo\/image\/"},"sameAs":["https:\/\/www.facebook.com\/ana.rique.1","https:\/\/www.instagram.com\/saberesdocaminhar\/","https:\/\/www.youtube.com\/channel\/UCkkYqxoNO73Gop54ONtytWA"]}]}},"_links":{"self":[{"href":"https:\/\/anarique.net\/en\/wp-json\/wp\/v2\/product\/5753","targetHints":{"allow":["GET"]}}],"collection":[{"href":"https:\/\/anarique.net\/en\/wp-json\/wp\/v2\/product"}],"about":[{"href":"https:\/\/anarique.net\/en\/wp-json\/wp\/v2\/types\/product"}],"replies":[{"embeddable":true,"href":"https:\/\/anarique.net\/en\/wp-json\/wp\/v2\/comments?post=5753"}],"version-history":[{"count":1,"href":"https:\/\/anarique.net\/en\/wp-json\/wp\/v2\/product\/5753\/revisions"}],"predecessor-version":[{"id":5831,"href":"https:\/\/anarique.net\/en\/wp-json\/wp\/v2\/product\/5753\/revisions\/5831"}],"wp:featuredmedia":[{"embeddable":true,"href":"https:\/\/anarique.net\/en\/wp-json\/wp\/v2\/media\/5830"}],"wp:attachment":[{"href":"https:\/\/anarique.net\/en\/wp-json\/wp\/v2\/media?parent=5753"}],"wp:term":[{"taxonomy":"product_brand","embeddable":true,"href":"https:\/\/anarique.net\/en\/wp-json\/wp\/v2\/product_brand?post=5753"},{"taxonomy":"product_cat","embeddable":true,"href":"https:\/\/anarique.net\/en\/wp-json\/wp\/v2\/product_cat?post=5753"},{"taxonomy":"product_tag","embeddable":true,"href":"https:\/\/anarique.net\/en\/wp-json\/wp\/v2\/product_tag?post=5753"}],"curies":[{"name":"wp","href":"https:\/\/api.w.org\/{rel}","templated":true}]}}