{"id":5869,"date":"2026-02-24T15:13:01","date_gmt":"2026-02-24T18:13:01","guid":{"rendered":"https:\/\/devtestemangue.com.br\/valber\/ana-rique\/?post_type=product&#038;p=5869"},"modified":"2026-03-03T10:11:40","modified_gmt":"2026-03-03T13:11:40","slug":"biquinho-de-poder-aprendendo-o-fonema-p-brincando","status":"publish","type":"product","link":"https:\/\/anarique.net\/en\/product\/biquinho-de-poder-aprendendo-o-fonema-p-brincando\/","title":{"rendered":"BIQUINHO DE PODER Aprendendo o fonema \/P\/ brincando"},"content":{"rendered":"<p>Existem sons que nascem suavemente\u2026 e existem os que explodem com gra\u00e7a!<br \/>\nO fonema <strong>\/P\/<\/strong> \u00e9 uma explos\u00e3o de ar que precisa de l\u00e1bios fortes, respira\u00e7\u00e3o certa e confian\u00e7a.<br \/>\nEste eBook foi criado para transformar o aprendizado do som \u201cP\u201d em um jogo divertido.<br \/>\nAqui, o <strong>biquinho vira personagem<\/strong>, o <strong>sopro vira combust\u00edvel<\/strong>, e cada \u201cP\u201d \u00e9 um mini foguete que leva a fala para outro n\u00edvel.<br \/>\nVoc\u00ea, adulto, aprender\u00e1 como ensinar o \/P\/ sem for\u00e7ar, sem broncas e sem repetir \u201cfala direito!\u201d \u2014 mas guiando com afeto e leveza.<br \/>\nA crian\u00e7a vai entrar em aventuras como \u201cP de Poder\u201d, \u201cExplos\u00e3o de Pipoca\u201d e \u201cCorrida dos Biu-Piu\u201d.<br \/>\nExplicamos o funcionamento dos l\u00e1bios de forma simples e visual, criando consci\u00eancia muscular sem ser t\u00e9cnica demais.<br \/>\nTrouxemos exerc\u00edcios curtos, objetivos e progressivos, para treinar a produ\u00e7\u00e3o isolada, sil\u00e1bica e em palavras.<br \/>\nTudo no ritmo da brincadeira e com pequenas metas que geram motiva\u00e7\u00e3o.<br \/>\nNada de exerc\u00edcios longos e cansativos: <strong>curto, divertido e eficiente<\/strong> \u00e9 o lema deste material.<br \/>\nOs cap\u00edtulos misturam explica\u00e7\u00f5es claras para pais, trechos engra\u00e7ados para crian\u00e7as e atividades criativas.<br \/>\nVoc\u00ea ter\u00e1 acesso a jogos de sopro, desafios com canudos, tarefas de repetir sons como se fossem fogos de artif\u00edcio e at\u00e9 dicion\u00e1rio de palavras explosivas com \u201cP\u201d.<br \/>\nE n\u00e3o se preocupe: haver\u00e1 espa\u00e7o para erros, risadas e repeti\u00e7\u00e3o leve, sem comparar a crian\u00e7a com ningu\u00e9m.<br \/>\nAo longo do caminho, cada pequena melhora ser\u00e1 celebrada, porque aprender a falar \u00e9 como aprender a lan\u00e7ar foguetes: um passo por vez, com alegria.<br \/>\nNo final, voc\u00ea ver\u00e1 como o som \u201cP\u201d, que parecia dif\u00edcil ou fraco, pode se tornar firme, correto e cheio de personalidade.<br \/>\nMais do que isso: sua crian\u00e7a vai sentir orgulho de sua fala e vai querer repetir o \u201c\/P\/\u201d mais vezes s\u00f3 para mostrar o progresso.<br \/>\nEste livro \u00e9 mais do que t\u00e9cnica: \u00e9 carinho, ci\u00eancia leve e muitas gargalhadas cheias de ar.<br \/>\nPrepare os l\u00e1bios, aque\u00e7a o sopro\u2026<br \/>\nPorque agora come\u00e7a a jornada do <strong>Biquinho de Poder!<\/strong><br \/>\nVamos explodir sons com alegria?<\/p>","protected":false},"excerpt":{"rendered":"<p>O som do <strong>\/P\/<\/strong> \u00e9 uma explos\u00e3o fofinha feita com os l\u00e1bios!<br \/>\nEste eBook mostra como transformar o \u201cP\u201d em um superpoder divertido.<br \/>\nCom jogos engra\u00e7ados e treinos leves, pais e crian\u00e7as aprendem juntas.<br \/>\nO biquinho vira her\u00f3i e o sopro vira combust\u00edvel da fala.<br \/>\nPrepare-se para ouvir muitos \u201cP\u201d com orgulho e alegria!<\/p>\n<p>&nbsp;<\/p>","protected":false},"featured_media":5906,"comment_status":"open","ping_status":"closed","template":"","meta":[],"product_brand":[],"product_cat":[76,249],"product_tag":[328,329,330,331,251,332,333,253,334,288],"class_list":{"0":"post-5869","1":"product","2":"type-product","3":"status-publish","4":"has-post-thumbnail","6":"product_cat-e-book","7":"product_cat-fonoaudiologia","8":"product_tag-articulacao","9":"product_tag-crianca","10":"product_tag-desenvolvimento","11":"product_tag-diccao","12":"product_tag-fala","13":"product_tag-fluencia","14":"product_tag-fonema","15":"product_tag-linguagem","16":"product_tag-p","17":"product_tag-palavra","19":"first","20":"instock","21":"downloadable","22":"virtual","23":"purchasable","24":"product-type-simple"},"yoast_head":"<!-- This site is optimized with the Yoast SEO plugin v27.5 - https:\/\/yoast.com\/product\/yoast-seo-wordpress\/ -->\n<title>BIQUINHO DE PODER Aprendendo o fonema \/P\/ brincando - Ana Rique<\/title>\n<meta name=\"robots\" content=\"index, follow, max-snippet:-1, max-image-preview:large, max-video-preview:-1\" \/>\n<link rel=\"canonical\" href=\"https:\/\/anarique.net\/en\/product\/biquinho-de-poder-aprendendo-o-fonema-p-brincando\/\" \/>\n<meta property=\"og:locale\" content=\"en_US\" \/>\n<meta property=\"og:type\" content=\"article\" \/>\n<meta property=\"og:title\" content=\"BIQUINHO DE PODER Aprendendo o fonema \/P\/ brincando - Ana Rique\" \/>\n<meta property=\"og:description\" content=\"O som do \/P\/ \u00e9 uma explos\u00e3o fofinha feita com os l\u00e1bios! Este eBook mostra como transformar o \u201cP\u201d em um superpoder divertido. Com jogos engra\u00e7ados e treinos leves, pais e crian\u00e7as aprendem juntas. O biquinho vira her\u00f3i e o sopro vira combust\u00edvel da fala. Prepare-se para ouvir muitos \u201cP\u201d com orgulho e alegria!  &nbsp;\" \/>\n<meta property=\"og:url\" content=\"https:\/\/anarique.net\/en\/product\/biquinho-de-poder-aprendendo-o-fonema-p-brincando\/\" \/>\n<meta property=\"og:site_name\" content=\"Ana Rique\" \/>\n<meta property=\"article:publisher\" content=\"https:\/\/www.facebook.com\/ana.rique.1\" \/>\n<meta property=\"article:modified_time\" content=\"2026-03-03T13:11:40+00:00\" \/>\n<meta property=\"og:image\" content=\"https:\/\/anarique.net\/wp-content\/uploads\/2026\/02\/Design-sem-nome-41-1.jpg\" \/>\n\t<meta property=\"og:image:width\" content=\"512\" \/>\n\t<meta property=\"og:image:height\" content=\"800\" \/>\n\t<meta property=\"og:image:type\" content=\"image\/jpeg\" \/>\n<meta name=\"twitter:card\" content=\"summary_large_image\" \/>\n<meta name=\"twitter:label1\" content=\"Est. reading time\" \/>\n\t<meta name=\"twitter:data1\" content=\"2 minutes\" \/>\n<script type=\"application\/ld+json\" class=\"yoast-schema-graph\">{\"@context\":\"https:\\\/\\\/schema.org\",\"@graph\":[{\"@type\":\"WebPage\",\"@id\":\"https:\\\/\\\/anarique.net\\\/product\\\/biquinho-de-poder-aprendendo-o-fonema-p-brincando\\\/\",\"url\":\"https:\\\/\\\/anarique.net\\\/product\\\/biquinho-de-poder-aprendendo-o-fonema-p-brincando\\\/\",\"name\":\"BIQUINHO DE PODER Aprendendo o fonema \\\/P\\\/ brincando - Ana Rique\",\"isPartOf\":{\"@id\":\"https:\\\/\\\/anarique.net\\\/#website\"},\"primaryImageOfPage\":{\"@id\":\"https:\\\/\\\/anarique.net\\\/product\\\/biquinho-de-poder-aprendendo-o-fonema-p-brincando\\\/#primaryimage\"},\"image\":{\"@id\":\"https:\\\/\\\/anarique.net\\\/product\\\/biquinho-de-poder-aprendendo-o-fonema-p-brincando\\\/#primaryimage\"},\"thumbnailUrl\":\"https:\\\/\\\/anarique.net\\\/wp-content\\\/uploads\\\/2026\\\/02\\\/Design-sem-nome-41-1.jpg\",\"datePublished\":\"2026-02-24T18:13:01+00:00\",\"dateModified\":\"2026-03-03T13:11:40+00:00\",\"breadcrumb\":{\"@id\":\"https:\\\/\\\/anarique.net\\\/product\\\/biquinho-de-poder-aprendendo-o-fonema-p-brincando\\\/#breadcrumb\"},\"inLanguage\":\"en-US\",\"potentialAction\":[{\"@type\":\"ReadAction\",\"target\":[\"https:\\\/\\\/anarique.net\\\/product\\\/biquinho-de-poder-aprendendo-o-fonema-p-brincando\\\/\"]}]},{\"@type\":\"ImageObject\",\"inLanguage\":\"en-US\",\"@id\":\"https:\\\/\\\/anarique.net\\\/product\\\/biquinho-de-poder-aprendendo-o-fonema-p-brincando\\\/#primaryimage\",\"url\":\"https:\\\/\\\/anarique.net\\\/wp-content\\\/uploads\\\/2026\\\/02\\\/Design-sem-nome-41-1.jpg\",\"contentUrl\":\"https:\\\/\\\/anarique.net\\\/wp-content\\\/uploads\\\/2026\\\/02\\\/Design-sem-nome-41-1.jpg\",\"width\":512,\"height\":800},{\"@type\":\"BreadcrumbList\",\"@id\":\"https:\\\/\\\/anarique.net\\\/product\\\/biquinho-de-poder-aprendendo-o-fonema-p-brincando\\\/#breadcrumb\",\"itemListElement\":[{\"@type\":\"ListItem\",\"position\":1,\"name\":\"In\u00edcio\",\"item\":\"https:\\\/\\\/anarique.net\\\/\"},{\"@type\":\"ListItem\",\"position\":2,\"name\":\"Nossos Produtos\",\"item\":\"https:\\\/\\\/anarique.net\\\/shop\\\/\"},{\"@type\":\"ListItem\",\"position\":3,\"name\":\"BIQUINHO DE PODER Aprendendo o fonema \\\/P\\\/ brincando\"}]},{\"@type\":\"WebSite\",\"@id\":\"https:\\\/\\\/anarique.net\\\/#website\",\"url\":\"https:\\\/\\\/anarique.net\\\/\",\"name\":\"Ana Rique\",\"description\":\"Psicoterapeuta, Neuropsic\u00f3loga e Fonoaudi\u00f3loga\",\"publisher\":{\"@id\":\"https:\\\/\\\/anarique.net\\\/#organization\"},\"potentialAction\":[{\"@type\":\"SearchAction\",\"target\":{\"@type\":\"EntryPoint\",\"urlTemplate\":\"https:\\\/\\\/anarique.net\\\/?s={search_term_string}\"},\"query-input\":{\"@type\":\"PropertyValueSpecification\",\"valueRequired\":true,\"valueName\":\"search_term_string\"}}],\"inLanguage\":\"en-US\"},{\"@type\":\"Organization\",\"@id\":\"https:\\\/\\\/anarique.net\\\/#organization\",\"name\":\"Ana Rique\",\"url\":\"https:\\\/\\\/anarique.net\\\/\",\"logo\":{\"@type\":\"ImageObject\",\"inLanguage\":\"en-US\",\"@id\":\"https:\\\/\\\/anarique.net\\\/#\\\/schema\\\/logo\\\/image\\\/\",\"url\":\"https:\\\/\\\/anarique.net\\\/wp-content\\\/uploads\\\/2022\\\/12\\\/nova-logo-ana-rique-com-texto-2.png\",\"contentUrl\":\"https:\\\/\\\/anarique.net\\\/wp-content\\\/uploads\\\/2022\\\/12\\\/nova-logo-ana-rique-com-texto-2.png\",\"width\":1085,\"height\":1402,\"caption\":\"Ana Rique\"},\"image\":{\"@id\":\"https:\\\/\\\/anarique.net\\\/#\\\/schema\\\/logo\\\/image\\\/\"},\"sameAs\":[\"https:\\\/\\\/www.facebook.com\\\/ana.rique.1\",\"https:\\\/\\\/www.instagram.com\\\/saberesdocaminhar\\\/\",\"https:\\\/\\\/www.youtube.com\\\/channel\\\/UCkkYqxoNO73Gop54ONtytWA\"]}]}<\/script>\n<!-- \/ Yoast SEO plugin. -->","yoast_head_json":{"title":"BIQUINHO DE PODER Aprendendo o fonema \/P\/ brincando - Ana Rique","robots":{"index":"index","follow":"follow","max-snippet":"max-snippet:-1","max-image-preview":"max-image-preview:large","max-video-preview":"max-video-preview:-1"},"canonical":"https:\/\/anarique.net\/en\/product\/biquinho-de-poder-aprendendo-o-fonema-p-brincando\/","og_locale":"en_US","og_type":"article","og_title":"BIQUINHO DE PODER Aprendendo o fonema \/P\/ brincando - Ana Rique","og_description":"O som do \/P\/ \u00e9 uma explos\u00e3o fofinha feita com os l\u00e1bios! Este eBook mostra como transformar o \u201cP\u201d em um superpoder divertido. Com jogos engra\u00e7ados e treinos leves, pais e crian\u00e7as aprendem juntas. O biquinho vira her\u00f3i e o sopro vira combust\u00edvel da fala. Prepare-se para ouvir muitos \u201cP\u201d com orgulho e alegria!  &nbsp;","og_url":"https:\/\/anarique.net\/en\/product\/biquinho-de-poder-aprendendo-o-fonema-p-brincando\/","og_site_name":"Ana Rique","article_publisher":"https:\/\/www.facebook.com\/ana.rique.1","article_modified_time":"2026-03-03T13:11:40+00:00","og_image":[{"width":512,"height":800,"url":"https:\/\/anarique.net\/wp-content\/uploads\/2026\/02\/Design-sem-nome-41-1.jpg","type":"image\/jpeg"}],"twitter_card":"summary_large_image","twitter_misc":{"Est. reading time":"2 minutes"},"schema":{"@context":"https:\/\/schema.org","@graph":[{"@type":"WebPage","@id":"https:\/\/anarique.net\/product\/biquinho-de-poder-aprendendo-o-fonema-p-brincando\/","url":"https:\/\/anarique.net\/product\/biquinho-de-poder-aprendendo-o-fonema-p-brincando\/","name":"BIQUINHO DE PODER Aprendendo o fonema \/P\/ brincando - Ana Rique","isPartOf":{"@id":"https:\/\/anarique.net\/#website"},"primaryImageOfPage":{"@id":"https:\/\/anarique.net\/product\/biquinho-de-poder-aprendendo-o-fonema-p-brincando\/#primaryimage"},"image":{"@id":"https:\/\/anarique.net\/product\/biquinho-de-poder-aprendendo-o-fonema-p-brincando\/#primaryimage"},"thumbnailUrl":"https:\/\/anarique.net\/wp-content\/uploads\/2026\/02\/Design-sem-nome-41-1.jpg","datePublished":"2026-02-24T18:13:01+00:00","dateModified":"2026-03-03T13:11:40+00:00","breadcrumb":{"@id":"https:\/\/anarique.net\/product\/biquinho-de-poder-aprendendo-o-fonema-p-brincando\/#breadcrumb"},"inLanguage":"en-US","potentialAction":[{"@type":"ReadAction","target":["https:\/\/anarique.net\/product\/biquinho-de-poder-aprendendo-o-fonema-p-brincando\/"]}]},{"@type":"ImageObject","inLanguage":"en-US","@id":"https:\/\/anarique.net\/product\/biquinho-de-poder-aprendendo-o-fonema-p-brincando\/#primaryimage","url":"https:\/\/anarique.net\/wp-content\/uploads\/2026\/02\/Design-sem-nome-41-1.jpg","contentUrl":"https:\/\/anarique.net\/wp-content\/uploads\/2026\/02\/Design-sem-nome-41-1.jpg","width":512,"height":800},{"@type":"BreadcrumbList","@id":"https:\/\/anarique.net\/product\/biquinho-de-poder-aprendendo-o-fonema-p-brincando\/#breadcrumb","itemListElement":[{"@type":"ListItem","position":1,"name":"In\u00edcio","item":"https:\/\/anarique.net\/"},{"@type":"ListItem","position":2,"name":"Nossos Produtos","item":"https:\/\/anarique.net\/shop\/"},{"@type":"ListItem","position":3,"name":"BIQUINHO DE PODER Aprendendo o fonema \/P\/ brincando"}]},{"@type":"WebSite","@id":"https:\/\/anarique.net\/#website","url":"https:\/\/anarique.net\/","name":"Ana Rique","description":"Psicoterapeuta, Neuropsic\u00f3loga e Fonoaudi\u00f3loga","publisher":{"@id":"https:\/\/anarique.net\/#organization"},"potentialAction":[{"@type":"SearchAction","target":{"@type":"EntryPoint","urlTemplate":"https:\/\/anarique.net\/?s={search_term_string}"},"query-input":{"@type":"PropertyValueSpecification","valueRequired":true,"valueName":"search_term_string"}}],"inLanguage":"en-US"},{"@type":"Organization","@id":"https:\/\/anarique.net\/#organization","name":"Ana Rique","url":"https:\/\/anarique.net\/","logo":{"@type":"ImageObject","inLanguage":"en-US","@id":"https:\/\/anarique.net\/#\/schema\/logo\/image\/","url":"https:\/\/anarique.net\/wp-content\/uploads\/2022\/12\/nova-logo-ana-rique-com-texto-2.png","contentUrl":"https:\/\/anarique.net\/wp-content\/uploads\/2022\/12\/nova-logo-ana-rique-com-texto-2.png","width":1085,"height":1402,"caption":"Ana Rique"},"image":{"@id":"https:\/\/anarique.net\/#\/schema\/logo\/image\/"},"sameAs":["https:\/\/www.facebook.com\/ana.rique.1","https:\/\/www.instagram.com\/saberesdocaminhar\/","https:\/\/www.youtube.com\/channel\/UCkkYqxoNO73Gop54ONtytWA"]}]}},"_links":{"self":[{"href":"https:\/\/anarique.net\/en\/wp-json\/wp\/v2\/product\/5869","targetHints":{"allow":["GET"]}}],"collection":[{"href":"https:\/\/anarique.net\/en\/wp-json\/wp\/v2\/product"}],"about":[{"href":"https:\/\/anarique.net\/en\/wp-json\/wp\/v2\/types\/product"}],"replies":[{"embeddable":true,"href":"https:\/\/anarique.net\/en\/wp-json\/wp\/v2\/comments?post=5869"}],"version-history":[{"count":1,"href":"https:\/\/anarique.net\/en\/wp-json\/wp\/v2\/product\/5869\/revisions"}],"predecessor-version":[{"id":5907,"href":"https:\/\/anarique.net\/en\/wp-json\/wp\/v2\/product\/5869\/revisions\/5907"}],"wp:featuredmedia":[{"embeddable":true,"href":"https:\/\/anarique.net\/en\/wp-json\/wp\/v2\/media\/5906"}],"wp:attachment":[{"href":"https:\/\/anarique.net\/en\/wp-json\/wp\/v2\/media?parent=5869"}],"wp:term":[{"taxonomy":"product_brand","embeddable":true,"href":"https:\/\/anarique.net\/en\/wp-json\/wp\/v2\/product_brand?post=5869"},{"taxonomy":"product_cat","embeddable":true,"href":"https:\/\/anarique.net\/en\/wp-json\/wp\/v2\/product_cat?post=5869"},{"taxonomy":"product_tag","embeddable":true,"href":"https:\/\/anarique.net\/en\/wp-json\/wp\/v2\/product_tag?post=5869"}],"curies":[{"name":"wp","href":"https:\/\/api.w.org\/{rel}","templated":true}]}}