{"id":5870,"date":"2026-02-24T15:13:01","date_gmt":"2026-02-24T18:13:01","guid":{"rendered":"https:\/\/devtestemangue.com.br\/valber\/ana-rique\/?post_type=product&#038;p=5870"},"modified":"2026-03-03T10:11:46","modified_gmt":"2026-03-03T13:11:46","slug":"o-m-da-mordida-doce-descobrindo-o-som-m-com-os-labios","status":"publish","type":"product","link":"https:\/\/anarique.net\/en\/product\/o-m-da-mordida-doce-descobrindo-o-som-m-com-os-labios\/","title":{"rendered":"O M da Mordida Doce Descobrindo o som \/M\/ com os l\u00e1bios"},"content":{"rendered":"<p>O fonema <strong>\/M\/<\/strong> \u00e9 um dos sons mais doces da fala \u2014 n\u00e3o apenas por sua forma de produ\u00e7\u00e3o, mas pela forma como chega ao cora\u00e7\u00e3o. Ele vibra nos l\u00e1bios com suavidade e \u00e9 frequentemente um dos primeiros sons que a crian\u00e7a tenta pronunciar, especialmente em palavras como \u201cmam\u00e3e\u201d, \u201cmimo\u201d e \u201cmeu\u201d. Este eBook foi criado para transformar o aprendizado do \/M\/ em uma experi\u00eancia leve, afetiva e progressiva.<br \/>\nAqui, os l\u00e1bios s\u00e3o guiados a se encontrar com suavidade, a vibra\u00e7\u00e3o nasal \u00e9 percebida com carinho e cada emiss\u00e3o do som \u00e9 celebrada como parte de um processo de descoberta e acolhimento.<br \/>\nVoc\u00ea, adulto, ser\u00e1 orientado de forma simples sobre como trabalhar a nasalidade, o fechamento labial e a sustenta\u00e7\u00e3o do som. Tudo sem press\u00e3o, sem imposi\u00e7\u00f5es e respeitando cada etapa da crian\u00e7a.<br \/>\nA crian\u00e7a, por sua vez, ser\u00e1 convidada a sentir o som dentro da boca como se fosse uma del\u00edcia segurada pelos l\u00e1bios \u2014 \u201ca mordida doce do M\u201d. Ela descobrir\u00e1 que esse som faz cosquinha por dentro e pode ser reproduzido de forma tranquila, fluida e at\u00e9 relaxante.<br \/>\nAs atividades ser\u00e3o curtas, mas eficazes: vibra\u00e7\u00f5es nos l\u00e1bios, sons prolongados como se embalassem um carinho, s\u00edlabas suaves e palavras cheias de afeto.<br \/>\nO objetivo \u00e9 que a crian\u00e7a sinta seguran\u00e7a ao produzir o \/M\/ e perceba que esse som est\u00e1 presente em palavras importantes para sua hist\u00f3ria.<br \/>\nAo final deste livro, a fala estar\u00e1 mais segura, os l\u00e1bios mais fortes e o \/M\/ mais natural.<br \/>\nUm passo de cada vez, com amor, pr\u00e1tica e sorrisos de quem descobre que a fala tamb\u00e9m pode ser abra\u00e7ada.<br \/>\nVamos juntos acordar o \u201cM\u201d com do\u00e7ura<\/p>","protected":false},"excerpt":{"rendered":"<p>O som <strong>\/M\/<\/strong> nasce macio, como um abra\u00e7o na boca.<br \/>\nNeste eBook, pais e crian\u00e7as aprendem a despertar o \u201cM\u201d com carinho e consci\u00eancia.<br \/>\nAtividades simples transformam l\u00e1bios em aconchego e som em afeto.<br \/>\nUma jornada leve para tornar a fala mais firme e acolhedora.<br \/>\nPorque algumas palavras come\u00e7am com amor \u2014 e amor come\u00e7a com \u201cM\u201d.<\/p>","protected":false},"featured_media":5908,"comment_status":"open","ping_status":"closed","template":"","meta":[],"product_brand":[],"product_cat":[76,249],"product_tag":[328,330,287,332,333,335,253,336,337],"class_list":{"0":"post-5870","1":"product","2":"type-product","3":"status-publish","4":"has-post-thumbnail","6":"product_cat-e-book","7":"product_cat-fonoaudiologia","8":"product_tag-articulacao","9":"product_tag-desenvolvimento","10":"product_tag-falar","11":"product_tag-fluencia","12":"product_tag-fonema","13":"product_tag-labios","14":"product_tag-linguagem","15":"product_tag-m","16":"product_tag-som","18":"first","19":"instock","20":"downloadable","21":"virtual","22":"purchasable","23":"product-type-simple"},"yoast_head":"<!-- This site is optimized with the Yoast SEO plugin v27.6 - https:\/\/yoast.com\/product\/yoast-seo-wordpress\/ -->\n<title>O M da Mordida Doce Descobrindo o som \/M\/ com os l\u00e1bios - Ana Rique<\/title>\n<meta name=\"robots\" content=\"index, follow, max-snippet:-1, max-image-preview:large, max-video-preview:-1\" \/>\n<link rel=\"canonical\" href=\"https:\/\/anarique.net\/en\/product\/o-m-da-mordida-doce-descobrindo-o-som-m-com-os-labios\/\" \/>\n<meta property=\"og:locale\" content=\"en_US\" \/>\n<meta property=\"og:type\" content=\"article\" \/>\n<meta property=\"og:title\" content=\"O M da Mordida Doce Descobrindo o som \/M\/ com os l\u00e1bios - Ana Rique\" \/>\n<meta property=\"og:description\" content=\"O som \/M\/ nasce macio, como um abra\u00e7o na boca. Neste eBook, pais e crian\u00e7as aprendem a despertar o \u201cM\u201d com carinho e consci\u00eancia. Atividades simples transformam l\u00e1bios em aconchego e som em afeto. Uma jornada leve para tornar a fala mais firme e acolhedora. Porque algumas palavras come\u00e7am com amor \u2014 e amor come\u00e7a com \u201cM\u201d.\" \/>\n<meta property=\"og:url\" content=\"https:\/\/anarique.net\/en\/product\/o-m-da-mordida-doce-descobrindo-o-som-m-com-os-labios\/\" \/>\n<meta property=\"og:site_name\" content=\"Ana Rique\" \/>\n<meta property=\"article:publisher\" content=\"https:\/\/www.facebook.com\/ana.rique.1\" \/>\n<meta property=\"article:modified_time\" content=\"2026-03-03T13:11:46+00:00\" \/>\n<meta property=\"og:image\" content=\"https:\/\/anarique.net\/wp-content\/uploads\/2026\/02\/Design-sem-nome-42.jpg\" \/>\n\t<meta property=\"og:image:width\" content=\"512\" \/>\n\t<meta property=\"og:image:height\" content=\"800\" \/>\n\t<meta property=\"og:image:type\" content=\"image\/jpeg\" \/>\n<meta name=\"twitter:card\" content=\"summary_large_image\" \/>\n<meta name=\"twitter:label1\" content=\"Est. reading time\" \/>\n\t<meta name=\"twitter:data1\" content=\"2 minutes\" \/>\n<script type=\"application\/ld+json\" class=\"yoast-schema-graph\">{\"@context\":\"https:\\\/\\\/schema.org\",\"@graph\":[{\"@type\":\"WebPage\",\"@id\":\"https:\\\/\\\/anarique.net\\\/product\\\/o-m-da-mordida-doce-descobrindo-o-som-m-com-os-labios\\\/\",\"url\":\"https:\\\/\\\/anarique.net\\\/product\\\/o-m-da-mordida-doce-descobrindo-o-som-m-com-os-labios\\\/\",\"name\":\"O M da Mordida Doce Descobrindo o som \\\/M\\\/ com os l\u00e1bios - Ana Rique\",\"isPartOf\":{\"@id\":\"https:\\\/\\\/anarique.net\\\/#website\"},\"primaryImageOfPage\":{\"@id\":\"https:\\\/\\\/anarique.net\\\/product\\\/o-m-da-mordida-doce-descobrindo-o-som-m-com-os-labios\\\/#primaryimage\"},\"image\":{\"@id\":\"https:\\\/\\\/anarique.net\\\/product\\\/o-m-da-mordida-doce-descobrindo-o-som-m-com-os-labios\\\/#primaryimage\"},\"thumbnailUrl\":\"https:\\\/\\\/anarique.net\\\/wp-content\\\/uploads\\\/2026\\\/02\\\/Design-sem-nome-42.jpg\",\"datePublished\":\"2026-02-24T18:13:01+00:00\",\"dateModified\":\"2026-03-03T13:11:46+00:00\",\"breadcrumb\":{\"@id\":\"https:\\\/\\\/anarique.net\\\/product\\\/o-m-da-mordida-doce-descobrindo-o-som-m-com-os-labios\\\/#breadcrumb\"},\"inLanguage\":\"en-US\",\"potentialAction\":[{\"@type\":\"ReadAction\",\"target\":[\"https:\\\/\\\/anarique.net\\\/product\\\/o-m-da-mordida-doce-descobrindo-o-som-m-com-os-labios\\\/\"]}]},{\"@type\":\"ImageObject\",\"inLanguage\":\"en-US\",\"@id\":\"https:\\\/\\\/anarique.net\\\/product\\\/o-m-da-mordida-doce-descobrindo-o-som-m-com-os-labios\\\/#primaryimage\",\"url\":\"https:\\\/\\\/anarique.net\\\/wp-content\\\/uploads\\\/2026\\\/02\\\/Design-sem-nome-42.jpg\",\"contentUrl\":\"https:\\\/\\\/anarique.net\\\/wp-content\\\/uploads\\\/2026\\\/02\\\/Design-sem-nome-42.jpg\",\"width\":512,\"height\":800},{\"@type\":\"BreadcrumbList\",\"@id\":\"https:\\\/\\\/anarique.net\\\/product\\\/o-m-da-mordida-doce-descobrindo-o-som-m-com-os-labios\\\/#breadcrumb\",\"itemListElement\":[{\"@type\":\"ListItem\",\"position\":1,\"name\":\"In\u00edcio\",\"item\":\"https:\\\/\\\/anarique.net\\\/\"},{\"@type\":\"ListItem\",\"position\":2,\"name\":\"Nossos Produtos\",\"item\":\"https:\\\/\\\/anarique.net\\\/shop\\\/\"},{\"@type\":\"ListItem\",\"position\":3,\"name\":\"O M da Mordida Doce Descobrindo o som \\\/M\\\/ com os l\u00e1bios\"}]},{\"@type\":\"WebSite\",\"@id\":\"https:\\\/\\\/anarique.net\\\/#website\",\"url\":\"https:\\\/\\\/anarique.net\\\/\",\"name\":\"Ana Rique\",\"description\":\"Psicoterapeuta, Neuropsic\u00f3loga e Fonoaudi\u00f3loga\",\"publisher\":{\"@id\":\"https:\\\/\\\/anarique.net\\\/#organization\"},\"potentialAction\":[{\"@type\":\"SearchAction\",\"target\":{\"@type\":\"EntryPoint\",\"urlTemplate\":\"https:\\\/\\\/anarique.net\\\/?s={search_term_string}\"},\"query-input\":{\"@type\":\"PropertyValueSpecification\",\"valueRequired\":true,\"valueName\":\"search_term_string\"}}],\"inLanguage\":\"en-US\"},{\"@type\":\"Organization\",\"@id\":\"https:\\\/\\\/anarique.net\\\/#organization\",\"name\":\"Ana Rique\",\"url\":\"https:\\\/\\\/anarique.net\\\/\",\"logo\":{\"@type\":\"ImageObject\",\"inLanguage\":\"en-US\",\"@id\":\"https:\\\/\\\/anarique.net\\\/#\\\/schema\\\/logo\\\/image\\\/\",\"url\":\"https:\\\/\\\/anarique.net\\\/wp-content\\\/uploads\\\/2022\\\/12\\\/nova-logo-ana-rique-com-texto-2.png\",\"contentUrl\":\"https:\\\/\\\/anarique.net\\\/wp-content\\\/uploads\\\/2022\\\/12\\\/nova-logo-ana-rique-com-texto-2.png\",\"width\":1085,\"height\":1402,\"caption\":\"Ana Rique\"},\"image\":{\"@id\":\"https:\\\/\\\/anarique.net\\\/#\\\/schema\\\/logo\\\/image\\\/\"},\"sameAs\":[\"https:\\\/\\\/www.facebook.com\\\/ana.rique.1\",\"https:\\\/\\\/www.instagram.com\\\/saberesdocaminhar\\\/\",\"https:\\\/\\\/www.youtube.com\\\/channel\\\/UCkkYqxoNO73Gop54ONtytWA\"]}]}<\/script>\n<!-- \/ Yoast SEO plugin. -->","yoast_head_json":{"title":"O M da Mordida Doce Descobrindo o som \/M\/ com os l\u00e1bios - Ana Rique","robots":{"index":"index","follow":"follow","max-snippet":"max-snippet:-1","max-image-preview":"max-image-preview:large","max-video-preview":"max-video-preview:-1"},"canonical":"https:\/\/anarique.net\/en\/product\/o-m-da-mordida-doce-descobrindo-o-som-m-com-os-labios\/","og_locale":"en_US","og_type":"article","og_title":"O M da Mordida Doce Descobrindo o som \/M\/ com os l\u00e1bios - Ana Rique","og_description":"O som \/M\/ nasce macio, como um abra\u00e7o na boca. Neste eBook, pais e crian\u00e7as aprendem a despertar o \u201cM\u201d com carinho e consci\u00eancia. Atividades simples transformam l\u00e1bios em aconchego e som em afeto. Uma jornada leve para tornar a fala mais firme e acolhedora. Porque algumas palavras come\u00e7am com amor \u2014 e amor come\u00e7a com \u201cM\u201d.","og_url":"https:\/\/anarique.net\/en\/product\/o-m-da-mordida-doce-descobrindo-o-som-m-com-os-labios\/","og_site_name":"Ana Rique","article_publisher":"https:\/\/www.facebook.com\/ana.rique.1","article_modified_time":"2026-03-03T13:11:46+00:00","og_image":[{"width":512,"height":800,"url":"https:\/\/anarique.net\/wp-content\/uploads\/2026\/02\/Design-sem-nome-42.jpg","type":"image\/jpeg"}],"twitter_card":"summary_large_image","twitter_misc":{"Est. reading time":"2 minutes"},"schema":{"@context":"https:\/\/schema.org","@graph":[{"@type":"WebPage","@id":"https:\/\/anarique.net\/product\/o-m-da-mordida-doce-descobrindo-o-som-m-com-os-labios\/","url":"https:\/\/anarique.net\/product\/o-m-da-mordida-doce-descobrindo-o-som-m-com-os-labios\/","name":"O M da Mordida Doce Descobrindo o som \/M\/ com os l\u00e1bios - Ana Rique","isPartOf":{"@id":"https:\/\/anarique.net\/#website"},"primaryImageOfPage":{"@id":"https:\/\/anarique.net\/product\/o-m-da-mordida-doce-descobrindo-o-som-m-com-os-labios\/#primaryimage"},"image":{"@id":"https:\/\/anarique.net\/product\/o-m-da-mordida-doce-descobrindo-o-som-m-com-os-labios\/#primaryimage"},"thumbnailUrl":"https:\/\/anarique.net\/wp-content\/uploads\/2026\/02\/Design-sem-nome-42.jpg","datePublished":"2026-02-24T18:13:01+00:00","dateModified":"2026-03-03T13:11:46+00:00","breadcrumb":{"@id":"https:\/\/anarique.net\/product\/o-m-da-mordida-doce-descobrindo-o-som-m-com-os-labios\/#breadcrumb"},"inLanguage":"en-US","potentialAction":[{"@type":"ReadAction","target":["https:\/\/anarique.net\/product\/o-m-da-mordida-doce-descobrindo-o-som-m-com-os-labios\/"]}]},{"@type":"ImageObject","inLanguage":"en-US","@id":"https:\/\/anarique.net\/product\/o-m-da-mordida-doce-descobrindo-o-som-m-com-os-labios\/#primaryimage","url":"https:\/\/anarique.net\/wp-content\/uploads\/2026\/02\/Design-sem-nome-42.jpg","contentUrl":"https:\/\/anarique.net\/wp-content\/uploads\/2026\/02\/Design-sem-nome-42.jpg","width":512,"height":800},{"@type":"BreadcrumbList","@id":"https:\/\/anarique.net\/product\/o-m-da-mordida-doce-descobrindo-o-som-m-com-os-labios\/#breadcrumb","itemListElement":[{"@type":"ListItem","position":1,"name":"In\u00edcio","item":"https:\/\/anarique.net\/"},{"@type":"ListItem","position":2,"name":"Nossos Produtos","item":"https:\/\/anarique.net\/shop\/"},{"@type":"ListItem","position":3,"name":"O M da Mordida Doce Descobrindo o som \/M\/ com os l\u00e1bios"}]},{"@type":"WebSite","@id":"https:\/\/anarique.net\/#website","url":"https:\/\/anarique.net\/","name":"Ana Rique","description":"Psicoterapeuta, Neuropsic\u00f3loga e Fonoaudi\u00f3loga","publisher":{"@id":"https:\/\/anarique.net\/#organization"},"potentialAction":[{"@type":"SearchAction","target":{"@type":"EntryPoint","urlTemplate":"https:\/\/anarique.net\/?s={search_term_string}"},"query-input":{"@type":"PropertyValueSpecification","valueRequired":true,"valueName":"search_term_string"}}],"inLanguage":"en-US"},{"@type":"Organization","@id":"https:\/\/anarique.net\/#organization","name":"Ana Rique","url":"https:\/\/anarique.net\/","logo":{"@type":"ImageObject","inLanguage":"en-US","@id":"https:\/\/anarique.net\/#\/schema\/logo\/image\/","url":"https:\/\/anarique.net\/wp-content\/uploads\/2022\/12\/nova-logo-ana-rique-com-texto-2.png","contentUrl":"https:\/\/anarique.net\/wp-content\/uploads\/2022\/12\/nova-logo-ana-rique-com-texto-2.png","width":1085,"height":1402,"caption":"Ana Rique"},"image":{"@id":"https:\/\/anarique.net\/#\/schema\/logo\/image\/"},"sameAs":["https:\/\/www.facebook.com\/ana.rique.1","https:\/\/www.instagram.com\/saberesdocaminhar\/","https:\/\/www.youtube.com\/channel\/UCkkYqxoNO73Gop54ONtytWA"]}]}},"_links":{"self":[{"href":"https:\/\/anarique.net\/en\/wp-json\/wp\/v2\/product\/5870","targetHints":{"allow":["GET"]}}],"collection":[{"href":"https:\/\/anarique.net\/en\/wp-json\/wp\/v2\/product"}],"about":[{"href":"https:\/\/anarique.net\/en\/wp-json\/wp\/v2\/types\/product"}],"replies":[{"embeddable":true,"href":"https:\/\/anarique.net\/en\/wp-json\/wp\/v2\/comments?post=5870"}],"version-history":[{"count":1,"href":"https:\/\/anarique.net\/en\/wp-json\/wp\/v2\/product\/5870\/revisions"}],"predecessor-version":[{"id":5909,"href":"https:\/\/anarique.net\/en\/wp-json\/wp\/v2\/product\/5870\/revisions\/5909"}],"wp:featuredmedia":[{"embeddable":true,"href":"https:\/\/anarique.net\/en\/wp-json\/wp\/v2\/media\/5908"}],"wp:attachment":[{"href":"https:\/\/anarique.net\/en\/wp-json\/wp\/v2\/media?parent=5870"}],"wp:term":[{"taxonomy":"product_brand","embeddable":true,"href":"https:\/\/anarique.net\/en\/wp-json\/wp\/v2\/product_brand?post=5870"},{"taxonomy":"product_cat","embeddable":true,"href":"https:\/\/anarique.net\/en\/wp-json\/wp\/v2\/product_cat?post=5870"},{"taxonomy":"product_tag","embeddable":true,"href":"https:\/\/anarique.net\/en\/wp-json\/wp\/v2\/product_tag?post=5870"}],"curies":[{"name":"wp","href":"https:\/\/api.w.org\/{rel}","templated":true}]}}