{"id":5875,"date":"2026-02-24T15:13:01","date_gmt":"2026-02-24T18:13:01","guid":{"rendered":"https:\/\/devtestemangue.com.br\/valber\/ana-rique\/?post_type=product&#038;p=5875"},"modified":"2026-04-17T17:50:48","modified_gmt":"2026-04-17T20:50:48","slug":"curso-de-oratoria-online","status":"publish","type":"product","link":"https:\/\/anarique.net\/en\/product\/curso-de-oratoria-online\/","title":{"rendered":"Curso de Orat\u00f3ria Online"},"content":{"rendered":"<p>Construindo a Base da Confian\u00e7a: Aprender a arte da orat\u00f3ria significa fortalecer sua autoconfian\u00e7a. Pr\u00e1ticas e t\u00e9cnicas adequadas podem transformar o medo de falar em p\u00fablico em algo empoderador.<\/p>\n<p>Superando o Medo: \u00c9 comum sentir-se nervoso ao falar em p\u00fablico, mas atrav\u00e9s da orienta\u00e7\u00e3o correta, esse medo pode ser superado. Lembro-me de como, com a ajuda de um mentor, consegui vencer essa barreira, algo que agora compartilho com outros.<\/p>\n<p>Expressando-se com Autenticidade: Falar com confian\u00e7a \u00e9 falar com autenticidade. Encontrar sua voz \u00fanica e aprender a express\u00e1-la claramente \u00e9 uma jornada recompensadora.<\/p>\n<p>Impulsionando sua Carreira: A confian\u00e7a adquirida atrav\u00e9s da orat\u00f3ria pode abrir portas em sua carreira, permitindo que voc\u00ea lidere, inspire e alcance novos patamares.<\/p>\n<p>Comunicando-se em Diferentes Ambientes: A habilidade de se comunicar confiantemente se estende a todas as \u00e1reas da vida, melhorando relacionamentos e intera\u00e7\u00f5es sociais.<\/p>\n<p><strong>Dia: 30 de maio de 2026<\/strong><\/p>\n<p><strong>Hor\u00e1rio: 18:00 \u00e0s 22:00h<\/strong><\/p>\n<p><strong>Local: Google Meet<\/strong><\/p>\n<p><strong>Certificado de 04 horas<\/strong><\/p>","protected":false},"excerpt":{"rendered":"<p><strong>Construindo a Base da Confian\u00e7a:<\/strong><\/p>\n<ul>\n<li>Superando o Medo<\/li>\n<li>Expressando-se com Autenticidade<\/li>\n<li>Impulsionando sua Carreira<\/li>\n<li>Comunicando-se em Diferentes Ambientes<\/li>\n<\/ul>","protected":false},"featured_media":13019,"comment_status":"open","ping_status":"closed","template":"","meta":[],"product_brand":[],"product_cat":[138],"product_tag":[328,331,349,350,332,351,279,115],"class_list":{"0":"post-5875","1":"product","2":"type-product","3":"status-publish","4":"has-post-thumbnail","6":"product_cat-cursos","7":"product_tag-articulacao","8":"product_tag-diccao","9":"product_tag-dominio-de-publico","10":"product_tag-falar-em-publico","11":"product_tag-fluencia","12":"product_tag-inseguranca","13":"product_tag-medo","14":"product_tag-oratoria","16":"first","17":"instock","18":"virtual","19":"purchasable","20":"product-type-simple"},"yoast_head":"<!-- This site is optimized with the Yoast SEO plugin v27.4 - https:\/\/yoast.com\/product\/yoast-seo-wordpress\/ -->\n<title>Curso de Orat\u00f3ria Online - Ana Rique<\/title>\n<meta name=\"description\" content=\"Aprender a arte da orat\u00f3ria significa fortalecer sua autoconfian\u00e7a. Pr\u00e1ticas e t\u00e9cnicas adequadas podem transformar o medo de falar em p\u00fablico em algo empoderador.\" \/>\n<meta name=\"robots\" content=\"index, follow, max-snippet:-1, max-image-preview:large, max-video-preview:-1\" \/>\n<link rel=\"canonical\" href=\"https:\/\/anarique.net\/en\/product\/curso-de-oratoria-online\/\" \/>\n<meta property=\"og:locale\" content=\"en_US\" \/>\n<meta property=\"og:type\" content=\"article\" \/>\n<meta property=\"og:title\" content=\"Curso de Orat\u00f3ria Online - Ana Rique\" \/>\n<meta property=\"og:description\" content=\"Aprender a arte da orat\u00f3ria significa fortalecer sua autoconfian\u00e7a. Pr\u00e1ticas e t\u00e9cnicas adequadas podem transformar o medo de falar em p\u00fablico em algo empoderador.\" \/>\n<meta property=\"og:url\" content=\"https:\/\/anarique.net\/en\/product\/curso-de-oratoria-online\/\" \/>\n<meta property=\"og:site_name\" content=\"Ana Rique\" \/>\n<meta property=\"article:publisher\" content=\"https:\/\/www.facebook.com\/ana.rique.1\" \/>\n<meta property=\"article:modified_time\" content=\"2026-04-17T20:50:48+00:00\" \/>\n<meta property=\"og:image\" content=\"https:\/\/anarique.net\/wp-content\/uploads\/2026\/02\/curso-de-oratoria-online.png\" \/>\n\t<meta property=\"og:image:width\" content=\"1254\" \/>\n\t<meta property=\"og:image:height\" content=\"1254\" \/>\n\t<meta property=\"og:image:type\" content=\"image\/png\" \/>\n<meta name=\"twitter:card\" content=\"summary_large_image\" \/>\n<meta name=\"twitter:label1\" content=\"Est. reading time\" \/>\n\t<meta name=\"twitter:data1\" content=\"2 minutes\" \/>\n<script type=\"application\/ld+json\" class=\"yoast-schema-graph\">{\"@context\":\"https:\\\/\\\/schema.org\",\"@graph\":[{\"@type\":\"WebPage\",\"@id\":\"https:\\\/\\\/anarique.net\\\/product\\\/curso-de-oratoria-online\\\/\",\"url\":\"https:\\\/\\\/anarique.net\\\/product\\\/curso-de-oratoria-online\\\/\",\"name\":\"Curso de Orat\u00f3ria Online - Ana Rique\",\"isPartOf\":{\"@id\":\"https:\\\/\\\/anarique.net\\\/#website\"},\"primaryImageOfPage\":{\"@id\":\"https:\\\/\\\/anarique.net\\\/product\\\/curso-de-oratoria-online\\\/#primaryimage\"},\"image\":{\"@id\":\"https:\\\/\\\/anarique.net\\\/product\\\/curso-de-oratoria-online\\\/#primaryimage\"},\"thumbnailUrl\":\"https:\\\/\\\/anarique.net\\\/wp-content\\\/uploads\\\/2026\\\/02\\\/curso-de-oratoria-online.png\",\"datePublished\":\"2026-02-24T18:13:01+00:00\",\"dateModified\":\"2026-04-17T20:50:48+00:00\",\"description\":\"Aprender a arte da orat\u00f3ria significa fortalecer sua autoconfian\u00e7a. Pr\u00e1ticas e t\u00e9cnicas adequadas podem transformar o medo de falar em p\u00fablico em algo empoderador.\",\"breadcrumb\":{\"@id\":\"https:\\\/\\\/anarique.net\\\/product\\\/curso-de-oratoria-online\\\/#breadcrumb\"},\"inLanguage\":\"en-US\",\"potentialAction\":[{\"@type\":\"ReadAction\",\"target\":[\"https:\\\/\\\/anarique.net\\\/product\\\/curso-de-oratoria-online\\\/\"]}]},{\"@type\":\"ImageObject\",\"inLanguage\":\"en-US\",\"@id\":\"https:\\\/\\\/anarique.net\\\/product\\\/curso-de-oratoria-online\\\/#primaryimage\",\"url\":\"https:\\\/\\\/anarique.net\\\/wp-content\\\/uploads\\\/2026\\\/02\\\/curso-de-oratoria-online.png\",\"contentUrl\":\"https:\\\/\\\/anarique.net\\\/wp-content\\\/uploads\\\/2026\\\/02\\\/curso-de-oratoria-online.png\",\"width\":1254,\"height\":1254,\"caption\":\"Curso de orat\u00f3ria\"},{\"@type\":\"BreadcrumbList\",\"@id\":\"https:\\\/\\\/anarique.net\\\/product\\\/curso-de-oratoria-online\\\/#breadcrumb\",\"itemListElement\":[{\"@type\":\"ListItem\",\"position\":1,\"name\":\"In\u00edcio\",\"item\":\"https:\\\/\\\/anarique.net\\\/\"},{\"@type\":\"ListItem\",\"position\":2,\"name\":\"Nossos Produtos\",\"item\":\"https:\\\/\\\/anarique.net\\\/shop\\\/\"},{\"@type\":\"ListItem\",\"position\":3,\"name\":\"Curso de Orat\u00f3ria Online\"}]},{\"@type\":\"WebSite\",\"@id\":\"https:\\\/\\\/anarique.net\\\/#website\",\"url\":\"https:\\\/\\\/anarique.net\\\/\",\"name\":\"Ana Rique\",\"description\":\"Psicoterapeuta, Neuropsic\u00f3loga e Fonoaudi\u00f3loga\",\"publisher\":{\"@id\":\"https:\\\/\\\/anarique.net\\\/#organization\"},\"potentialAction\":[{\"@type\":\"SearchAction\",\"target\":{\"@type\":\"EntryPoint\",\"urlTemplate\":\"https:\\\/\\\/anarique.net\\\/?s={search_term_string}\"},\"query-input\":{\"@type\":\"PropertyValueSpecification\",\"valueRequired\":true,\"valueName\":\"search_term_string\"}}],\"inLanguage\":\"en-US\"},{\"@type\":\"Organization\",\"@id\":\"https:\\\/\\\/anarique.net\\\/#organization\",\"name\":\"Ana Rique\",\"url\":\"https:\\\/\\\/anarique.net\\\/\",\"logo\":{\"@type\":\"ImageObject\",\"inLanguage\":\"en-US\",\"@id\":\"https:\\\/\\\/anarique.net\\\/#\\\/schema\\\/logo\\\/image\\\/\",\"url\":\"https:\\\/\\\/anarique.net\\\/wp-content\\\/uploads\\\/2022\\\/12\\\/nova-logo-ana-rique-com-texto-2.png\",\"contentUrl\":\"https:\\\/\\\/anarique.net\\\/wp-content\\\/uploads\\\/2022\\\/12\\\/nova-logo-ana-rique-com-texto-2.png\",\"width\":1085,\"height\":1402,\"caption\":\"Ana Rique\"},\"image\":{\"@id\":\"https:\\\/\\\/anarique.net\\\/#\\\/schema\\\/logo\\\/image\\\/\"},\"sameAs\":[\"https:\\\/\\\/www.facebook.com\\\/ana.rique.1\",\"https:\\\/\\\/www.instagram.com\\\/saberesdocaminhar\\\/\",\"https:\\\/\\\/www.youtube.com\\\/channel\\\/UCkkYqxoNO73Gop54ONtytWA\"]}]}<\/script>\n<!-- \/ Yoast SEO plugin. -->","yoast_head_json":{"title":"Curso de Orat\u00f3ria Online - Ana Rique","description":"Aprender a arte da orat\u00f3ria significa fortalecer sua autoconfian\u00e7a. Pr\u00e1ticas e t\u00e9cnicas adequadas podem transformar o medo de falar em p\u00fablico em algo empoderador.","robots":{"index":"index","follow":"follow","max-snippet":"max-snippet:-1","max-image-preview":"max-image-preview:large","max-video-preview":"max-video-preview:-1"},"canonical":"https:\/\/anarique.net\/en\/product\/curso-de-oratoria-online\/","og_locale":"en_US","og_type":"article","og_title":"Curso de Orat\u00f3ria Online - Ana Rique","og_description":"Aprender a arte da orat\u00f3ria significa fortalecer sua autoconfian\u00e7a. Pr\u00e1ticas e t\u00e9cnicas adequadas podem transformar o medo de falar em p\u00fablico em algo empoderador.","og_url":"https:\/\/anarique.net\/en\/product\/curso-de-oratoria-online\/","og_site_name":"Ana Rique","article_publisher":"https:\/\/www.facebook.com\/ana.rique.1","article_modified_time":"2026-04-17T20:50:48+00:00","og_image":[{"width":1254,"height":1254,"url":"https:\/\/anarique.net\/wp-content\/uploads\/2026\/02\/curso-de-oratoria-online.png","type":"image\/png"}],"twitter_card":"summary_large_image","twitter_misc":{"Est. reading time":"2 minutes"},"schema":{"@context":"https:\/\/schema.org","@graph":[{"@type":"WebPage","@id":"https:\/\/anarique.net\/product\/curso-de-oratoria-online\/","url":"https:\/\/anarique.net\/product\/curso-de-oratoria-online\/","name":"Curso de Orat\u00f3ria Online - Ana Rique","isPartOf":{"@id":"https:\/\/anarique.net\/#website"},"primaryImageOfPage":{"@id":"https:\/\/anarique.net\/product\/curso-de-oratoria-online\/#primaryimage"},"image":{"@id":"https:\/\/anarique.net\/product\/curso-de-oratoria-online\/#primaryimage"},"thumbnailUrl":"https:\/\/anarique.net\/wp-content\/uploads\/2026\/02\/curso-de-oratoria-online.png","datePublished":"2026-02-24T18:13:01+00:00","dateModified":"2026-04-17T20:50:48+00:00","description":"Aprender a arte da orat\u00f3ria significa fortalecer sua autoconfian\u00e7a. Pr\u00e1ticas e t\u00e9cnicas adequadas podem transformar o medo de falar em p\u00fablico em algo empoderador.","breadcrumb":{"@id":"https:\/\/anarique.net\/product\/curso-de-oratoria-online\/#breadcrumb"},"inLanguage":"en-US","potentialAction":[{"@type":"ReadAction","target":["https:\/\/anarique.net\/product\/curso-de-oratoria-online\/"]}]},{"@type":"ImageObject","inLanguage":"en-US","@id":"https:\/\/anarique.net\/product\/curso-de-oratoria-online\/#primaryimage","url":"https:\/\/anarique.net\/wp-content\/uploads\/2026\/02\/curso-de-oratoria-online.png","contentUrl":"https:\/\/anarique.net\/wp-content\/uploads\/2026\/02\/curso-de-oratoria-online.png","width":1254,"height":1254,"caption":"Curso de orat\u00f3ria"},{"@type":"BreadcrumbList","@id":"https:\/\/anarique.net\/product\/curso-de-oratoria-online\/#breadcrumb","itemListElement":[{"@type":"ListItem","position":1,"name":"In\u00edcio","item":"https:\/\/anarique.net\/"},{"@type":"ListItem","position":2,"name":"Nossos Produtos","item":"https:\/\/anarique.net\/shop\/"},{"@type":"ListItem","position":3,"name":"Curso de Orat\u00f3ria Online"}]},{"@type":"WebSite","@id":"https:\/\/anarique.net\/#website","url":"https:\/\/anarique.net\/","name":"Ana Rique","description":"Psicoterapeuta, Neuropsic\u00f3loga e Fonoaudi\u00f3loga","publisher":{"@id":"https:\/\/anarique.net\/#organization"},"potentialAction":[{"@type":"SearchAction","target":{"@type":"EntryPoint","urlTemplate":"https:\/\/anarique.net\/?s={search_term_string}"},"query-input":{"@type":"PropertyValueSpecification","valueRequired":true,"valueName":"search_term_string"}}],"inLanguage":"en-US"},{"@type":"Organization","@id":"https:\/\/anarique.net\/#organization","name":"Ana Rique","url":"https:\/\/anarique.net\/","logo":{"@type":"ImageObject","inLanguage":"en-US","@id":"https:\/\/anarique.net\/#\/schema\/logo\/image\/","url":"https:\/\/anarique.net\/wp-content\/uploads\/2022\/12\/nova-logo-ana-rique-com-texto-2.png","contentUrl":"https:\/\/anarique.net\/wp-content\/uploads\/2022\/12\/nova-logo-ana-rique-com-texto-2.png","width":1085,"height":1402,"caption":"Ana Rique"},"image":{"@id":"https:\/\/anarique.net\/#\/schema\/logo\/image\/"},"sameAs":["https:\/\/www.facebook.com\/ana.rique.1","https:\/\/www.instagram.com\/saberesdocaminhar\/","https:\/\/www.youtube.com\/channel\/UCkkYqxoNO73Gop54ONtytWA"]}]}},"_links":{"self":[{"href":"https:\/\/anarique.net\/en\/wp-json\/wp\/v2\/product\/5875","targetHints":{"allow":["GET"]}}],"collection":[{"href":"https:\/\/anarique.net\/en\/wp-json\/wp\/v2\/product"}],"about":[{"href":"https:\/\/anarique.net\/en\/wp-json\/wp\/v2\/types\/product"}],"replies":[{"embeddable":true,"href":"https:\/\/anarique.net\/en\/wp-json\/wp\/v2\/comments?post=5875"}],"version-history":[{"count":3,"href":"https:\/\/anarique.net\/en\/wp-json\/wp\/v2\/product\/5875\/revisions"}],"predecessor-version":[{"id":12996,"href":"https:\/\/anarique.net\/en\/wp-json\/wp\/v2\/product\/5875\/revisions\/12996"}],"wp:featuredmedia":[{"embeddable":true,"href":"https:\/\/anarique.net\/en\/wp-json\/wp\/v2\/media\/13019"}],"wp:attachment":[{"href":"https:\/\/anarique.net\/en\/wp-json\/wp\/v2\/media?parent=5875"}],"wp:term":[{"taxonomy":"product_brand","embeddable":true,"href":"https:\/\/anarique.net\/en\/wp-json\/wp\/v2\/product_brand?post=5875"},{"taxonomy":"product_cat","embeddable":true,"href":"https:\/\/anarique.net\/en\/wp-json\/wp\/v2\/product_cat?post=5875"},{"taxonomy":"product_tag","embeddable":true,"href":"https:\/\/anarique.net\/en\/wp-json\/wp\/v2\/product_tag?post=5875"}],"curies":[{"name":"wp","href":"https:\/\/api.w.org\/{rel}","templated":true}]}}