{"id":5940,"date":"2026-02-24T15:13:24","date_gmt":"2026-02-24T18:13:24","guid":{"rendered":"https:\/\/devtestemangue.com.br\/valber\/ana-rique\/?post_type=product&#038;p=5940"},"modified":"2026-04-28T12:04:19","modified_gmt":"2026-04-28T15:04:19","slug":"paixao-entre-paredes-vizinhos-rivais-e-inevitaveis","status":"publish","type":"product","link":"https:\/\/anarique.net\/en\/product\/paixao-entre-paredes-vizinhos-rivais-e-inevitaveis\/","title":{"rendered":"PAIX\u00c3O ENTRE PAREDES: VIZINHOS, RIVAIS E INEVIT\u00c1VEIS"},"content":{"rendered":"<p>\u201cPaix\u00e3o entre Paredes\u201d \u00e9 um romance sensual e moderno sobre a linha fina entre o \u00f3dio e o desejo. Lara e Adrian nunca se suportaram desde o primeiro contato no corredor do pr\u00e9dio, quando um mal-entendido criou uma rivalidade t\u00e3o intensa quanto inexplic\u00e1vel. Junto a paredes finas, encontros inesperados e discuss\u00f5es que mais pareciam fa\u00edscas prestes a incendiar algo maior, os dois descobrem que a proximidade pode revelar muito mais do que gostariam. O que come\u00e7a como antipatia evolui para provoca\u00e7\u00e3o; e a provoca\u00e7\u00e3o para um jogo com tens\u00e3o el\u00e9trica, onde cada palavra dita no calor do momento revela o que nenhum deles estava pronto para admitir: existe qu\u00edmica. Muita.<br \/>\nEnquanto tentam esconder o que sentem dos outros moradores, enfrentam medos antigos, traumas pessoais e segredos profundos que fizeram cada um construir suas defesas emocionais. Mas o corpo fala mais alto. O destino insiste. E a cada encontro, o desejo cresce, os limites se dissolvem e a paix\u00e3o deixa de ser possibilidade para se tornar inevit\u00e1vel. Neste eBook com erotismo moderado, sensa\u00e7\u00f5es, emo\u00e7\u00f5es e conex\u00f5es s\u00e3o exploradas de forma elegante, envolvente e ardente. Prepare-se para vibrar com a tens\u00e3o, sentir a atra\u00e7\u00e3o e se envolver profundamente com um romance que mostra que, \u00e0s vezes, o amor nasce exatamente onde menos se espera: entre paredes, sil\u00eancios e olhares que queimam mais do que qualquer briga poderia.<\/p>","protected":false},"excerpt":{"rendered":"<p>Um pr\u00e9dio tranquilo. Duas portas lado a lado.<br \/>\nEla, intensa, determinada, cansada do passado.<br \/>\nEle, ir\u00f4nico, frio, imposs\u00edvel de ignorar.<br \/>\nOdiavam-se sem motivo \u2014 at\u00e9 o dia em que um toque acidental acendeu tudo.<br \/>\nEntre discuss\u00f5es, vizinhan\u00e7a, tens\u00f5es e segredos, nasce um desejo imposs\u00edvel de conter.<\/p>","protected":false},"featured_media":5955,"comment_status":"open","ping_status":"closed","template":"","meta":[],"product_brand":[],"product_cat":[76,148],"product_tag":[413,231,421,103,422,423,424,425,97,426],"class_list":{"0":"post-5940","1":"product","2":"type-product","3":"status-publish","4":"has-post-thumbnail","6":"product_cat-e-book","7":"product_cat-relacionamento-conjugal","8":"product_tag-a-dois","9":"product_tag-afeto","10":"product_tag-amigos","11":"product_tag-amor","12":"product_tag-inimigos","13":"product_tag-olhar","14":"product_tag-paixao","15":"product_tag-rivais","16":"product_tag-vida","17":"product_tag-vizinhos","19":"first","20":"instock","21":"downloadable","22":"virtual","23":"purchasable","24":"product-type-simple"},"yoast_head":"<!-- This site is optimized with the Yoast SEO plugin v27.5 - https:\/\/yoast.com\/product\/yoast-seo-wordpress\/ -->\n<title>PAIX\u00c3O ENTRE PAREDES: VIZINHOS, RIVAIS E INEVIT\u00c1VEIS - Ana Rique<\/title>\n<meta name=\"robots\" content=\"index, follow, max-snippet:-1, max-image-preview:large, max-video-preview:-1\" \/>\n<link rel=\"canonical\" href=\"https:\/\/anarique.net\/en\/product\/paixao-entre-paredes-vizinhos-rivais-e-inevitaveis\/\" \/>\n<meta property=\"og:locale\" content=\"en_US\" \/>\n<meta property=\"og:type\" content=\"article\" \/>\n<meta property=\"og:title\" content=\"PAIX\u00c3O ENTRE PAREDES: VIZINHOS, RIVAIS E INEVIT\u00c1VEIS - Ana Rique\" \/>\n<meta property=\"og:description\" content=\"Um pr\u00e9dio tranquilo. Duas portas lado a lado. Ela, intensa, determinada, cansada do passado. Ele, ir\u00f4nico, frio, imposs\u00edvel de ignorar. Odiavam-se sem motivo \u2014 at\u00e9 o dia em que um toque acidental acendeu tudo. Entre discuss\u00f5es, vizinhan\u00e7a, tens\u00f5es e segredos, nasce um desejo imposs\u00edvel de conter.\" \/>\n<meta property=\"og:url\" content=\"https:\/\/anarique.net\/en\/product\/paixao-entre-paredes-vizinhos-rivais-e-inevitaveis\/\" \/>\n<meta property=\"og:site_name\" content=\"Ana Rique\" \/>\n<meta property=\"article:publisher\" content=\"https:\/\/www.facebook.com\/ana.rique.1\" \/>\n<meta property=\"article:modified_time\" content=\"2026-04-28T15:04:19+00:00\" \/>\n<meta property=\"og:image\" content=\"https:\/\/anarique.net\/wp-content\/uploads\/2026\/02\/Inserir-um-pouquinho-de-texto.jpg\" \/>\n\t<meta property=\"og:image:width\" content=\"512\" \/>\n\t<meta property=\"og:image:height\" content=\"800\" \/>\n\t<meta property=\"og:image:type\" content=\"image\/jpeg\" \/>\n<meta name=\"twitter:card\" content=\"summary_large_image\" \/>\n<meta name=\"twitter:label1\" content=\"Est. reading time\" \/>\n\t<meta name=\"twitter:data1\" content=\"2 minutes\" \/>\n<script type=\"application\/ld+json\" class=\"yoast-schema-graph\">{\"@context\":\"https:\\\/\\\/schema.org\",\"@graph\":[{\"@type\":\"WebPage\",\"@id\":\"https:\\\/\\\/anarique.net\\\/product\\\/paixao-entre-paredes-vizinhos-rivais-e-inevitaveis\\\/\",\"url\":\"https:\\\/\\\/anarique.net\\\/product\\\/paixao-entre-paredes-vizinhos-rivais-e-inevitaveis\\\/\",\"name\":\"PAIX\u00c3O ENTRE PAREDES: VIZINHOS, RIVAIS E INEVIT\u00c1VEIS - Ana Rique\",\"isPartOf\":{\"@id\":\"https:\\\/\\\/anarique.net\\\/#website\"},\"primaryImageOfPage\":{\"@id\":\"https:\\\/\\\/anarique.net\\\/product\\\/paixao-entre-paredes-vizinhos-rivais-e-inevitaveis\\\/#primaryimage\"},\"image\":{\"@id\":\"https:\\\/\\\/anarique.net\\\/product\\\/paixao-entre-paredes-vizinhos-rivais-e-inevitaveis\\\/#primaryimage\"},\"thumbnailUrl\":\"https:\\\/\\\/anarique.net\\\/wp-content\\\/uploads\\\/2026\\\/02\\\/Inserir-um-pouquinho-de-texto.jpg\",\"datePublished\":\"2026-02-24T18:13:24+00:00\",\"dateModified\":\"2026-04-28T15:04:19+00:00\",\"breadcrumb\":{\"@id\":\"https:\\\/\\\/anarique.net\\\/product\\\/paixao-entre-paredes-vizinhos-rivais-e-inevitaveis\\\/#breadcrumb\"},\"inLanguage\":\"en-US\",\"potentialAction\":[{\"@type\":\"ReadAction\",\"target\":[\"https:\\\/\\\/anarique.net\\\/product\\\/paixao-entre-paredes-vizinhos-rivais-e-inevitaveis\\\/\"]}]},{\"@type\":\"ImageObject\",\"inLanguage\":\"en-US\",\"@id\":\"https:\\\/\\\/anarique.net\\\/product\\\/paixao-entre-paredes-vizinhos-rivais-e-inevitaveis\\\/#primaryimage\",\"url\":\"https:\\\/\\\/anarique.net\\\/wp-content\\\/uploads\\\/2026\\\/02\\\/Inserir-um-pouquinho-de-texto.jpg\",\"contentUrl\":\"https:\\\/\\\/anarique.net\\\/wp-content\\\/uploads\\\/2026\\\/02\\\/Inserir-um-pouquinho-de-texto.jpg\",\"width\":512,\"height\":800},{\"@type\":\"BreadcrumbList\",\"@id\":\"https:\\\/\\\/anarique.net\\\/product\\\/paixao-entre-paredes-vizinhos-rivais-e-inevitaveis\\\/#breadcrumb\",\"itemListElement\":[{\"@type\":\"ListItem\",\"position\":1,\"name\":\"In\u00edcio\",\"item\":\"https:\\\/\\\/anarique.net\\\/\"},{\"@type\":\"ListItem\",\"position\":2,\"name\":\"Nossos Produtos\",\"item\":\"https:\\\/\\\/anarique.net\\\/shop\\\/\"},{\"@type\":\"ListItem\",\"position\":3,\"name\":\"PAIX\u00c3O ENTRE PAREDES: VIZINHOS, RIVAIS E INEVIT\u00c1VEIS\"}]},{\"@type\":\"WebSite\",\"@id\":\"https:\\\/\\\/anarique.net\\\/#website\",\"url\":\"https:\\\/\\\/anarique.net\\\/\",\"name\":\"Ana Rique\",\"description\":\"Psicoterapeuta, Neuropsic\u00f3loga e Fonoaudi\u00f3loga\",\"publisher\":{\"@id\":\"https:\\\/\\\/anarique.net\\\/#organization\"},\"potentialAction\":[{\"@type\":\"SearchAction\",\"target\":{\"@type\":\"EntryPoint\",\"urlTemplate\":\"https:\\\/\\\/anarique.net\\\/?s={search_term_string}\"},\"query-input\":{\"@type\":\"PropertyValueSpecification\",\"valueRequired\":true,\"valueName\":\"search_term_string\"}}],\"inLanguage\":\"en-US\"},{\"@type\":\"Organization\",\"@id\":\"https:\\\/\\\/anarique.net\\\/#organization\",\"name\":\"Ana Rique\",\"url\":\"https:\\\/\\\/anarique.net\\\/\",\"logo\":{\"@type\":\"ImageObject\",\"inLanguage\":\"en-US\",\"@id\":\"https:\\\/\\\/anarique.net\\\/#\\\/schema\\\/logo\\\/image\\\/\",\"url\":\"https:\\\/\\\/anarique.net\\\/wp-content\\\/uploads\\\/2022\\\/12\\\/nova-logo-ana-rique-com-texto-2.png\",\"contentUrl\":\"https:\\\/\\\/anarique.net\\\/wp-content\\\/uploads\\\/2022\\\/12\\\/nova-logo-ana-rique-com-texto-2.png\",\"width\":1085,\"height\":1402,\"caption\":\"Ana Rique\"},\"image\":{\"@id\":\"https:\\\/\\\/anarique.net\\\/#\\\/schema\\\/logo\\\/image\\\/\"},\"sameAs\":[\"https:\\\/\\\/www.facebook.com\\\/ana.rique.1\",\"https:\\\/\\\/www.instagram.com\\\/saberesdocaminhar\\\/\",\"https:\\\/\\\/www.youtube.com\\\/channel\\\/UCkkYqxoNO73Gop54ONtytWA\"]}]}<\/script>\n<!-- \/ Yoast SEO plugin. -->","yoast_head_json":{"title":"PAIX\u00c3O ENTRE PAREDES: VIZINHOS, RIVAIS E INEVIT\u00c1VEIS - Ana Rique","robots":{"index":"index","follow":"follow","max-snippet":"max-snippet:-1","max-image-preview":"max-image-preview:large","max-video-preview":"max-video-preview:-1"},"canonical":"https:\/\/anarique.net\/en\/product\/paixao-entre-paredes-vizinhos-rivais-e-inevitaveis\/","og_locale":"en_US","og_type":"article","og_title":"PAIX\u00c3O ENTRE PAREDES: VIZINHOS, RIVAIS E INEVIT\u00c1VEIS - Ana Rique","og_description":"Um pr\u00e9dio tranquilo. Duas portas lado a lado. Ela, intensa, determinada, cansada do passado. Ele, ir\u00f4nico, frio, imposs\u00edvel de ignorar. Odiavam-se sem motivo \u2014 at\u00e9 o dia em que um toque acidental acendeu tudo. Entre discuss\u00f5es, vizinhan\u00e7a, tens\u00f5es e segredos, nasce um desejo imposs\u00edvel de conter.","og_url":"https:\/\/anarique.net\/en\/product\/paixao-entre-paredes-vizinhos-rivais-e-inevitaveis\/","og_site_name":"Ana Rique","article_publisher":"https:\/\/www.facebook.com\/ana.rique.1","article_modified_time":"2026-04-28T15:04:19+00:00","og_image":[{"width":512,"height":800,"url":"https:\/\/anarique.net\/wp-content\/uploads\/2026\/02\/Inserir-um-pouquinho-de-texto.jpg","type":"image\/jpeg"}],"twitter_card":"summary_large_image","twitter_misc":{"Est. reading time":"2 minutes"},"schema":{"@context":"https:\/\/schema.org","@graph":[{"@type":"WebPage","@id":"https:\/\/anarique.net\/product\/paixao-entre-paredes-vizinhos-rivais-e-inevitaveis\/","url":"https:\/\/anarique.net\/product\/paixao-entre-paredes-vizinhos-rivais-e-inevitaveis\/","name":"PAIX\u00c3O ENTRE PAREDES: VIZINHOS, RIVAIS E INEVIT\u00c1VEIS - Ana Rique","isPartOf":{"@id":"https:\/\/anarique.net\/#website"},"primaryImageOfPage":{"@id":"https:\/\/anarique.net\/product\/paixao-entre-paredes-vizinhos-rivais-e-inevitaveis\/#primaryimage"},"image":{"@id":"https:\/\/anarique.net\/product\/paixao-entre-paredes-vizinhos-rivais-e-inevitaveis\/#primaryimage"},"thumbnailUrl":"https:\/\/anarique.net\/wp-content\/uploads\/2026\/02\/Inserir-um-pouquinho-de-texto.jpg","datePublished":"2026-02-24T18:13:24+00:00","dateModified":"2026-04-28T15:04:19+00:00","breadcrumb":{"@id":"https:\/\/anarique.net\/product\/paixao-entre-paredes-vizinhos-rivais-e-inevitaveis\/#breadcrumb"},"inLanguage":"en-US","potentialAction":[{"@type":"ReadAction","target":["https:\/\/anarique.net\/product\/paixao-entre-paredes-vizinhos-rivais-e-inevitaveis\/"]}]},{"@type":"ImageObject","inLanguage":"en-US","@id":"https:\/\/anarique.net\/product\/paixao-entre-paredes-vizinhos-rivais-e-inevitaveis\/#primaryimage","url":"https:\/\/anarique.net\/wp-content\/uploads\/2026\/02\/Inserir-um-pouquinho-de-texto.jpg","contentUrl":"https:\/\/anarique.net\/wp-content\/uploads\/2026\/02\/Inserir-um-pouquinho-de-texto.jpg","width":512,"height":800},{"@type":"BreadcrumbList","@id":"https:\/\/anarique.net\/product\/paixao-entre-paredes-vizinhos-rivais-e-inevitaveis\/#breadcrumb","itemListElement":[{"@type":"ListItem","position":1,"name":"In\u00edcio","item":"https:\/\/anarique.net\/"},{"@type":"ListItem","position":2,"name":"Nossos Produtos","item":"https:\/\/anarique.net\/shop\/"},{"@type":"ListItem","position":3,"name":"PAIX\u00c3O ENTRE PAREDES: VIZINHOS, RIVAIS E INEVIT\u00c1VEIS"}]},{"@type":"WebSite","@id":"https:\/\/anarique.net\/#website","url":"https:\/\/anarique.net\/","name":"Ana Rique","description":"Psicoterapeuta, Neuropsic\u00f3loga e Fonoaudi\u00f3loga","publisher":{"@id":"https:\/\/anarique.net\/#organization"},"potentialAction":[{"@type":"SearchAction","target":{"@type":"EntryPoint","urlTemplate":"https:\/\/anarique.net\/?s={search_term_string}"},"query-input":{"@type":"PropertyValueSpecification","valueRequired":true,"valueName":"search_term_string"}}],"inLanguage":"en-US"},{"@type":"Organization","@id":"https:\/\/anarique.net\/#organization","name":"Ana Rique","url":"https:\/\/anarique.net\/","logo":{"@type":"ImageObject","inLanguage":"en-US","@id":"https:\/\/anarique.net\/#\/schema\/logo\/image\/","url":"https:\/\/anarique.net\/wp-content\/uploads\/2022\/12\/nova-logo-ana-rique-com-texto-2.png","contentUrl":"https:\/\/anarique.net\/wp-content\/uploads\/2022\/12\/nova-logo-ana-rique-com-texto-2.png","width":1085,"height":1402,"caption":"Ana Rique"},"image":{"@id":"https:\/\/anarique.net\/#\/schema\/logo\/image\/"},"sameAs":["https:\/\/www.facebook.com\/ana.rique.1","https:\/\/www.instagram.com\/saberesdocaminhar\/","https:\/\/www.youtube.com\/channel\/UCkkYqxoNO73Gop54ONtytWA"]}]}},"_links":{"self":[{"href":"https:\/\/anarique.net\/en\/wp-json\/wp\/v2\/product\/5940","targetHints":{"allow":["GET"]}}],"collection":[{"href":"https:\/\/anarique.net\/en\/wp-json\/wp\/v2\/product"}],"about":[{"href":"https:\/\/anarique.net\/en\/wp-json\/wp\/v2\/types\/product"}],"replies":[{"embeddable":true,"href":"https:\/\/anarique.net\/en\/wp-json\/wp\/v2\/comments?post=5940"}],"version-history":[{"count":1,"href":"https:\/\/anarique.net\/en\/wp-json\/wp\/v2\/product\/5940\/revisions"}],"predecessor-version":[{"id":5956,"href":"https:\/\/anarique.net\/en\/wp-json\/wp\/v2\/product\/5940\/revisions\/5956"}],"wp:featuredmedia":[{"embeddable":true,"href":"https:\/\/anarique.net\/en\/wp-json\/wp\/v2\/media\/5955"}],"wp:attachment":[{"href":"https:\/\/anarique.net\/en\/wp-json\/wp\/v2\/media?parent=5940"}],"wp:term":[{"taxonomy":"product_brand","embeddable":true,"href":"https:\/\/anarique.net\/en\/wp-json\/wp\/v2\/product_brand?post=5940"},{"taxonomy":"product_cat","embeddable":true,"href":"https:\/\/anarique.net\/en\/wp-json\/wp\/v2\/product_cat?post=5940"},{"taxonomy":"product_tag","embeddable":true,"href":"https:\/\/anarique.net\/en\/wp-json\/wp\/v2\/product_tag?post=5940"}],"curies":[{"name":"wp","href":"https:\/\/api.w.org\/{rel}","templated":true}]}}