{"id":5941,"date":"2026-02-24T15:13:24","date_gmt":"2026-02-24T18:13:24","guid":{"rendered":"https:\/\/devtestemangue.com.br\/valber\/ana-rique\/?post_type=product&#038;p=5941"},"modified":"2026-03-03T10:09:41","modified_gmt":"2026-03-03T13:09:41","slug":"sexualidade-no-climaterio-reinvencao-e-autoconfianca","status":"publish","type":"product","link":"https:\/\/anarique.net\/en\/product\/sexualidade-no-climaterio-reinvencao-e-autoconfianca\/","title":{"rendered":"SEXUALIDADE NO CLIMAT\u00c9RIO: REINVEN\u00c7\u00c3O E AUTOCONFIAN\u00c7A"},"content":{"rendered":"<p>O climat\u00e9rio ainda \u00e9 cercado por mitos, medos e preconceitos que silenciam, adoecem e retraem a sexualidade feminina. Muitas mulheres acreditam que o desejo diminui de forma natural, que o corpo perde sua capacidade de sentir prazer ou que a vida sexual se torna irrelevante ap\u00f3s esta fase. Nada disso corresponde \u00e0 realidade. A sexualidade no climat\u00e9rio n\u00e3o se encerra \u2014 ela <em>se transforma<\/em>, se aprimora e se reinventa. Neste eBook, Ana Rique \u2014 Psic\u00f3loga, Neuropsic\u00f3loga, Sex\u00f3loga e Terapeuta de Casais \u2014 conduz voc\u00ea por um caminho terap\u00eautico, profundo e libertador para compreender o impacto emocional, hormonal e psicol\u00f3gico dessa nova etapa da vida. Aqui, voc\u00ea encontrar\u00e1 orienta\u00e7\u00f5es pr\u00e1ticas, di\u00e1logos terap\u00eauticos, exerc\u00edcios de consci\u00eancia corporal, estrat\u00e9gias para fortalecer a autoestima e caminhos para reconstruir a intimidade com autenticidade e respeito. Este material foi criado para mulheres, casais e profissionais que desejam compreender o universo feminino no climat\u00e9rio e construir uma sexualidade mais plena, segura, comunicativa e prazerosa. Prepare-se para uma jornada de reencontro com sua pot\u00eancia afetiva e er\u00f3tica.<\/p>","protected":false},"excerpt":{"rendered":"<p>O climat\u00e9rio n\u00e3o marca o fim da sexualidade, mas o in\u00edcio da sua forma mais consciente, madura e potente. Este eBook traz orienta\u00e7\u00f5es emocionais, psicol\u00f3gicas e corporais para mulheres e casais que desejam redescobrir o prazer, a identidade sexual e a autoconex\u00e3o. Um guia profundo, sens\u00edvel e transformador para viver esta fase com liberdade, dignidade e desejo vivo.<\/p>","protected":false},"featured_media":5957,"comment_status":"open","ping_status":"closed","template":"","meta":[],"product_brand":[],"product_cat":[76,148],"product_tag":[103,414,427,428,429,284,430,121,431,97,432,433],"class_list":{"0":"post-5941","1":"product","2":"type-product","3":"status-publish","4":"has-post-thumbnail","6":"product_cat-e-book","7":"product_cat-relacionamento-conjugal","8":"product_tag-amor","9":"product_tag-casal","10":"product_tag-climaterio","11":"product_tag-climax","12":"product_tag-erotico","13":"product_tag-renovacao","14":"product_tag-sensual","15":"product_tag-sexo","16":"product_tag-sexualidade","17":"product_tag-vida","18":"product_tag-vida-a-dois","19":"product_tag-viver","21":"first","22":"instock","23":"downloadable","24":"virtual","25":"purchasable","26":"product-type-simple"},"yoast_head":"<!-- This site is optimized with the Yoast SEO plugin v27.4 - https:\/\/yoast.com\/product\/yoast-seo-wordpress\/ -->\n<title>SEXUALIDADE NO CLIMAT\u00c9RIO: REINVEN\u00c7\u00c3O E AUTOCONFIAN\u00c7A - Ana Rique<\/title>\n<meta name=\"robots\" content=\"index, follow, max-snippet:-1, max-image-preview:large, max-video-preview:-1\" \/>\n<link rel=\"canonical\" href=\"https:\/\/anarique.net\/en\/product\/sexualidade-no-climaterio-reinvencao-e-autoconfianca\/\" \/>\n<meta property=\"og:locale\" content=\"en_US\" \/>\n<meta property=\"og:type\" content=\"article\" \/>\n<meta property=\"og:title\" content=\"SEXUALIDADE NO CLIMAT\u00c9RIO: REINVEN\u00c7\u00c3O E AUTOCONFIAN\u00c7A - Ana Rique\" \/>\n<meta property=\"og:description\" content=\"O climat\u00e9rio n\u00e3o marca o fim da sexualidade, mas o in\u00edcio da sua forma mais consciente, madura e potente. Este eBook traz orienta\u00e7\u00f5es emocionais, psicol\u00f3gicas e corporais para mulheres e casais que desejam redescobrir o prazer, a identidade sexual e a autoconex\u00e3o. Um guia profundo, sens\u00edvel e transformador para viver esta fase com liberdade, dignidade e desejo vivo.\" \/>\n<meta property=\"og:url\" content=\"https:\/\/anarique.net\/en\/product\/sexualidade-no-climaterio-reinvencao-e-autoconfianca\/\" \/>\n<meta property=\"og:site_name\" content=\"Ana Rique\" \/>\n<meta property=\"article:publisher\" content=\"https:\/\/www.facebook.com\/ana.rique.1\" \/>\n<meta property=\"article:modified_time\" content=\"2026-03-03T13:09:41+00:00\" \/>\n<meta property=\"og:image\" content=\"https:\/\/anarique.net\/wp-content\/uploads\/2026\/02\/Design-sem-nome-80.jpg\" \/>\n\t<meta property=\"og:image:width\" content=\"512\" \/>\n\t<meta property=\"og:image:height\" content=\"800\" \/>\n\t<meta property=\"og:image:type\" content=\"image\/jpeg\" \/>\n<meta name=\"twitter:card\" content=\"summary_large_image\" \/>\n<meta name=\"twitter:label1\" content=\"Est. reading time\" \/>\n\t<meta name=\"twitter:data1\" content=\"1 minute\" \/>\n<script type=\"application\/ld+json\" class=\"yoast-schema-graph\">{\"@context\":\"https:\\\/\\\/schema.org\",\"@graph\":[{\"@type\":\"WebPage\",\"@id\":\"https:\\\/\\\/anarique.net\\\/product\\\/sexualidade-no-climaterio-reinvencao-e-autoconfianca\\\/\",\"url\":\"https:\\\/\\\/anarique.net\\\/product\\\/sexualidade-no-climaterio-reinvencao-e-autoconfianca\\\/\",\"name\":\"SEXUALIDADE NO CLIMAT\u00c9RIO: REINVEN\u00c7\u00c3O E AUTOCONFIAN\u00c7A - Ana Rique\",\"isPartOf\":{\"@id\":\"https:\\\/\\\/anarique.net\\\/#website\"},\"primaryImageOfPage\":{\"@id\":\"https:\\\/\\\/anarique.net\\\/product\\\/sexualidade-no-climaterio-reinvencao-e-autoconfianca\\\/#primaryimage\"},\"image\":{\"@id\":\"https:\\\/\\\/anarique.net\\\/product\\\/sexualidade-no-climaterio-reinvencao-e-autoconfianca\\\/#primaryimage\"},\"thumbnailUrl\":\"https:\\\/\\\/anarique.net\\\/wp-content\\\/uploads\\\/2026\\\/02\\\/Design-sem-nome-80.jpg\",\"datePublished\":\"2026-02-24T18:13:24+00:00\",\"dateModified\":\"2026-03-03T13:09:41+00:00\",\"breadcrumb\":{\"@id\":\"https:\\\/\\\/anarique.net\\\/product\\\/sexualidade-no-climaterio-reinvencao-e-autoconfianca\\\/#breadcrumb\"},\"inLanguage\":\"en-US\",\"potentialAction\":[{\"@type\":\"ReadAction\",\"target\":[\"https:\\\/\\\/anarique.net\\\/product\\\/sexualidade-no-climaterio-reinvencao-e-autoconfianca\\\/\"]}]},{\"@type\":\"ImageObject\",\"inLanguage\":\"en-US\",\"@id\":\"https:\\\/\\\/anarique.net\\\/product\\\/sexualidade-no-climaterio-reinvencao-e-autoconfianca\\\/#primaryimage\",\"url\":\"https:\\\/\\\/anarique.net\\\/wp-content\\\/uploads\\\/2026\\\/02\\\/Design-sem-nome-80.jpg\",\"contentUrl\":\"https:\\\/\\\/anarique.net\\\/wp-content\\\/uploads\\\/2026\\\/02\\\/Design-sem-nome-80.jpg\",\"width\":512,\"height\":800},{\"@type\":\"BreadcrumbList\",\"@id\":\"https:\\\/\\\/anarique.net\\\/product\\\/sexualidade-no-climaterio-reinvencao-e-autoconfianca\\\/#breadcrumb\",\"itemListElement\":[{\"@type\":\"ListItem\",\"position\":1,\"name\":\"In\u00edcio\",\"item\":\"https:\\\/\\\/anarique.net\\\/\"},{\"@type\":\"ListItem\",\"position\":2,\"name\":\"Nossos Produtos\",\"item\":\"https:\\\/\\\/anarique.net\\\/shop\\\/\"},{\"@type\":\"ListItem\",\"position\":3,\"name\":\"SEXUALIDADE NO CLIMAT\u00c9RIO: REINVEN\u00c7\u00c3O E AUTOCONFIAN\u00c7A\"}]},{\"@type\":\"WebSite\",\"@id\":\"https:\\\/\\\/anarique.net\\\/#website\",\"url\":\"https:\\\/\\\/anarique.net\\\/\",\"name\":\"Ana Rique\",\"description\":\"Psicoterapeuta, Neuropsic\u00f3loga e Fonoaudi\u00f3loga\",\"publisher\":{\"@id\":\"https:\\\/\\\/anarique.net\\\/#organization\"},\"potentialAction\":[{\"@type\":\"SearchAction\",\"target\":{\"@type\":\"EntryPoint\",\"urlTemplate\":\"https:\\\/\\\/anarique.net\\\/?s={search_term_string}\"},\"query-input\":{\"@type\":\"PropertyValueSpecification\",\"valueRequired\":true,\"valueName\":\"search_term_string\"}}],\"inLanguage\":\"en-US\"},{\"@type\":\"Organization\",\"@id\":\"https:\\\/\\\/anarique.net\\\/#organization\",\"name\":\"Ana Rique\",\"url\":\"https:\\\/\\\/anarique.net\\\/\",\"logo\":{\"@type\":\"ImageObject\",\"inLanguage\":\"en-US\",\"@id\":\"https:\\\/\\\/anarique.net\\\/#\\\/schema\\\/logo\\\/image\\\/\",\"url\":\"https:\\\/\\\/anarique.net\\\/wp-content\\\/uploads\\\/2022\\\/12\\\/nova-logo-ana-rique-com-texto-2.png\",\"contentUrl\":\"https:\\\/\\\/anarique.net\\\/wp-content\\\/uploads\\\/2022\\\/12\\\/nova-logo-ana-rique-com-texto-2.png\",\"width\":1085,\"height\":1402,\"caption\":\"Ana Rique\"},\"image\":{\"@id\":\"https:\\\/\\\/anarique.net\\\/#\\\/schema\\\/logo\\\/image\\\/\"},\"sameAs\":[\"https:\\\/\\\/www.facebook.com\\\/ana.rique.1\",\"https:\\\/\\\/www.instagram.com\\\/saberesdocaminhar\\\/\",\"https:\\\/\\\/www.youtube.com\\\/channel\\\/UCkkYqxoNO73Gop54ONtytWA\"]}]}<\/script>\n<!-- \/ Yoast SEO plugin. -->","yoast_head_json":{"title":"SEXUALIDADE NO CLIMAT\u00c9RIO: REINVEN\u00c7\u00c3O E AUTOCONFIAN\u00c7A - Ana Rique","robots":{"index":"index","follow":"follow","max-snippet":"max-snippet:-1","max-image-preview":"max-image-preview:large","max-video-preview":"max-video-preview:-1"},"canonical":"https:\/\/anarique.net\/en\/product\/sexualidade-no-climaterio-reinvencao-e-autoconfianca\/","og_locale":"en_US","og_type":"article","og_title":"SEXUALIDADE NO CLIMAT\u00c9RIO: REINVEN\u00c7\u00c3O E AUTOCONFIAN\u00c7A - Ana Rique","og_description":"O climat\u00e9rio n\u00e3o marca o fim da sexualidade, mas o in\u00edcio da sua forma mais consciente, madura e potente. Este eBook traz orienta\u00e7\u00f5es emocionais, psicol\u00f3gicas e corporais para mulheres e casais que desejam redescobrir o prazer, a identidade sexual e a autoconex\u00e3o. Um guia profundo, sens\u00edvel e transformador para viver esta fase com liberdade, dignidade e desejo vivo.","og_url":"https:\/\/anarique.net\/en\/product\/sexualidade-no-climaterio-reinvencao-e-autoconfianca\/","og_site_name":"Ana Rique","article_publisher":"https:\/\/www.facebook.com\/ana.rique.1","article_modified_time":"2026-03-03T13:09:41+00:00","og_image":[{"width":512,"height":800,"url":"https:\/\/anarique.net\/wp-content\/uploads\/2026\/02\/Design-sem-nome-80.jpg","type":"image\/jpeg"}],"twitter_card":"summary_large_image","twitter_misc":{"Est. reading time":"1 minute"},"schema":{"@context":"https:\/\/schema.org","@graph":[{"@type":"WebPage","@id":"https:\/\/anarique.net\/product\/sexualidade-no-climaterio-reinvencao-e-autoconfianca\/","url":"https:\/\/anarique.net\/product\/sexualidade-no-climaterio-reinvencao-e-autoconfianca\/","name":"SEXUALIDADE NO CLIMAT\u00c9RIO: REINVEN\u00c7\u00c3O E AUTOCONFIAN\u00c7A - Ana Rique","isPartOf":{"@id":"https:\/\/anarique.net\/#website"},"primaryImageOfPage":{"@id":"https:\/\/anarique.net\/product\/sexualidade-no-climaterio-reinvencao-e-autoconfianca\/#primaryimage"},"image":{"@id":"https:\/\/anarique.net\/product\/sexualidade-no-climaterio-reinvencao-e-autoconfianca\/#primaryimage"},"thumbnailUrl":"https:\/\/anarique.net\/wp-content\/uploads\/2026\/02\/Design-sem-nome-80.jpg","datePublished":"2026-02-24T18:13:24+00:00","dateModified":"2026-03-03T13:09:41+00:00","breadcrumb":{"@id":"https:\/\/anarique.net\/product\/sexualidade-no-climaterio-reinvencao-e-autoconfianca\/#breadcrumb"},"inLanguage":"en-US","potentialAction":[{"@type":"ReadAction","target":["https:\/\/anarique.net\/product\/sexualidade-no-climaterio-reinvencao-e-autoconfianca\/"]}]},{"@type":"ImageObject","inLanguage":"en-US","@id":"https:\/\/anarique.net\/product\/sexualidade-no-climaterio-reinvencao-e-autoconfianca\/#primaryimage","url":"https:\/\/anarique.net\/wp-content\/uploads\/2026\/02\/Design-sem-nome-80.jpg","contentUrl":"https:\/\/anarique.net\/wp-content\/uploads\/2026\/02\/Design-sem-nome-80.jpg","width":512,"height":800},{"@type":"BreadcrumbList","@id":"https:\/\/anarique.net\/product\/sexualidade-no-climaterio-reinvencao-e-autoconfianca\/#breadcrumb","itemListElement":[{"@type":"ListItem","position":1,"name":"In\u00edcio","item":"https:\/\/anarique.net\/"},{"@type":"ListItem","position":2,"name":"Nossos Produtos","item":"https:\/\/anarique.net\/shop\/"},{"@type":"ListItem","position":3,"name":"SEXUALIDADE NO CLIMAT\u00c9RIO: REINVEN\u00c7\u00c3O E AUTOCONFIAN\u00c7A"}]},{"@type":"WebSite","@id":"https:\/\/anarique.net\/#website","url":"https:\/\/anarique.net\/","name":"Ana Rique","description":"Psicoterapeuta, Neuropsic\u00f3loga e Fonoaudi\u00f3loga","publisher":{"@id":"https:\/\/anarique.net\/#organization"},"potentialAction":[{"@type":"SearchAction","target":{"@type":"EntryPoint","urlTemplate":"https:\/\/anarique.net\/?s={search_term_string}"},"query-input":{"@type":"PropertyValueSpecification","valueRequired":true,"valueName":"search_term_string"}}],"inLanguage":"en-US"},{"@type":"Organization","@id":"https:\/\/anarique.net\/#organization","name":"Ana Rique","url":"https:\/\/anarique.net\/","logo":{"@type":"ImageObject","inLanguage":"en-US","@id":"https:\/\/anarique.net\/#\/schema\/logo\/image\/","url":"https:\/\/anarique.net\/wp-content\/uploads\/2022\/12\/nova-logo-ana-rique-com-texto-2.png","contentUrl":"https:\/\/anarique.net\/wp-content\/uploads\/2022\/12\/nova-logo-ana-rique-com-texto-2.png","width":1085,"height":1402,"caption":"Ana Rique"},"image":{"@id":"https:\/\/anarique.net\/#\/schema\/logo\/image\/"},"sameAs":["https:\/\/www.facebook.com\/ana.rique.1","https:\/\/www.instagram.com\/saberesdocaminhar\/","https:\/\/www.youtube.com\/channel\/UCkkYqxoNO73Gop54ONtytWA"]}]}},"_links":{"self":[{"href":"https:\/\/anarique.net\/en\/wp-json\/wp\/v2\/product\/5941","targetHints":{"allow":["GET"]}}],"collection":[{"href":"https:\/\/anarique.net\/en\/wp-json\/wp\/v2\/product"}],"about":[{"href":"https:\/\/anarique.net\/en\/wp-json\/wp\/v2\/types\/product"}],"replies":[{"embeddable":true,"href":"https:\/\/anarique.net\/en\/wp-json\/wp\/v2\/comments?post=5941"}],"version-history":[{"count":1,"href":"https:\/\/anarique.net\/en\/wp-json\/wp\/v2\/product\/5941\/revisions"}],"predecessor-version":[{"id":5958,"href":"https:\/\/anarique.net\/en\/wp-json\/wp\/v2\/product\/5941\/revisions\/5958"}],"wp:featuredmedia":[{"embeddable":true,"href":"https:\/\/anarique.net\/en\/wp-json\/wp\/v2\/media\/5957"}],"wp:attachment":[{"href":"https:\/\/anarique.net\/en\/wp-json\/wp\/v2\/media?parent=5941"}],"wp:term":[{"taxonomy":"product_brand","embeddable":true,"href":"https:\/\/anarique.net\/en\/wp-json\/wp\/v2\/product_brand?post=5941"},{"taxonomy":"product_cat","embeddable":true,"href":"https:\/\/anarique.net\/en\/wp-json\/wp\/v2\/product_cat?post=5941"},{"taxonomy":"product_tag","embeddable":true,"href":"https:\/\/anarique.net\/en\/wp-json\/wp\/v2\/product_tag?post=5941"}],"curies":[{"name":"wp","href":"https:\/\/api.w.org\/{rel}","templated":true}]}}